{"id":8,"date":"2022-06-02T16:30:02","date_gmt":"2022-06-02T14:30:02","guid":{"rendered":"https:\/\/www.lechemindetraverse.com\/?page_id=8"},"modified":"2022-12-22T19:22:38","modified_gmt":"2022-12-22T18:22:38","slug":"panier","status":"publish","type":"page","link":"https:\/\/www.lechemindetraverse.com\/en\/panier\/","title":{"rendered":"Shopping cart"},"content":{"rendered":"","protected":false},"excerpt":{"rendered":"","protected":false},"author":1,"featured_media":0,"parent":0,"menu_order":0,"comment_status":"closed","ping_status":"closed","template":"","meta":{"_seopress_robots_primary_cat":"","_seopress_titles_title":"Panier - Le Chemin de Traverse","_seopress_titles_desc":"Ajoutez vos produits Harry Potter pr\u00e9f\u00e9r\u00e9s \u00e0 votre panier en ligne et finalisez votre commande en toute simplicit\u00e9. Consultez votre panier \u00e0 tout moment et modifiez-le selon vos besoins. Inscrivez-vous d\u00e8s maintenant pour acc\u00e9der \u00e0 notre page &quot;panier&quot; et profiter de tous les avantages de notre boutique de produits d\u00e9riv\u00e9s Harry Potter.","_seopress_robots_index":"","footnotes":""},"class_list":["post-8","page","type-page","status-publish","hentry"],"_links":{"self":[{"href":"https:\/\/www.lechemindetraverse.com\/en\/wp-json\/wp\/v2\/pages\/8","targetHints":{"allow":["GET"]}}],"collection":[{"href":"https:\/\/www.lechemindetraverse.com\/en\/wp-json\/wp\/v2\/pages"}],"about":[{"href":"https:\/\/www.lechemindetraverse.com\/en\/wp-json\/wp\/v2\/types\/page"}],"author":[{"embeddable":true,"href":"https:\/\/www.lechemindetraverse.com\/en\/wp-json\/wp\/v2\/users\/1"}],"replies":[{"embeddable":true,"href":"https:\/\/www.lechemindetraverse.com\/en\/wp-json\/wp\/v2\/comments?post=8"}],"version-history":[{"count":0,"href":"https:\/\/www.lechemindetraverse.com\/en\/wp-json\/wp\/v2\/pages\/8\/revisions"}],"wp:attachment":[{"href":"https:\/\/www.lechemindetraverse.com\/en\/wp-json\/wp\/v2\/media?parent=8"}],"curies":[{"name":"wp","href":"https:\/\/api.w.org\/{rel}","templated":true}]}}