{"id":10006,"date":"2025-12-16T18:55:39","date_gmt":"2025-12-16T17:55:39","guid":{"rendered":"https:\/\/www.lechemindetraverse.com\/?post_type=product&#038;p=10006"},"modified":"2025-12-16T18:55:39","modified_gmt":"2025-12-16T17:55:39","slug":"carnet-rigide-la-famille-black-moriarty-art-project","status":"publish","type":"product","link":"https:\/\/www.lechemindetraverse.com\/en\/product\/papeterie\/carnets-et-journaux\/carnet-rigide-la-famille-black-moriarty-art-project\/","title":{"rendered":"Carnet Rigide la Famille Black &#8211; Moriarty Art Project"},"content":{"rendered":"<p>Carnet de 160 pages \u00e0 la couverture rigide, ferm\u00e9 par un \u00e9lastique, avec signet.<\/p>\n<ul>\n<li>Mati\u00e8re : 100 % papier et carton<\/li>\n<li>Dimensions : 21 x 15 cm<\/li>\n<\/ul>","protected":false},"excerpt":{"rendered":"<p>160 pages lign\u00e9es, couverture rigide, ferm\u00e9 par un \u00e9lastique.<\/p>","protected":false},"featured_media":10008,"comment_status":"closed","ping_status":"closed","template":"","meta":{"_seopress_robots_primary_cat":"","_seopress_titles_title":"","_seopress_titles_desc":"","_seopress_robots_index":""},"product_brand":[84],"product_cat":[176],"product_tag":[71],"class_list":{"0":"post-10006","1":"product","2":"type-product","3":"status-publish","4":"has-post-thumbnail","6":"product_brand-moriarty-art-project","7":"product_cat-carnets-et-journaux","8":"product_tag-sirius-black","10":"first","11":"instock","12":"shipping-taxable","13":"purchasable","14":"product-type-simple"},"_links":{"self":[{"href":"https:\/\/www.lechemindetraverse.com\/en\/wp-json\/wp\/v2\/product\/10006","targetHints":{"allow":["GET"]}}],"collection":[{"href":"https:\/\/www.lechemindetraverse.com\/en\/wp-json\/wp\/v2\/product"}],"about":[{"href":"https:\/\/www.lechemindetraverse.com\/en\/wp-json\/wp\/v2\/types\/product"}],"replies":[{"embeddable":true,"href":"https:\/\/www.lechemindetraverse.com\/en\/wp-json\/wp\/v2\/comments?post=10006"}],"wp:featuredmedia":[{"embeddable":true,"href":"https:\/\/www.lechemindetraverse.com\/en\/wp-json\/wp\/v2\/media\/10008"}],"wp:attachment":[{"href":"https:\/\/www.lechemindetraverse.com\/en\/wp-json\/wp\/v2\/media?parent=10006"}],"wp:term":[{"taxonomy":"product_brand","embeddable":true,"href":"https:\/\/www.lechemindetraverse.com\/en\/wp-json\/wp\/v2\/product_brand?post=10006"},{"taxonomy":"product_cat","embeddable":true,"href":"https:\/\/www.lechemindetraverse.com\/en\/wp-json\/wp\/v2\/product_cat?post=10006"},{"taxonomy":"product_tag","embeddable":true,"href":"https:\/\/www.lechemindetraverse.com\/en\/wp-json\/wp\/v2\/product_tag?post=10006"}],"curies":[{"name":"wp","href":"https:\/\/api.w.org\/{rel}","templated":true}]}}