{"id":10230,"date":"2026-03-01T10:56:11","date_gmt":"2026-03-01T09:56:11","guid":{"rendered":"https:\/\/www.lechemindetraverse.com\/?post_type=product&#038;p=10230"},"modified":"2026-03-24T09:17:57","modified_gmt":"2026-03-24T08:17:57","slug":"tote-bag-de-sorciere-green-witch-something-different","status":"publish","type":"product","link":"https:\/\/www.lechemindetraverse.com\/en\/product\/mrs-guipure\/leather-goods-bags\/tote-bag-de-sorciere-green-witch-something-different\/","title":{"rendered":"Tote Bag de Sorci\u00e8re \u00ab\u00a0Green Witch\u00a0\u00bb &#8211; Something Different"},"content":{"rendered":"<p>Que vous transportiez des herbes fra\u00eechement cueillies, des grimoires ou des objets magiques, ce sac fourre-tout est un accessoire \u00e9l\u00e9gant et pratique pour toute sorci\u00e8re \u00e9colo. Il arbore un motif botanique sur le devant et est fabriqu\u00e9 dans un m\u00e9lange polycoton r\u00e9sistant pour un usage quotidien.<\/p><p>Un cadeau pratique et magique pour les sorci\u00e8res et sorciers botaniques, toujours en d\u00e9placement.<\/p><ul class=\"wp-block-list\"><li>Mati\u00e8re : 67 % polyester, 25 % coton, 6 % viscose, 6 % polyamide.<\/li>\n\n<li>Lavage \u00e0 la main uniquement.<\/li>\n\n<li>Les accessoires pr\u00e9sent\u00e9s sont vendus s\u00e9par\u00e9ment.<\/li><\/ul><p>Con\u00e7u par Something Different et faisant partie de la collection Green Witch de cadeaux mystiques et d&rsquo;articles de d\u00e9coration int\u00e9rieure.<\/p>","protected":false},"excerpt":{"rendered":"<p>Ce sac fourre-tout est un accessoire \u00e9l\u00e9gant et pratique pour toute sorci\u00e8re \u00e9colo. Dimensions : 70 cm (anses incluses) X 34 cm X 0,5 cm<\/p>","protected":false},"featured_media":10231,"comment_status":"closed","ping_status":"closed","template":"","meta":{"_seopress_robots_primary_cat":"none","_seopress_titles_title":"%%post_title%% %%sep%% %%sitetitle%%","_seopress_titles_desc":"Dimensions : 70 cm (anses incluses) X 34 cm X 0,5 cm","_seopress_robots_index":""},"product_brand":[126],"product_cat":[112],"product_tag":[],"class_list":{"0":"post-10230","1":"product","2":"type-product","3":"status-publish","4":"has-post-thumbnail","6":"product_brand-something-different","7":"product_cat-sacs-maroquinerie","9":"first","10":"instock","11":"shipping-taxable","12":"purchasable","13":"product-type-simple"},"_links":{"self":[{"href":"https:\/\/www.lechemindetraverse.com\/en\/wp-json\/wp\/v2\/product\/10230","targetHints":{"allow":["GET"]}}],"collection":[{"href":"https:\/\/www.lechemindetraverse.com\/en\/wp-json\/wp\/v2\/product"}],"about":[{"href":"https:\/\/www.lechemindetraverse.com\/en\/wp-json\/wp\/v2\/types\/product"}],"replies":[{"embeddable":true,"href":"https:\/\/www.lechemindetraverse.com\/en\/wp-json\/wp\/v2\/comments?post=10230"}],"wp:featuredmedia":[{"embeddable":true,"href":"https:\/\/www.lechemindetraverse.com\/en\/wp-json\/wp\/v2\/media\/10231"}],"wp:attachment":[{"href":"https:\/\/www.lechemindetraverse.com\/en\/wp-json\/wp\/v2\/media?parent=10230"}],"wp:term":[{"taxonomy":"product_brand","embeddable":true,"href":"https:\/\/www.lechemindetraverse.com\/en\/wp-json\/wp\/v2\/product_brand?post=10230"},{"taxonomy":"product_cat","embeddable":true,"href":"https:\/\/www.lechemindetraverse.com\/en\/wp-json\/wp\/v2\/product_cat?post=10230"},{"taxonomy":"product_tag","embeddable":true,"href":"https:\/\/www.lechemindetraverse.com\/en\/wp-json\/wp\/v2\/product_tag?post=10230"}],"curies":[{"name":"wp","href":"https:\/\/api.w.org\/{rel}","templated":true}]}}