{"id":10236,"date":"2026-03-01T11:03:50","date_gmt":"2026-03-01T10:03:50","guid":{"rendered":"https:\/\/www.lechemindetraverse.com\/?post_type=product&#038;p=10236"},"modified":"2026-03-01T11:11:06","modified_gmt":"2026-03-01T10:11:06","slug":"carnet-de-notes-a5-green-witch-something-different","status":"publish","type":"product","link":"https:\/\/www.lechemindetraverse.com\/en\/product\/papeterie\/carnets-et-journaux\/carnet-de-notes-a5-green-witch-something-different\/","title":{"rendered":"Carnet de notes A5 &#8211; Green Witch &#8211; Something Different"},"content":{"rendered":"<p>Id\u00e9al pour tenir un journal, pratiquer la magie ou \u00e9tudier, ce carnet A5 arbore un superbe motif Green Witch et comprend 100 feuilles \/ 200 pages lign\u00e9es, une fermeture \u00e9lastique et un signet assorti. Un indispensable pour les sorci\u00e8res qui aiment organiser leurs pens\u00e9es, leurs notes ou leurs travaux magiques de mani\u00e8re \u00e9l\u00e9gante.<\/p><p>Ce carnet mesure 21 x 14,5 x 1,5 cm, poss\u00e8de 200 pages lign\u00e9es, des bords de pages dor\u00e9s et un lien marque-page (signet). Les accessoires pr\u00e9sent\u00e9s en photo compl\u00e9mentaire ne sont pas inclus.<\/p>","protected":false},"excerpt":{"rendered":"<p>Journal lign\u00e9 de 200 pages.<\/p>\n<p>Couverture pr\u00e9sentant un d\u00e9cor de botanique, potions et ingr\u00e9dients pour sorci\u00e8re verte.<\/p>","protected":false},"featured_media":10237,"comment_status":"open","ping_status":"closed","template":"","meta":{"_seopress_robots_primary_cat":"none","_seopress_titles_title":"%%post_title%% %%sep%% %%sitetitle%%","_seopress_titles_desc":"Journal lign\u00e9 de 200 pages. La couverture de ce carnet pr\u00e9sente un d\u00e9cor de botanique, potions et ingr\u00e9dients pour sorci\u00e8re verte.","_seopress_robots_index":""},"product_brand":[126],"product_cat":[176],"product_tag":[],"class_list":{"0":"post-10236","1":"product","2":"type-product","3":"status-publish","4":"has-post-thumbnail","6":"product_brand-something-different","7":"product_cat-carnets-et-journaux","9":"first","10":"instock","11":"shipping-taxable","12":"purchasable","13":"product-type-simple"},"_links":{"self":[{"href":"https:\/\/www.lechemindetraverse.com\/en\/wp-json\/wp\/v2\/product\/10236","targetHints":{"allow":["GET"]}}],"collection":[{"href":"https:\/\/www.lechemindetraverse.com\/en\/wp-json\/wp\/v2\/product"}],"about":[{"href":"https:\/\/www.lechemindetraverse.com\/en\/wp-json\/wp\/v2\/types\/product"}],"replies":[{"embeddable":true,"href":"https:\/\/www.lechemindetraverse.com\/en\/wp-json\/wp\/v2\/comments?post=10236"}],"wp:featuredmedia":[{"embeddable":true,"href":"https:\/\/www.lechemindetraverse.com\/en\/wp-json\/wp\/v2\/media\/10237"}],"wp:attachment":[{"href":"https:\/\/www.lechemindetraverse.com\/en\/wp-json\/wp\/v2\/media?parent=10236"}],"wp:term":[{"taxonomy":"product_brand","embeddable":true,"href":"https:\/\/www.lechemindetraverse.com\/en\/wp-json\/wp\/v2\/product_brand?post=10236"},{"taxonomy":"product_cat","embeddable":true,"href":"https:\/\/www.lechemindetraverse.com\/en\/wp-json\/wp\/v2\/product_cat?post=10236"},{"taxonomy":"product_tag","embeddable":true,"href":"https:\/\/www.lechemindetraverse.com\/en\/wp-json\/wp\/v2\/product_tag?post=10236"}],"curies":[{"name":"wp","href":"https:\/\/api.w.org\/{rel}","templated":true}]}}