{"id":10243,"date":"2026-03-01T11:12:26","date_gmt":"2026-03-01T10:12:26","guid":{"rendered":"https:\/\/www.lechemindetraverse.com\/?post_type=product&#038;p=10243"},"modified":"2026-03-13T09:38:00","modified_gmt":"2026-03-13T08:38:00","slug":"porte-cles-flacon-de-potion-green-witch-something-different","status":"publish","type":"product","link":"https:\/\/www.lechemindetraverse.com\/en\/product\/mrs-guipure\/porte-cles\/porte-cles-flacon-de-potion-green-witch-something-different\/","title":{"rendered":"Porte-Cl\u00e9s Flacon de Potion Green Witch &#8211; Something Different"},"content":{"rendered":"<p>Ajoutez une touche de magie quotidienne \u00e0 vos cl\u00e9s ou \u00e0 votre sac gr\u00e2ce \u00e0 ce porte-cl\u00e9s en forme de flacon de potion, en \u00e9mail vert brillant et m\u00e9tal dor\u00e9. Le flacon semble renfermer diff\u00e9rentes plantes et ingr\u00e9dients de botanique , c&rsquo;est un accessoire amusant et fonctionnel pour les sorci\u00e8res et sorciers en d\u00e9placement.<\/p><ul class=\"wp-block-list\"><li>Poids : 15 g<\/li>\n\n<li>Dimensions : 8.5 x 4 x 0.5 cm<\/li>\n\n<li>Nous proposons \u00e9galement un collier assorti.<\/li>\n\n<li>Les autres accessoires pr\u00e9sent\u00e9s sont vendus s\u00e9par\u00e9ment.<\/li><\/ul><p>Fait partie de la collection \u00ab Green Witch \u00bb d\u00e9velopp\u00e9e par Something Different, autres produits disponibles.<\/p>","protected":false},"excerpt":{"rendered":"<p>Porte-cl\u00e9s flacon de potion en m\u00e9tal dor\u00e9.<\/p>\n<p>Parfait pour ne plus perdre vos cl\u00e9s de balais volant, ou celle de la serre de botanique !<\/p>\n<p>Fera un petit cadeau mignon et utile !<\/p>","protected":false},"featured_media":10244,"comment_status":"open","ping_status":"closed","template":"","meta":{"_seopress_robots_primary_cat":"none","_seopress_titles_title":"%%post_title%% %%sep%% %%sitetitle%%","_seopress_titles_desc":"Porte-cl\u00e9s flacon de potion en m\u00e9tal dor\u00e9, parfait pour ne plus perdre vos cl\u00e9s de balais volant, ou celle de la serre de botanique !","_seopress_robots_index":""},"product_brand":[126],"product_cat":[162],"product_tag":[59],"class_list":{"0":"post-10243","1":"product","2":"type-product","3":"status-publish","4":"has-post-thumbnail","6":"product_brand-something-different","7":"product_cat-porte-cles","8":"product_tag-potions","10":"first","11":"instock","12":"shipping-taxable","13":"purchasable","14":"product-type-simple"},"_links":{"self":[{"href":"https:\/\/www.lechemindetraverse.com\/en\/wp-json\/wp\/v2\/product\/10243","targetHints":{"allow":["GET"]}}],"collection":[{"href":"https:\/\/www.lechemindetraverse.com\/en\/wp-json\/wp\/v2\/product"}],"about":[{"href":"https:\/\/www.lechemindetraverse.com\/en\/wp-json\/wp\/v2\/types\/product"}],"replies":[{"embeddable":true,"href":"https:\/\/www.lechemindetraverse.com\/en\/wp-json\/wp\/v2\/comments?post=10243"}],"wp:featuredmedia":[{"embeddable":true,"href":"https:\/\/www.lechemindetraverse.com\/en\/wp-json\/wp\/v2\/media\/10244"}],"wp:attachment":[{"href":"https:\/\/www.lechemindetraverse.com\/en\/wp-json\/wp\/v2\/media?parent=10243"}],"wp:term":[{"taxonomy":"product_brand","embeddable":true,"href":"https:\/\/www.lechemindetraverse.com\/en\/wp-json\/wp\/v2\/product_brand?post=10243"},{"taxonomy":"product_cat","embeddable":true,"href":"https:\/\/www.lechemindetraverse.com\/en\/wp-json\/wp\/v2\/product_cat?post=10243"},{"taxonomy":"product_tag","embeddable":true,"href":"https:\/\/www.lechemindetraverse.com\/en\/wp-json\/wp\/v2\/product_tag?post=10243"}],"curies":[{"name":"wp","href":"https:\/\/api.w.org\/{rel}","templated":true}]}}