{"id":10248,"date":"2026-03-01T11:21:04","date_gmt":"2026-03-01T10:21:04","guid":{"rendered":"https:\/\/www.lechemindetraverse.com\/?post_type=product&#038;p=10248"},"modified":"2026-03-13T09:38:00","modified_gmt":"2026-03-13T08:38:00","slug":"boite-de-rangement-en-forme-de-livre-green-witch-something-different","status":"publish","type":"product","link":"https:\/\/www.lechemindetraverse.com\/en\/product\/apothecary\/apothecary-tool-accessories\/boite-de-rangement-en-forme-de-livre-green-witch-something-different\/","title":{"rendered":"Bo\u00eete de Rangement en Forme de Livre &#8211; Green Witch &#8211; Something Different"},"content":{"rendered":"<p>Gardez vos tr\u00e9sors \u00e0 l&rsquo;abri gr\u00e2ce \u00e0 cette bo\u00eete de rangement envelopp\u00e9e de tissu et d\u00e9guis\u00e9e en Livre de Sortil\u00e8ges pour Sorci\u00e8re Verte. Con\u00e7u comme un grimoire mystique, il s&rsquo;ouvre pour r\u00e9v\u00e9ler un compartiment spacieux tout en s&rsquo;int\u00e9grant parfaitement dans une biblioth\u00e8que ou sur un autel.<\/p><p>Compl\u00e9tez votre cabinet de curiosit\u00e9s avec cette boite \u00e0 tr\u00e9sor, que l&rsquo;on pourrait trouver dans la biblioth\u00e8que du Professeur Chourave !<\/p><ul class=\"wp-block-list\"><li>Mati\u00e8re : MDF.<\/li>\n\n<li>Dimensions : H : 21 cm x L : 15,5 cm x P : 5 cm<\/li>\n\n<li>Les autres accessoires pr\u00e9sent\u00e9s sont vendus s\u00e9par\u00e9ment.<\/li><\/ul>","protected":false},"excerpt":{"rendered":"<p>Compl\u00e9tez votre cabinet de curiosit\u00e9s avec cette boite \u00e0 tr\u00e9sor en forme de grimoire, que l&rsquo;on pourrait trouver dans la biblioth\u00e8que du Professeur Chourave !<\/p>","protected":false},"featured_media":10249,"comment_status":"open","ping_status":"closed","template":"","meta":{"_seopress_robots_primary_cat":"none","_seopress_titles_title":"%%post_title%% %%sep%% %%sitetitle%%","_seopress_titles_desc":"Compl\u00e9tez votre cabinet de curiosit\u00e9s avec cette boite \u00e0 tr\u00e9sor en forme de livre, que l'on pourrait trouver dans la biblioth\u00e8que du Professeur Chourave !","_seopress_robots_index":""},"product_brand":[126],"product_cat":[169],"product_tag":[],"class_list":{"0":"post-10248","1":"product","2":"type-product","3":"status-publish","4":"has-post-thumbnail","6":"product_brand-something-different","7":"product_cat-accessoires-outils-apothicaire","9":"first","10":"instock","11":"shipping-taxable","12":"purchasable","13":"product-type-simple"},"_links":{"self":[{"href":"https:\/\/www.lechemindetraverse.com\/en\/wp-json\/wp\/v2\/product\/10248","targetHints":{"allow":["GET"]}}],"collection":[{"href":"https:\/\/www.lechemindetraverse.com\/en\/wp-json\/wp\/v2\/product"}],"about":[{"href":"https:\/\/www.lechemindetraverse.com\/en\/wp-json\/wp\/v2\/types\/product"}],"replies":[{"embeddable":true,"href":"https:\/\/www.lechemindetraverse.com\/en\/wp-json\/wp\/v2\/comments?post=10248"}],"wp:featuredmedia":[{"embeddable":true,"href":"https:\/\/www.lechemindetraverse.com\/en\/wp-json\/wp\/v2\/media\/10249"}],"wp:attachment":[{"href":"https:\/\/www.lechemindetraverse.com\/en\/wp-json\/wp\/v2\/media?parent=10248"}],"wp:term":[{"taxonomy":"product_brand","embeddable":true,"href":"https:\/\/www.lechemindetraverse.com\/en\/wp-json\/wp\/v2\/product_brand?post=10248"},{"taxonomy":"product_cat","embeddable":true,"href":"https:\/\/www.lechemindetraverse.com\/en\/wp-json\/wp\/v2\/product_cat?post=10248"},{"taxonomy":"product_tag","embeddable":true,"href":"https:\/\/www.lechemindetraverse.com\/en\/wp-json\/wp\/v2\/product_tag?post=10248"}],"curies":[{"name":"wp","href":"https:\/\/api.w.org\/{rel}","templated":true}]}}