{"id":10324,"date":"2026-03-12T22:47:39","date_gmt":"2026-03-12T21:47:39","guid":{"rendered":"https:\/\/www.lechemindetraverse.com\/?post_type=product&#038;p=10324"},"modified":"2026-03-31T22:31:40","modified_gmt":"2026-03-31T20:31:40","slug":"ensemble-stylo-dabbler-et-encre-10-ml-poufsouffle-ferris-wheel-press","status":"publish","type":"product","link":"https:\/\/www.lechemindetraverse.com\/en\/product\/papeterie\/crayons-et-stylos\/ensemble-stylo-dabbler-et-encre-10-ml-poufsouffle-ferris-wheel-press\/","title":{"rendered":"Ensemble Stylo Dabbler et encre 10 ml &#8211; Poufsouffle &#8211; Ferris Wheel Press"},"content":{"rendered":"<p>Con\u00e7u pour tous, des Moldus d\u00e9butants aux sorciers passionn\u00e9s de papeterie. Lancez vos sorts et \u00e9crivez vos propres contes fantastiques avec l&rsquo;incroyable coffret de stylos Harry Potter Dabbler, un coffret amusant et facile \u00e0 remplir, con\u00e7u pour chaque maison de Poudlard.<\/p><h3 class=\"wp-block-heading\">Contenu du Coffret<\/h3><p>Chaque coffret comprend :<\/p><ul class=\"wp-block-list\"><li>Un stylo Dabbler avec une pointe fine de 0,8 mm pour l&rsquo;\u00e9criture quotidienne, le coloriage et la cr\u00e9ativit\u00e9. Il donne l&rsquo;effet d&rsquo;un stylo feutre.<\/li>\n\n<li>10 ml d&rsquo;encre originale de la Maison Poufsouffle dans une couleur assortie (\u00e9galement disponible en grand flacon de 38ml).<\/li><\/ul><p>Cr\u00e9ez vos sorts avec toutes les nuances de votre imagination \u00e0 l&rsquo;aide de ce stylo r\u00e9utilisable et explorez toutes les encres de vos r\u00eaves. Les m\u00e8ches d&rsquo;encre peuvent \u00eatre rinc\u00e9es et s\u00e9ch\u00e9es soigneusement pour plusieurs utilisations avec une encre de couleur identique ou plus fonc\u00e9e. Des m\u00e8ches d&rsquo;encre de rechange seront bient\u00f4t disponibles !<\/p><p>Remarque : les stylos Dabbler utilisent un syst\u00e8me \u00e0 m\u00e8che pour d\u00e9livrer l&rsquo;encre ; les reflets seront naturellement plus subtils (la m\u00e8che retient certaines particules, mais certains reflets sont encore visibles). Les stylos plume traditionnels mettront mieux en valeur les reflets !<\/p><p>D\u00e9couvrez d\u00e8s aujourd&rsquo;hui toute la collection Harry Potter\u2122. Sous licence officielle Warner Bros Discovery. Pi\u00e8ces fabriqu\u00e9es au Royaume-Uni et au Japon, puis assembl\u00e9es au Canada.<\/p><h3 class=\"wp-block-heading\">Instructions de remplissage\/entretien :<\/h3><ul class=\"wp-block-list\"><li>\u00c0 utiliser avec des encres pour stylos \u00e0 plume \u00e0 base de colorants.<\/li>\n\n<li>Retirez le bouchon d&rsquo;extr\u00e9mit\u00e9 et ins\u00e9rez l&rsquo;extr\u00e9mit\u00e9 de la m\u00e8che dans le flacon d&rsquo;encre de votre choix.<\/li>\n\n<li>Laissez l&rsquo;encre s&rsquo;impr\u00e9gner jusqu&rsquo;\u00e0 80 % de sa capacit\u00e9, retirez la m\u00e8che et essuyez l&rsquo;exc\u00e9dent.<\/li>\n\n<li>Placez la m\u00e8che dans le corps du stylo et fixez fermement le stylo avec le bouchon d&rsquo;extr\u00e9mit\u00e9.<\/li>\n\n<li>Les encres \u00e0 base de pigments, acryliques et excessivement brillantes peuvent obstruer votre stylo.<\/li>\n\n<li>Peut \u00eatre rinc\u00e9 et s\u00e9ch\u00e9 soigneusement pour plusieurs utilisations avec une encre de couleur identique ou plus fonc\u00e9e.<\/li><\/ul>","protected":false},"excerpt":{"rendered":"<p>Kit d&rsquo;\u00e9criture Poufsouffle comprenant :<\/p>\n<ul>\n<li>un stylo \u00ab\u00a0Dabbler\u00a0\u00bb rechargeable<\/li>\n<li>un flacon d&rsquo;encre Poufsouffle de 10 ml<\/li>\n<\/ul>\n<p>Le tout dans un magnifique coffret cadeau.<\/p>","protected":false},"featured_media":10327,"comment_status":"closed","ping_status":"closed","template":"","meta":{"_seopress_robots_primary_cat":"none","_seopress_titles_title":"%%post_title%% %%sep%% %%sitetitle%%","_seopress_titles_desc":"Kit d'\u00e9criture Poufsouffle comprenant un stylo \"Dabbler\" rechargeable et un flacon d'encre Poufsouffle de 10 ml. Le tout dans un magnifique coffret cadeau.","_seopress_robots_index":""},"product_brand":[215],"product_cat":[190],"product_tag":[52],"class_list":{"0":"post-10324","1":"product","2":"type-product","3":"status-publish","4":"has-post-thumbnail","6":"product_brand-ferris-wheel-press","7":"product_cat-crayons-et-stylos","8":"product_tag-poufsouffle","10":"first","11":"instock","12":"shipping-taxable","13":"purchasable","14":"product-type-simple"},"_links":{"self":[{"href":"https:\/\/www.lechemindetraverse.com\/en\/wp-json\/wp\/v2\/product\/10324","targetHints":{"allow":["GET"]}}],"collection":[{"href":"https:\/\/www.lechemindetraverse.com\/en\/wp-json\/wp\/v2\/product"}],"about":[{"href":"https:\/\/www.lechemindetraverse.com\/en\/wp-json\/wp\/v2\/types\/product"}],"replies":[{"embeddable":true,"href":"https:\/\/www.lechemindetraverse.com\/en\/wp-json\/wp\/v2\/comments?post=10324"}],"wp:featuredmedia":[{"embeddable":true,"href":"https:\/\/www.lechemindetraverse.com\/en\/wp-json\/wp\/v2\/media\/10327"}],"wp:attachment":[{"href":"https:\/\/www.lechemindetraverse.com\/en\/wp-json\/wp\/v2\/media?parent=10324"}],"wp:term":[{"taxonomy":"product_brand","embeddable":true,"href":"https:\/\/www.lechemindetraverse.com\/en\/wp-json\/wp\/v2\/product_brand?post=10324"},{"taxonomy":"product_cat","embeddable":true,"href":"https:\/\/www.lechemindetraverse.com\/en\/wp-json\/wp\/v2\/product_cat?post=10324"},{"taxonomy":"product_tag","embeddable":true,"href":"https:\/\/www.lechemindetraverse.com\/en\/wp-json\/wp\/v2\/product_tag?post=10324"}],"curies":[{"name":"wp","href":"https:\/\/api.w.org\/{rel}","templated":true}]}}