{"id":10389,"date":"2026-03-12T23:43:00","date_gmt":"2026-03-12T22:43:00","guid":{"rendered":"https:\/\/www.lechemindetraverse.com\/?post_type=product&#038;p=10389"},"modified":"2026-03-22T22:00:55","modified_gmt":"2026-03-22T21:00:55","slug":"encre-de-calligraphie-shadows-of-mordor-le-seigneur-des-anneaux-ferris-wheel-press","status":"publish","type":"product","link":"https:\/\/www.lechemindetraverse.com\/en\/product\/papeterie\/encres-de-calligraphie\/encre-de-calligraphie-shadows-of-mordor-le-seigneur-des-anneaux-ferris-wheel-press\/","title":{"rendered":"Encre de Calligraphie Shadows of Mordor &#8211; Le Seigneur des Anneaux &#8211; Ferris Wheel Press"},"content":{"rendered":"<p>Le Retour du Roi\u2122. Sous un ciel rougeoyant, le Mont Destin\u2122 est envelopp\u00e9 d&rsquo;un voile cramoisi tandis que les arm\u00e9es se rassemblent dans l&rsquo;ombre. Les Hobbits\u2122 surcharg\u00e9s font preuve de courage, avec cet or scintillant comme un espoir renaissant.<\/p><p>Teinte de l&rsquo;encre : Encre rouge vin inqui\u00e9tante, parsem\u00e9e de pr\u00e9cieux \u00e9clats dor\u00e9s.<\/p><p>Deux tailles au choix : 10 ou 28 ml.<\/p><p>Produit sous licence Warner Bros. Discovery \u2013 Une collection d&rsquo;encres pour stylos plume de fabrication raffin\u00e9e, inspir\u00e9e des paysages riches et des batailles \u00e9piques de la Terre du Milieu. Du vert luxuriant Verdant Voyage, qui \u00e9voque les collines ondulantes de la Comt\u00e9, au solennel Dawning Silver, qui capture le ciel orageux au-dessus du Gouffre de Helm\u2122, en passant par le fougueux Shadows of Mordor\u2122, qui refl\u00e8te les profondeurs en fusion du Mont Destin\u2122, ces encres chatoyantes sont con\u00e7ues pour donner vie \u00e0 votre \u00e9criture avec profondeur et \u00e9clat. D\u00e9couvrez et collectionnez les trois !<\/p>","protected":false},"excerpt":{"rendered":"<p>Shadows of Mordor&#8230;<\/p>\n<p>Teinte de l&rsquo;encre : Encre rouge vin inqui\u00e9tante, parsem\u00e9e de pr\u00e9cieux \u00e9clats dor\u00e9s.<\/p>\n<p>Deux tailles au choix : 10 ou 28 ml.<\/p>","protected":false},"featured_media":10401,"comment_status":"closed","ping_status":"closed","template":"","meta":{"_seopress_robots_primary_cat":"none","_seopress_titles_title":"%%post_title%% %%sep%% %%sitetitle%%","_seopress_titles_desc":"Shadows of Mordor...\r\n\r\nTeinte de l'encre : Encre rouge vin inqui\u00e9tante, parsem\u00e9e de pr\u00e9cieux \u00e9clats dor\u00e9s.\r\n\r\nDeux tailles au choix : 10 ou 28 ml.","_seopress_robots_index":""},"product_brand":[215],"product_cat":[177],"product_tag":[216],"class_list":{"0":"post-10389","1":"product","2":"type-product","3":"status-publish","4":"has-post-thumbnail","6":"product_brand-ferris-wheel-press","7":"product_cat-encres-de-calligraphie","8":"product_tag-le-seigneur-des-anneaux","10":"first","11":"instock","12":"shipping-taxable","13":"purchasable","14":"product-type-variable"},"_links":{"self":[{"href":"https:\/\/www.lechemindetraverse.com\/en\/wp-json\/wp\/v2\/product\/10389","targetHints":{"allow":["GET"]}}],"collection":[{"href":"https:\/\/www.lechemindetraverse.com\/en\/wp-json\/wp\/v2\/product"}],"about":[{"href":"https:\/\/www.lechemindetraverse.com\/en\/wp-json\/wp\/v2\/types\/product"}],"replies":[{"embeddable":true,"href":"https:\/\/www.lechemindetraverse.com\/en\/wp-json\/wp\/v2\/comments?post=10389"}],"wp:featuredmedia":[{"embeddable":true,"href":"https:\/\/www.lechemindetraverse.com\/en\/wp-json\/wp\/v2\/media\/10401"}],"wp:attachment":[{"href":"https:\/\/www.lechemindetraverse.com\/en\/wp-json\/wp\/v2\/media?parent=10389"}],"wp:term":[{"taxonomy":"product_brand","embeddable":true,"href":"https:\/\/www.lechemindetraverse.com\/en\/wp-json\/wp\/v2\/product_brand?post=10389"},{"taxonomy":"product_cat","embeddable":true,"href":"https:\/\/www.lechemindetraverse.com\/en\/wp-json\/wp\/v2\/product_cat?post=10389"},{"taxonomy":"product_tag","embeddable":true,"href":"https:\/\/www.lechemindetraverse.com\/en\/wp-json\/wp\/v2\/product_tag?post=10389"}],"curies":[{"name":"wp","href":"https:\/\/api.w.org\/{rel}","templated":true}]}}