{"id":10438,"date":"2026-03-17T19:34:05","date_gmt":"2026-03-17T18:34:05","guid":{"rendered":"https:\/\/www.lechemindetraverse.com\/?post_type=product&#038;p=10438"},"modified":"2026-03-17T20:50:59","modified_gmt":"2026-03-17T19:50:59","slug":"encre-de-calligraphie-harry-potter-la-pierre-philosophale-ferris-wheel-press","status":"publish","type":"product","link":"https:\/\/www.lechemindetraverse.com\/en\/product\/papeterie\/encres-de-calligraphie\/encre-de-calligraphie-harry-potter-la-pierre-philosophale-ferris-wheel-press\/","title":{"rendered":"Encre de Calligraphie Harry Potter &#8211; La Pierre Philosophale &#8211; Ferris Wheel Press"},"content":{"rendered":"<h3 class=\"wp-block-heading\">La Pierre Philosophale<\/h3><p>Teinte de l&rsquo;encre : une encre rouge-orange \u00e9clatante, rehauss\u00e9e de reflets or rose. \u00c0 l&rsquo;image de la pierre l\u00e9gendaire elle-m\u00eame, cette couleur scintille de la chaleur de la transfiguration. Une teinte puissante, con\u00e7ue pour ceux qui recherchent l&rsquo;\u00e9ternit\u00e9.<\/p><p>\u00c9dition limit\u00e9e &#8211; D\u00e9couvrez d\u00e8s aujourd&rsquo;hui l&rsquo;int\u00e9gralit\u00e9 de la collection Harry Potter par Ferris Wheel Press. Sous licence officielle de Warner Bros Discovery.<\/p><h3 class=\"wp-block-heading\">Caract\u00e9ristiques et sp\u00e9cifications<\/h3><ul class=\"wp-block-list\"><li>Embl\u00e8mes de la tradition : Chaque flacon est orn\u00e9 d&rsquo;une couronne en m\u00e9tal sculpt\u00e9e sur mesure, minutieusement moul\u00e9e pour rendre hommage \u00e0 chaque maison et \u00e0 chaque relique.<\/li>\n\n<li>Brillez avec intention : Formul\u00e9 avec des colorants et des paillettes de la plus haute qualit\u00e9 pour une \u00e9criture qui capte \u00e0 la fois la lumi\u00e8re et l&rsquo;imagination.<\/li>\n\n<li>Un tr\u00e9sor digne d&rsquo;un bureau : Flacon en verre embl\u00e9matique \u00e0 col large pour un remplissage facile et une pr\u00e9sentation \u00e9l\u00e9gante.<\/li>\n\n<li>Con\u00e7u pour tous les lanceurs de sorts : Compatible avec tous les stylos plume, plumes \u00e0 tremper et pinceaux \u2014 con\u00e7u pour l&rsquo;\u00e9criture, le dessin et l&rsquo;enchantement.<\/li><\/ul><p>Collectionnez les 4 coffrets et encres en \u00e9dition sp\u00e9ciale !<\/p>","protected":false},"excerpt":{"rendered":"<p>Une pierre rouge sang au pouvoir extraordinaire de transformer n&rsquo;importe quel m\u00e9tal en or et de cr\u00e9er l&rsquo;\u00e9lixir de vie\u2026 du moins, c&rsquo;est ce qu&rsquo;on raconte.<\/p>\n<p>Encre pour stylo plume de haute qualit\u00e9 \u00e0 base d&rsquo;eau, \u00e9labor\u00e9e par Ferris Wheel Press. Compatible avec tous les pinceaux, stylos plume et plumes \u00e0 tremper.<\/p>","protected":false},"featured_media":10440,"comment_status":"closed","ping_status":"closed","template":"","meta":{"_seopress_robots_primary_cat":"none","_seopress_titles_title":"%%post_title%% %%sep%% %%sitetitle%%","_seopress_titles_desc":"Encre \"Pierre Philosophale\" pour stylo plume de haute qualit\u00e9 \u00e0 base d'eau, \u00e9labor\u00e9e par Ferris Wheel Press, compatible avec tous les pinceaux, stylos plume et plumes \u00e0 tremper.","_seopress_robots_index":""},"product_brand":[215],"product_cat":[177],"product_tag":[],"class_list":{"0":"post-10438","1":"product","2":"type-product","3":"status-publish","4":"has-post-thumbnail","6":"product_brand-ferris-wheel-press","7":"product_cat-encres-de-calligraphie","9":"first","10":"instock","11":"shipping-taxable","12":"purchasable","13":"product-type-simple"},"_links":{"self":[{"href":"https:\/\/www.lechemindetraverse.com\/en\/wp-json\/wp\/v2\/product\/10438","targetHints":{"allow":["GET"]}}],"collection":[{"href":"https:\/\/www.lechemindetraverse.com\/en\/wp-json\/wp\/v2\/product"}],"about":[{"href":"https:\/\/www.lechemindetraverse.com\/en\/wp-json\/wp\/v2\/types\/product"}],"replies":[{"embeddable":true,"href":"https:\/\/www.lechemindetraverse.com\/en\/wp-json\/wp\/v2\/comments?post=10438"}],"wp:featuredmedia":[{"embeddable":true,"href":"https:\/\/www.lechemindetraverse.com\/en\/wp-json\/wp\/v2\/media\/10440"}],"wp:attachment":[{"href":"https:\/\/www.lechemindetraverse.com\/en\/wp-json\/wp\/v2\/media?parent=10438"}],"wp:term":[{"taxonomy":"product_brand","embeddable":true,"href":"https:\/\/www.lechemindetraverse.com\/en\/wp-json\/wp\/v2\/product_brand?post=10438"},{"taxonomy":"product_cat","embeddable":true,"href":"https:\/\/www.lechemindetraverse.com\/en\/wp-json\/wp\/v2\/product_cat?post=10438"},{"taxonomy":"product_tag","embeddable":true,"href":"https:\/\/www.lechemindetraverse.com\/en\/wp-json\/wp\/v2\/product_tag?post=10438"}],"curies":[{"name":"wp","href":"https:\/\/api.w.org\/{rel}","templated":true}]}}