{"id":10452,"date":"2026-03-17T19:41:58","date_gmt":"2026-03-17T18:41:58","guid":{"rendered":"https:\/\/www.lechemindetraverse.com\/?post_type=product&#038;p=10452"},"modified":"2026-03-17T19:48:31","modified_gmt":"2026-03-17T18:48:31","slug":"encre-de-calligraphie-harry-potter-miroir-du-rised-ferris-wheel-press","status":"publish","type":"product","link":"https:\/\/www.lechemindetraverse.com\/en\/product\/papeterie\/encres-de-calligraphie\/encre-de-calligraphie-harry-potter-miroir-du-rised-ferris-wheel-press\/","title":{"rendered":"Encre de Calligraphie Harry Potter &#8211; Miroir du Ris\u00e9d &#8211; Ferris Wheel Press"},"content":{"rendered":"<h3 class=\"wp-block-heading\">La Miroir du Ris\u00e9d<\/h3><p>Teinte de l&rsquo;encre : un gris frais et \u00e9th\u00e9r\u00e9, empreint du myst\u00e8re serein des reflets bleut\u00e9s. C&rsquo;est une teinte qui invite \u00e0 la r\u00eaverie, au d\u00e9sir et \u00e0 l&rsquo;imagination \u00e0 chaque page, refl\u00e9tant non pas ce qui est, mais ce qui pourrait \u00eatre.<\/p><p>\u00c9dition limit\u00e9e &#8211; D\u00e9couvrez d\u00e8s aujourd&rsquo;hui l&rsquo;int\u00e9gralit\u00e9 de la collection Harry Potter par Ferris Wheel Press. Sous licence officielle de Warner Bros Discovery.<\/p><h3 class=\"wp-block-heading\">Caract\u00e9ristiques et sp\u00e9cifications<\/h3><ul class=\"wp-block-list\"><li>Embl\u00e8mes de la tradition : Chaque flacon est orn\u00e9 d&rsquo;une couronne en m\u00e9tal sculpt\u00e9e sur mesure, minutieusement moul\u00e9e pour rendre hommage \u00e0 chaque maison et \u00e0 chaque relique.<\/li>\n\n<li>Brillez avec intention : Formul\u00e9 avec des colorants et des paillettes de la plus haute qualit\u00e9 pour une \u00e9criture qui capte \u00e0 la fois la lumi\u00e8re et l&rsquo;imagination.<\/li>\n\n<li>Un tr\u00e9sor digne d&rsquo;un bureau : Flacon en verre embl\u00e9matique \u00e0 col large pour un remplissage facile et une pr\u00e9sentation \u00e9l\u00e9gante.<\/li>\n\n<li>Con\u00e7u pour tous les lanceurs de sorts : Compatible avec tous les stylos plume, plumes \u00e0 tremper et pinceaux \u2014 con\u00e7u pour l&rsquo;\u00e9criture, le dessin et l&rsquo;enchantement.<\/li>\n\n<li>38 ml en flacon verre, bouchon en m\u00e9tal.<\/li><\/ul><p>Collectionnez les 4 coffrets et encres en \u00e9dition sp\u00e9ciale !<\/p>","protected":false},"excerpt":{"rendered":"<p>La surface \u00e9tincelante du Miroir du Ris\u00e9d te r\u00e9v\u00e9lera le d\u00e9sir le plus profond de ton c\u0153ur, refl\u00e9tant non pas la r\u00e9alit\u00e9, mais uniquement tes aspirations.<\/p>\n<p>Encre pour stylo plume de haute qualit\u00e9 \u00e0 base d&rsquo;eau, \u00e9labor\u00e9e par Ferris Wheel Press. Compatible avec tous les pinceaux, stylos plume et plumes \u00e0 tremper.<\/p>","protected":false},"featured_media":10457,"comment_status":"closed","ping_status":"closed","template":"","meta":{"_seopress_robots_primary_cat":"none","_seopress_titles_title":"%%post_title%% %%sep%% %%sitetitle%%","_seopress_titles_desc":"Encre \"Miroir du Ris\u00e9d\" pour stylo plume de haute qualit\u00e9 \u00e0 base d'eau, \u00e9labor\u00e9e par Ferris Wheel Press, compatible avec tous les pinceaux, stylos plume et plumes \u00e0 tremper.","_seopress_robots_index":""},"product_brand":[215],"product_cat":[177],"product_tag":[],"class_list":{"0":"post-10452","1":"product","2":"type-product","3":"status-publish","4":"has-post-thumbnail","6":"product_brand-ferris-wheel-press","7":"product_cat-encres-de-calligraphie","9":"first","10":"instock","11":"shipping-taxable","12":"purchasable","13":"product-type-simple"},"_links":{"self":[{"href":"https:\/\/www.lechemindetraverse.com\/en\/wp-json\/wp\/v2\/product\/10452","targetHints":{"allow":["GET"]}}],"collection":[{"href":"https:\/\/www.lechemindetraverse.com\/en\/wp-json\/wp\/v2\/product"}],"about":[{"href":"https:\/\/www.lechemindetraverse.com\/en\/wp-json\/wp\/v2\/types\/product"}],"replies":[{"embeddable":true,"href":"https:\/\/www.lechemindetraverse.com\/en\/wp-json\/wp\/v2\/comments?post=10452"}],"wp:featuredmedia":[{"embeddable":true,"href":"https:\/\/www.lechemindetraverse.com\/en\/wp-json\/wp\/v2\/media\/10457"}],"wp:attachment":[{"href":"https:\/\/www.lechemindetraverse.com\/en\/wp-json\/wp\/v2\/media?parent=10452"}],"wp:term":[{"taxonomy":"product_brand","embeddable":true,"href":"https:\/\/www.lechemindetraverse.com\/en\/wp-json\/wp\/v2\/product_brand?post=10452"},{"taxonomy":"product_cat","embeddable":true,"href":"https:\/\/www.lechemindetraverse.com\/en\/wp-json\/wp\/v2\/product_cat?post=10452"},{"taxonomy":"product_tag","embeddable":true,"href":"https:\/\/www.lechemindetraverse.com\/en\/wp-json\/wp\/v2\/product_tag?post=10452"}],"curies":[{"name":"wp","href":"https:\/\/api.w.org\/{rel}","templated":true}]}}