{"id":10495,"date":"2026-03-17T20:40:16","date_gmt":"2026-03-17T19:40:16","guid":{"rendered":"https:\/\/www.lechemindetraverse.com\/?post_type=product&#038;p=10495"},"modified":"2026-03-17T20:46:12","modified_gmt":"2026-03-17T19:46:12","slug":"encre-de-calligraphie-harry-potter-serdaigle-ferris-wheel-press","status":"publish","type":"product","link":"https:\/\/www.lechemindetraverse.com\/en\/product\/papeterie\/encres-de-calligraphie\/encre-de-calligraphie-harry-potter-serdaigle-ferris-wheel-press\/","title":{"rendered":"Encre de Calligraphie Harry Potter &#8211; Serdaigle &#8211; Ferris Wheel Press"},"content":{"rendered":"<h3 class=\"wp-block-heading\">Maisons de Poudlard &#8211; Serdaigle<\/h3><p>Mettez en valeur votre sagesse et votre cr\u00e9ativit\u00e9 avec cette encre bleu royal inspir\u00e9e de la maison Serdaigle. Con\u00e7ue pour les sorci\u00e8res et sorciers brillants avides de savoir, partagez votre esprit avec le monde entier \u00e0 l&rsquo;aide de votre plume et de votre encre.<\/p><p>Inspir\u00e9es des maisons embl\u00e9matiques de Poudlard\u2122, chaque couleur est m\u00e9ticuleusement \u00e9labor\u00e9e pour capturer l&rsquo;esprit des Maisons Gryffondor\u2122, Serpentard\u2122, Serdaigle\u2122 et Poufsouffle\u2122. Du rouge vif de Gryffondor au saphir sage de Serdaigle, ce ne sont pas de simples encres : ce sont des expressions en bouteille qui r\u00e9veillent l&rsquo;esprit cr\u00e9atif et le sentiment d&rsquo;\u00e9merveillement que nous avons ressentis pour la premi\u00e8re fois en voyant la magie op\u00e9rer.<\/p><p>Dot\u00e9es d\u2019un bouchon en m\u00e9tal sculpt\u00e9 \u00e0 l\u2019effigie de la mascotte de chaque maison, ces encres de 38 ml sont aussi pr\u00e9cieuses \u00e0 collectionner qu\u2019\u00e0 utiliser. Que vous revisitez de vieux souvenirs ou que vous entamiez un nouveau chapitre, voici votre invitation \u00e0 \u00e9crire avec \u00e9merveillement, c\u0153ur et distinction.<\/p><p>Teinte de l&rsquo;encre : Bleu Serdaigle avec un scintillement argent\u00e9.<\/p><h3 class=\"wp-block-heading\">Caract\u00e9ristiques et sp\u00e9cifications<\/h3><ul class=\"wp-block-list\"><li>Embl\u00e8mes de la tradition : Chaque flacon est orn\u00e9 d&rsquo;une couronne en m\u00e9tal sculpt\u00e9e sur mesure, minutieusement moul\u00e9e pour rendre hommage \u00e0 chaque maison et \u00e0 chaque relique.<\/li>\n\n<li>Brillez avec intention : Formul\u00e9 avec des colorants et des paillettes de la plus haute qualit\u00e9 pour une \u00e9criture qui capte \u00e0 la fois la lumi\u00e8re et l&rsquo;imagination.<\/li>\n\n<li>Un tr\u00e9sor digne d&rsquo;un bureau : Flacon en verre embl\u00e9matique \u00e0 col large pour un remplissage facile et une pr\u00e9sentation \u00e9l\u00e9gante.<\/li>\n\n<li>Con\u00e7u pour tous les lanceurs de sorts : Compatible avec tous les stylos plume, plumes \u00e0 tremper et pinceaux \u2014 con\u00e7u pour l&rsquo;\u00e9criture, le dessin et l&rsquo;enchantement.<\/li>\n\n<li>38 ml en flacon verre, bouchon en m\u00e9tal.<\/li><\/ul><p>D\u00e9couvrez d\u00e8s aujourd&rsquo;hui l&rsquo;int\u00e9gralit\u00e9 de la collection Harry Potter par Ferris Wheel Press. Sous licence officielle de Warner Bros Discovery.<\/p>","protected":false},"excerpt":{"rendered":"<p>Mettez en valeur votre sagesse et votre cr\u00e9ativit\u00e9 avec cette encre bleu royal inspir\u00e9e de la maison Serdaigle. Con\u00e7ue pour les sorci\u00e8res et sorciers brillants avides de savoir, partagez votre esprit avec le monde entier \u00e0 l&rsquo;aide de votre plume et de votre encre.<\/p>\n<p>Encre pour stylo plume de haute qualit\u00e9 \u00e0 base d&rsquo;eau, \u00e9labor\u00e9e par Ferris Wheel Press. Compatible avec tous les pinceaux, stylos plume et plumes \u00e0 tremper.<\/p>","protected":false},"featured_media":10496,"comment_status":"closed","ping_status":"closed","template":"","meta":{"_seopress_robots_primary_cat":"none","_seopress_titles_title":"%%post_title%% %%sep%% %%sitetitle%%","_seopress_titles_desc":"Encre bleue \"Serdaigle\" \u00e0 paillettes pour stylo plume de haute qualit\u00e9 \u00e0 base d'eau, \u00e9labor\u00e9e par Ferris Wheel Press, compatible avec tous les pinceaux, stylos plume et plumes \u00e0 tremper.","_seopress_robots_index":""},"product_brand":[215],"product_cat":[177],"product_tag":[51],"class_list":{"0":"post-10495","1":"product","2":"type-product","3":"status-publish","4":"has-post-thumbnail","6":"product_brand-ferris-wheel-press","7":"product_cat-encres-de-calligraphie","8":"product_tag-serdaigle","10":"first","11":"instock","12":"shipping-taxable","13":"purchasable","14":"product-type-simple"},"_links":{"self":[{"href":"https:\/\/www.lechemindetraverse.com\/en\/wp-json\/wp\/v2\/product\/10495","targetHints":{"allow":["GET"]}}],"collection":[{"href":"https:\/\/www.lechemindetraverse.com\/en\/wp-json\/wp\/v2\/product"}],"about":[{"href":"https:\/\/www.lechemindetraverse.com\/en\/wp-json\/wp\/v2\/types\/product"}],"replies":[{"embeddable":true,"href":"https:\/\/www.lechemindetraverse.com\/en\/wp-json\/wp\/v2\/comments?post=10495"}],"wp:featuredmedia":[{"embeddable":true,"href":"https:\/\/www.lechemindetraverse.com\/en\/wp-json\/wp\/v2\/media\/10496"}],"wp:attachment":[{"href":"https:\/\/www.lechemindetraverse.com\/en\/wp-json\/wp\/v2\/media?parent=10495"}],"wp:term":[{"taxonomy":"product_brand","embeddable":true,"href":"https:\/\/www.lechemindetraverse.com\/en\/wp-json\/wp\/v2\/product_brand?post=10495"},{"taxonomy":"product_cat","embeddable":true,"href":"https:\/\/www.lechemindetraverse.com\/en\/wp-json\/wp\/v2\/product_cat?post=10495"},{"taxonomy":"product_tag","embeddable":true,"href":"https:\/\/www.lechemindetraverse.com\/en\/wp-json\/wp\/v2\/product_tag?post=10495"}],"curies":[{"name":"wp","href":"https:\/\/api.w.org\/{rel}","templated":true}]}}