{"id":10555,"date":"2026-03-17T21:13:19","date_gmt":"2026-03-17T20:13:19","guid":{"rendered":"https:\/\/www.lechemindetraverse.com\/?post_type=product&#038;p=10555"},"modified":"2026-03-17T21:35:43","modified_gmt":"2026-03-17T20:35:43","slug":"ensemble-stylo-plume-carousel-et-encre-10-ml-serdaigle-ferris-wheel-press","status":"publish","type":"product","link":"https:\/\/www.lechemindetraverse.com\/en\/product\/papeterie\/crayons-et-stylos\/ensemble-stylo-plume-carousel-et-encre-10-ml-serdaigle-ferris-wheel-press\/","title":{"rendered":"Ensemble Stylo Plume \u00ab\u00a0Carousel\u00a0\u00bb\u00a0et encre 10 ml &#8211; Serdaigle &#8211; Ferris Wheel Press"},"content":{"rendered":"<p>Le stylo de tous les jours tant appr\u00e9ci\u00e9, d\u00e9sormais impr\u00e9gn\u00e9 de l&rsquo;esprit des Maisons de Poudlard. Cette \u00e9dition sp\u00e9ciale du stylo plume Carousel donne vie \u00e0 la magie de Harry Potter\u2122 \u00e0 travers quatre couleurs vives repr\u00e9sentant les maisons, chacune \u00e9tant une d\u00e9claration d&rsquo;honneur.<\/p><p>Dot\u00e9 d&rsquo;une plume en acier n\u00b0 5 plaqu\u00e9e or de haute qualit\u00e9 arborant les armoiries de Poudlard\u2122 en plaqu\u00e9 or brillant, ce stylo est \u00e0 la fois accessible et raffin\u00e9 : il est parfait pour tenir un journal, dessiner et \u00e9crire \u00e0 ses proches.<\/p><p>Avec son trait moyen de 0,55 mm qui offre une \u00e9criture fluide et son syst\u00e8me de convertisseur rechargeable \u00e0 l&rsquo;infini, il est con\u00e7u pour accompagner chaque \u00e9crivain, du d\u00e9butant curieux au scribe chevronn\u00e9.<\/p><p>Que vous commenciez votre aventure ou que vous enrichissiez votre collection, cette \u00e9dition enchant\u00e9e est pr\u00eate \u00e0 transposer votre cr\u00e9ativit\u00e9 sur le papier.<\/p><h3 class=\"wp-block-heading\">Contenu du Coffret Serdaigle<\/h3><p>Un stylo pour chaque sorci\u00e8re et chaque sorcier, con\u00e7u pour les sorciers et les scribes de tous niveaux.<\/p><ul class=\"wp-block-list\"><li>Les couleurs envo\u00fbtantes des maisons<br>Quatre couleurs \u00e9clatantes inspir\u00e9es des nobles maisons de Poudlard.<\/li><\/ul><ul class=\"wp-block-list\"><li>L&rsquo;h\u00e9ritage de Poudlard<br>Plume en acier n\u00b0 5 plaqu\u00e9e or de haute qualit\u00e9 pour une \u00e9criture fluide et un d\u00e9bit d&rsquo;encre optimal (\u00e9paisseur de trait de 0,55 mm).<\/li><\/ul><ul class=\"wp-block-list\"><li>Syst\u00e8me de convertisseur facile \u00e0 remplir<br>Convertisseur d&rsquo;encre rechargeable \u00e0 l&rsquo;infini pour explorer toutes les encres \u00e0 votre guise.<\/li><\/ul><ul class=\"wp-block-list\"><li>Accompagn\u00e9 d&rsquo;une encre originale de la Maison Serdaigle<br>Chaque coffret comprend un flacon original de 10 ml d&rsquo;encre de la maison Serdaigle, teinte bleue avec reflets argent\u00e9s. Cette encre est \u00e9galement disponible en flacon collector de 38ml.<\/li><\/ul><p>D\u00e9couvrez d\u00e8s aujourd&rsquo;hui toute la collection Harry Potter\u2122. Sous licence officielle Warner Bros Discovery. Pi\u00e8ces fabriqu\u00e9es au Royaume-Uni et au Japon, puis assembl\u00e9es au Canada.<\/p><h3 class=\"wp-block-heading\">Instructions de remplissage\/entretien :<\/h3><p>Remplissage\/Changement de couleur d&rsquo;encre :<\/p><ul class=\"wp-block-list\"><li>D\u00e9vissez le corps du stylo de la partie poign\u00e9e et retirez le convertisseur.<\/li>\n\n<li>Plongez enti\u00e8rement la plume du stylo plume dans de l&rsquo;eau ti\u00e8de. Rincez la plume en tournant le convertisseur dans un sens puis dans l&rsquo;autre jusqu&rsquo;\u00e0 ce que l&rsquo;eau qui s&rsquo;\u00e9coule soit claire.<\/li>\n\n<li>Laissez s\u00e9cher compl\u00e8tement.<\/li>\n\n<li>Remplissez en plongeant compl\u00e8tement le convertisseur dans l&rsquo;encre, puis tournez le convertisseur pour aspirer l&rsquo;encre jusqu&rsquo;\u00e0 ce qu&rsquo;il atteigne la position haute.<\/li>\n\n<li>Remontez la partie de pr\u00e9hension et le corps, puis laissez l&rsquo;encre s&rsquo;\u00e9couler dans la plume avant utilisation.<\/li><\/ul><p>Remarques :<\/p><p>Pour les encres tr\u00e8s satur\u00e9es et les teintes fonc\u00e9es, ou en cas de plume bouch\u00e9e, il peut \u00eatre n\u00e9cessaire de laisser tremper la plume et la partie de pr\u00e9hension dans l&rsquo;eau pendant toute une nuit.<\/p>","protected":false},"excerpt":{"rendered":"<p>Kit d&rsquo;\u00e9criture Serdaigle comprenant :<\/p>\n<ul>\n<li>un stylo plume \u00ab\u00a0Carousel\u00a0\u00bb rechargeable<\/li>\n<li>un flacon d&rsquo;encre Serdaigle de 10 ml<\/li>\n<\/ul>\n<p>Le tout dans un magnifique coffret cadeau.<\/p>","protected":false},"featured_media":10562,"comment_status":"closed","ping_status":"closed","template":"","meta":{"_seopress_robots_primary_cat":"none","_seopress_titles_title":"%%post_title%% %%sep%% %%sitetitle%%","_seopress_titles_desc":"Kit d'\u00e9criture Serdaigle comprenant un stylo plume \"Carousel\" rechargeable et un flacon d'encre Serdaigle de 10 ml. Le tout dans un magnifique coffret cadeau.","_seopress_robots_index":""},"product_brand":[215],"product_cat":[190],"product_tag":[51],"class_list":{"0":"post-10555","1":"product","2":"type-product","3":"status-publish","4":"has-post-thumbnail","6":"product_brand-ferris-wheel-press","7":"product_cat-crayons-et-stylos","8":"product_tag-serdaigle","10":"first","11":"instock","12":"shipping-taxable","13":"purchasable","14":"product-type-simple"},"_links":{"self":[{"href":"https:\/\/www.lechemindetraverse.com\/en\/wp-json\/wp\/v2\/product\/10555","targetHints":{"allow":["GET"]}}],"collection":[{"href":"https:\/\/www.lechemindetraverse.com\/en\/wp-json\/wp\/v2\/product"}],"about":[{"href":"https:\/\/www.lechemindetraverse.com\/en\/wp-json\/wp\/v2\/types\/product"}],"replies":[{"embeddable":true,"href":"https:\/\/www.lechemindetraverse.com\/en\/wp-json\/wp\/v2\/comments?post=10555"}],"wp:featuredmedia":[{"embeddable":true,"href":"https:\/\/www.lechemindetraverse.com\/en\/wp-json\/wp\/v2\/media\/10562"}],"wp:attachment":[{"href":"https:\/\/www.lechemindetraverse.com\/en\/wp-json\/wp\/v2\/media?parent=10555"}],"wp:term":[{"taxonomy":"product_brand","embeddable":true,"href":"https:\/\/www.lechemindetraverse.com\/en\/wp-json\/wp\/v2\/product_brand?post=10555"},{"taxonomy":"product_cat","embeddable":true,"href":"https:\/\/www.lechemindetraverse.com\/en\/wp-json\/wp\/v2\/product_cat?post=10555"},{"taxonomy":"product_tag","embeddable":true,"href":"https:\/\/www.lechemindetraverse.com\/en\/wp-json\/wp\/v2\/product_tag?post=10555"}],"curies":[{"name":"wp","href":"https:\/\/api.w.org\/{rel}","templated":true}]}}