{"id":10636,"date":"2026-03-31T18:35:00","date_gmt":"2026-03-31T16:35:00","guid":{"rendered":"https:\/\/www.lechemindetraverse.com\/?post_type=product&#038;p=10636"},"modified":"2026-03-31T20:50:59","modified_gmt":"2026-03-31T18:50:59","slug":"set-decriture-le-seigneur-des-anneaux-ringbearer-ferris-wheel-press","status":"publish","type":"product","link":"https:\/\/www.lechemindetraverse.com\/en\/product\/papeterie\/encres-de-calligraphie\/set-decriture-le-seigneur-des-anneaux-ringbearer-ferris-wheel-press\/","title":{"rendered":"Set d&rsquo;\u00e9criture Le Seigneur des Anneaux &#8211; Ringbearer &#8211; Ferris Wheel Press"},"content":{"rendered":"<p>C\u00e9l\u00e9brez \u00ab La Communaut\u00e9 de l&rsquo;Anneau\u2122 \u00bb avec ce set d&rsquo;\u00e9criture hors du commun.<\/p><h2 class=\"wp-block-heading\">Stylo plume \u00ab\u00a0Bijou\u00a0\u00bb &#8211; Edition sp\u00e9ciale RINGBEARER<\/h2><p>Corps en Snowfall Lacquer\u2122 vert mousse \u00e9voquant les clairi\u00e8res verdoyantes de la Comt\u00e9, grav\u00e9 de symboles et de r\u00e9f\u00e9rences \u00e0 Frodon\u2122. Il arbore : la broche qu\u2019il porte, cadeau des Elfes de la Lethlie ; la gravure de son \u00e9p\u00e9e, Dard ; ainsi que son fardeau personnel, l\u2019Anneau Unique, repr\u00e9sent\u00e9 sur sa cha\u00eene.<\/p><h2 class=\"wp-block-heading\">COMPREND<\/h2><p>DEUX plumes plaqu\u00e9es or : une plume standard de 0,55 mm PLUS une plume de calligraphie Tengwar.<br>Encre Verdant Voyage 28 ml \u2013 une encre vert mousse, baign\u00e9e de soleil, avec de fins reflets dor\u00e9s.<br>Caract\u00e9ristiques et sp\u00e9cifications :<\/p><ul class=\"wp-block-list\"><li>Poids : 25,4 grammes<\/li>\n\n<li>Longueur totale : 143,7 mm<\/li>\n\n<li>Largeur totale : 12 mm<\/li>\n\n<li>Longueur du capuchon : 56,3 mm<\/li>\n\n<li>Longueur du corps : 91,3 mm<\/li>\n\n<li>Longueur de la zone de pr\u00e9hension : 21 mm<\/li><\/ul><p>Conception \u00e0 corps interchangeable avec deux plumes n\u00b0 5 en acier plaqu\u00e9 or :<\/p><ul class=\"wp-block-list\"><li>1 plume standard, trait de 0,55 mm<\/li>\n\n<li>1 plume de calligraphie fine Tengwar, trait de 0,7 mm<\/li>\n\n<li>Convertisseur de taille internationale standard inclus.<\/li>\n\n<li>Superbe finition laqu\u00e9e \u00ab Snowfall \u00bb d&rsquo;une profondeur envo\u00fbtante<\/li>\n\n<li>Corps en laiton aux d\u00e9tails raffin\u00e9s avec double finition plaqu\u00e9e or<\/li>\n\n<li>Plume et r\u00e9servoir amovibles<\/li><\/ul><h2 class=\"wp-block-heading\">Encre \u00ab\u00a0Verdant Voyage\u00a0\u00bb<\/h2><p>Parcourez des clairi\u00e8res ensoleill\u00e9es et des bois couverts de mousse : \u00ab Verdant Voyage \u00bb vous invite \u00e0 \u00e9crire avec un c\u0153ur aussi courageux que celui de ceux qui ont os\u00e9 s&rsquo;aventurer au-del\u00e0 du confort de la Comt\u00e9.\u2122<\/p><p>Teinte de l&rsquo;encre : vert-jaune baign\u00e9 de soleil, parsem\u00e9 de reflets dor\u00e9s.<\/p><p>Flacon de 28 ml. Ce flacon est \u00e9galement vendu \u00e0 l&rsquo;unit\u00e9 sur notre site.<\/p><h2 class=\"wp-block-heading\">Collection de stylos plume et d&rsquo;encre \u00ab Le Seigneur des Anneaux \u00bb<\/h2><p>Produit sous licence officielle Warner Bros Discovery. D\u00e9couvrez cet hommage enchanteur au voyage l\u00e9gendaire qui a inspir\u00e9 des g\u00e9n\u00e9rations. Cette collection d&rsquo;instruments d&rsquo;\u00e9criture raffin\u00e9s vous invite \u00e0 vous lancer dans votre propre qu\u00eate cr\u00e9ative, o\u00f9 chaque mot est un pas en avant sur le chemin de la d\u00e9couverte.<\/p><p>Chaque coffret comprend un stylo plume Bijou en \u00e9dition sp\u00e9ciale Le Seigneur des Anneaux et une encre de 28 ml assortie, m\u00e9ticuleusement con\u00e7us pour capturer l&rsquo;essence de la Terre du Milieu. Collectionnez les trois coffrets inoubliables.<\/p><p>Chaque coffret comprend une plume en acier inoxydable plaqu\u00e9e or (taille medium) pour une \u00e9criture fluide et sans effort, AINSI qu&rsquo;une plume de calligraphie Tengwar (pointe relev\u00e9e) pour ma\u00eetriser votre \u00e9criture elfique.<\/p><h2 class=\"wp-block-heading\">Conseils d&rsquo;entretien<\/h2><ol class=\"wp-block-list\"><li>NE PAS mettre le capuchon sur le stylo lorsque vous \u00e9crivez. Ce stylo a \u00e9t\u00e9 con\u00e7u et \u00e9quilibr\u00e9 pour \u00e9crire sans le capuchon plant\u00e9 de l&rsquo;autre c\u00f4t\u00e9.<\/li>\n\n<li>Le filetage du capuchon est en laiton et risque d&rsquo;endommager la laque si vous le plantez de l&rsquo;autre c\u00f4t\u00e9.<\/li>\n\n<li>Rangez le stylo \u00e0 la verticale, la pointe vers le haut, lorsque vous ne l&rsquo;utilisez pas afin de r\u00e9duire au minimum les risques d&rsquo;encrassement ; un rin\u00e7age et un entretien r\u00e9guliers sont recommand\u00e9s, en particulier avec les encres paillet\u00e9es.<\/li><\/ol><h2 class=\"wp-block-heading\">Remplissage de votre stylo plume Bijou<\/h2><ol class=\"wp-block-list\"><li>D\u00e9vissez la bague de pr\u00e9hension du corps du stylo pour faire appara\u00eetre le convertisseur<\/li>\n\n<li>Retirez le convertisseur de la bague de pr\u00e9hension<\/li>\n\n<li>Nettoyez la plume et le convertisseur en les rin\u00e7ant \u00e0 l&rsquo;eau froide jusqu&rsquo;\u00e0 ce que l&rsquo;eau qui s&rsquo;\u00e9coule soit claire<\/li>\n\n<li>Si le stylo n&rsquo;a pas \u00e9t\u00e9 utilis\u00e9 depuis plusieurs semaines, il peut \u00eatre n\u00e9cessaire de plonger la plume dans l&rsquo;eau pendant une heure pour fluidifier l&rsquo;encre<\/li>\n\n<li>Laissez s\u00e9cher \u00e0 l&rsquo;air libre la plume et le convertisseur, puis remontez-les une fois qu&rsquo;ils sont compl\u00e8tement secs<\/li>\n\n<li>Tournez le bouton d&rsquo;extr\u00e9mit\u00e9 jusqu&rsquo;\u00e0 ce que le piston soit compl\u00e8tement enfonc\u00e9<\/li>\n\n<li>Plongez la plume enti\u00e8rement dans l&rsquo;encre, puis tournez LENTEMENT le piston pour aspirer l&rsquo;encre jusqu&rsquo;\u00e0 ce que le convertisseur soit compl\u00e8tement d\u00e9ploy\u00e9<\/li>\n\n<li>Il est normal qu&rsquo;il y ait de petites poches d&rsquo;air en haut du convertisseur<\/li><\/ol>","protected":false},"excerpt":{"rendered":"<p>Ce set comprend :<\/p>\n<ul>\n<li>un stylo plume \u00ab\u00a0Bijou\u00a0\u00bb au couleurs du porteur de l&rsquo;Anneau<\/li>\n<li>une plume d&rsquo;\u00e9criture Medium et une plume \u00ab\u00a0Tengwar\u00a0\u00bb pour la calligraphie<\/li>\n<li>Un flacon d&rsquo;encre \u00ab\u00a0Verdant Voyage\u00a0\u00bb de 28 ml.<\/li>\n<\/ul>\n<p>Le voyage verdoyant&#8230;<\/p>\n<p>Teinte de l&rsquo;encre : vert-jaune baign\u00e9 de soleil, parsem\u00e9 de reflets dor\u00e9s.<\/p>","protected":false},"featured_media":10650,"comment_status":"closed","ping_status":"closed","template":"","meta":{"_seopress_robots_primary_cat":"none","_seopress_titles_title":"%%post_title%% %%sep%% %%sitetitle%%","_seopress_titles_desc":"Ce set comprend un stylo plume \"Bijou\" au couleurs du Seigneur des Anneaux, une plume d'\u00e9criture Medium et une plume \"Tengwar\" pour la calligraphie, un flacon d'encre \"Verdant Voyage\" de 28 ml.","_seopress_robots_index":""},"product_brand":[215],"product_cat":[177],"product_tag":[216],"class_list":{"0":"post-10636","1":"product","2":"type-product","3":"status-publish","4":"has-post-thumbnail","6":"product_brand-ferris-wheel-press","7":"product_cat-encres-de-calligraphie","8":"product_tag-le-seigneur-des-anneaux","10":"first","11":"instock","12":"shipping-taxable","13":"purchasable","14":"product-type-simple"},"_links":{"self":[{"href":"https:\/\/www.lechemindetraverse.com\/en\/wp-json\/wp\/v2\/product\/10636","targetHints":{"allow":["GET"]}}],"collection":[{"href":"https:\/\/www.lechemindetraverse.com\/en\/wp-json\/wp\/v2\/product"}],"about":[{"href":"https:\/\/www.lechemindetraverse.com\/en\/wp-json\/wp\/v2\/types\/product"}],"replies":[{"embeddable":true,"href":"https:\/\/www.lechemindetraverse.com\/en\/wp-json\/wp\/v2\/comments?post=10636"}],"wp:featuredmedia":[{"embeddable":true,"href":"https:\/\/www.lechemindetraverse.com\/en\/wp-json\/wp\/v2\/media\/10650"}],"wp:attachment":[{"href":"https:\/\/www.lechemindetraverse.com\/en\/wp-json\/wp\/v2\/media?parent=10636"}],"wp:term":[{"taxonomy":"product_brand","embeddable":true,"href":"https:\/\/www.lechemindetraverse.com\/en\/wp-json\/wp\/v2\/product_brand?post=10636"},{"taxonomy":"product_cat","embeddable":true,"href":"https:\/\/www.lechemindetraverse.com\/en\/wp-json\/wp\/v2\/product_cat?post=10636"},{"taxonomy":"product_tag","embeddable":true,"href":"https:\/\/www.lechemindetraverse.com\/en\/wp-json\/wp\/v2\/product_tag?post=10636"}],"curies":[{"name":"wp","href":"https:\/\/api.w.org\/{rel}","templated":true}]}}