{"id":10723,"date":"2026-03-31T21:55:21","date_gmt":"2026-03-31T19:55:21","guid":{"rendered":"https:\/\/www.lechemindetraverse.com\/?post_type=product&#038;p=10723"},"modified":"2026-03-31T22:31:40","modified_gmt":"2026-03-31T20:31:40","slug":"stylo-plume-joule-poufsouffle-ferris-wheel-press","status":"publish","type":"product","link":"https:\/\/www.lechemindetraverse.com\/en\/product\/papeterie\/crayons-et-stylos\/stylo-plume-joule-poufsouffle-ferris-wheel-press\/","title":{"rendered":"Stylo Plume \u00ab\u00a0Joule\u00a0\u00bb\u00a0&#8211; Poufsouffle &#8211; Ferris Wheel Press"},"content":{"rendered":"<p>Au c\u0153ur de la collection \u00ab Les Maisons de Poudlard\u2122 \u00bb se trouve le duo le plus enchanteur : l\u00e0 o\u00f9 l&rsquo;\u00e9criture devient un rituel et o\u00f9 chaque d\u00e9tail laisse une empreinte.<\/p><p>Le stylo plume Joule, chef-d&rsquo;\u0153uvre de Ferris Wheel Press en mati\u00e8re de design d&rsquo;\u00e9criture, a \u00e9t\u00e9 revisit\u00e9 pour rendre hommage aux quatre nobles Maisons de Poudlard. Du lion courageux de Gryffondor au corbeau sage de Serdaigle, chaque \u00e9dition pr\u00e9sente une zone de pr\u00e9hension grav\u00e9e sur mesure, inspir\u00e9e de l\u2019iconographie et des vertus de la Maison. Fabriqu\u00e9 avec pr\u00e9cision \u00e0 partir d\u2019un corps en laiton massif et recouvert d\u2019une laque \u00e9clatante aux couleurs de la maison, le Joule offre une exp\u00e9rience d\u2019\u00e9criture au poids id\u00e9al et \u00e0 l\u2019\u00e9quilibre exceptionnel dans la main.<\/p><h2 class=\"wp-block-heading\">Il \u00e9tait une fois un design &#8211; Poufsouffle<\/h2><p>Le corps du stylo pr\u00e9sente une laque \u00e9poustouflante qui met en valeur la profondeur et le caract\u00e8re unique de chaque Maison.<\/p><p>Des motifs finement grav\u00e9s sur la poign\u00e9e qui capturent les traits distinctifs de chaque Maison de Poudlard.<\/p><p>Ainsi, le stylo plume Poufsouffle est orn\u00e9 du blaireau fid\u00e8le et de la coupe d&rsquo;Helga.<\/p><p>Repr\u00e9sentez votre Maison ou collectionnez-les toutes !<\/p><h2 class=\"wp-block-heading\">Caract\u00e9ristiques et sp\u00e9cifications<\/h2><p>Stylo plume JOULE \u00c9dition Collector Harry Potter\u2122<\/p><ul class=\"wp-block-list\"><li>Un h\u00e9ritage entre vos mains : des embouts en laiton finement grav\u00e9s repr\u00e9sentant la mascotte et la relique de chaque maison.<\/li>\n\n<li>Des secrets grav\u00e9s dans l&rsquo;or : des \u00e9l\u00e9ments en laiton sculpt\u00e9, avec une finition dor\u00e9e bross\u00e9e.<\/li>\n\n<li>Une forme envo\u00fbtante, une fonctionnalit\u00e9 au quotidien : une fabrication de qualit\u00e9 et un poids \u00e9l\u00e9gamment \u00e9quilibr\u00e9 pour plus de confort et de stabilit\u00e9.<\/li>\n\n<li>\u00c0 pr\u00e9server pour la post\u00e9rit\u00e9 : \u00e9tui de rangement en cuir pleine fleur inclus.<\/li>\n\n<li>Plume Hogwarts\u2122 ultra-douce : une plume n\u00b0 6 luxueuse plaqu\u00e9e or (\u00e9paisseur de trait de 0,45 mm) qui offre une exp\u00e9rience d&rsquo;\u00e9criture exquise.<\/li><\/ul><h2 class=\"wp-block-heading\">Conseils d&rsquo;entretien<\/h2><ol class=\"wp-block-list\"><li>NE PAS mettre le capuchon sur le stylo lorsque vous \u00e9crivez. Ce stylo a \u00e9t\u00e9 con\u00e7u et \u00e9quilibr\u00e9 pour \u00e9crire sans le capuchon plant\u00e9 de l&rsquo;autre c\u00f4t\u00e9.<\/li>\n\n<li>Le filetage du capuchon est en laiton et risque d&rsquo;endommager la laque si vous le plantez de l&rsquo;autre c\u00f4t\u00e9.<\/li>\n\n<li>Rangez le stylo \u00e0 la verticale, la pointe vers le haut, lorsque vous ne l&rsquo;utilisez pas afin de r\u00e9duire au minimum les risques d&rsquo;encrassement ; un rin\u00e7age et un entretien r\u00e9guliers sont recommand\u00e9s, en particulier avec les encres paillet\u00e9es.<\/li><\/ol><h2 class=\"wp-block-heading\">Remplissage de votre stylo plume Joule<\/h2><ol class=\"wp-block-list\"><li>D\u00e9vissez la bague de pr\u00e9hension du corps du stylo pour faire appara\u00eetre le convertisseur<\/li>\n\n<li>Retirez le convertisseur de la bague de pr\u00e9hension<\/li>\n\n<li>Nettoyez la plume et le convertisseur en les rin\u00e7ant \u00e0 l&rsquo;eau froide jusqu&rsquo;\u00e0 ce que l&rsquo;eau qui s&rsquo;\u00e9coule soit claire<\/li>\n\n<li>Si le stylo n&rsquo;a pas \u00e9t\u00e9 utilis\u00e9 depuis plusieurs semaines, il peut \u00eatre n\u00e9cessaire de plonger la plume dans l&rsquo;eau pendant une heure pour fluidifier l&rsquo;encre<\/li>\n\n<li>Laissez s\u00e9cher \u00e0 l&rsquo;air libre la plume et le convertisseur, puis remontez-les une fois qu&rsquo;ils sont compl\u00e8tement secs<\/li>\n\n<li>Tournez le bouton d&rsquo;extr\u00e9mit\u00e9 jusqu&rsquo;\u00e0 ce que le piston soit compl\u00e8tement enfonc\u00e9<\/li>\n\n<li>Plongez la plume enti\u00e8rement dans l&rsquo;encre, puis tournez LENTEMENT le piston pour aspirer l&rsquo;encre jusqu&rsquo;\u00e0 ce que le convertisseur soit compl\u00e8tement d\u00e9ploy\u00e9<\/li>\n\n<li>Il est normal qu&rsquo;il y ait de petites poches d&rsquo;air en haut du convertisseur<\/li><\/ol><hr class=\"wp-block-separator has-alpha-channel-opacity\"\/><p>D\u00e9couvrez d\u00e8s aujourd&rsquo;hui l&rsquo;int\u00e9gralit\u00e9 de la collection Harry Potter\u2122. Sous licence officielle de Warner Bros Discovery.<\/p>","protected":false},"excerpt":{"rendered":"<p>Kit d&rsquo;\u00e9criture Poufsouffle de luxe comprenant :<\/p>\n<ul>\n<li>un stylo plume \u00ab\u00a0Joule\u00a0\u00bb rechargeable<\/li>\n<li>un \u00e9tui cuir en cuir noir, marqu\u00e9 du blason de Poudlard<\/li>\n<\/ul>\n<p>Le tout dans un magnifique coffret cadeau.<\/p>","protected":false},"featured_media":10724,"comment_status":"closed","ping_status":"closed","template":"","meta":{"_seopress_robots_primary_cat":"none","_seopress_titles_title":"%%post_title%% %%sep%% %%sitetitle%%","_seopress_titles_desc":"Stylo plume de luxe Poufsouffle rechargeable, avec son \u00e9tui cuir Poudlard. Le tout dans un magnifique coffret cadeau Harry Potter.","_seopress_robots_index":""},"product_brand":[215],"product_cat":[190],"product_tag":[52],"class_list":{"0":"post-10723","1":"product","2":"type-product","3":"status-publish","4":"has-post-thumbnail","6":"product_brand-ferris-wheel-press","7":"product_cat-crayons-et-stylos","8":"product_tag-poufsouffle","10":"first","11":"instock","12":"shipping-taxable","13":"purchasable","14":"product-type-simple"},"_links":{"self":[{"href":"https:\/\/www.lechemindetraverse.com\/en\/wp-json\/wp\/v2\/product\/10723","targetHints":{"allow":["GET"]}}],"collection":[{"href":"https:\/\/www.lechemindetraverse.com\/en\/wp-json\/wp\/v2\/product"}],"about":[{"href":"https:\/\/www.lechemindetraverse.com\/en\/wp-json\/wp\/v2\/types\/product"}],"replies":[{"embeddable":true,"href":"https:\/\/www.lechemindetraverse.com\/en\/wp-json\/wp\/v2\/comments?post=10723"}],"wp:featuredmedia":[{"embeddable":true,"href":"https:\/\/www.lechemindetraverse.com\/en\/wp-json\/wp\/v2\/media\/10724"}],"wp:attachment":[{"href":"https:\/\/www.lechemindetraverse.com\/en\/wp-json\/wp\/v2\/media?parent=10723"}],"wp:term":[{"taxonomy":"product_brand","embeddable":true,"href":"https:\/\/www.lechemindetraverse.com\/en\/wp-json\/wp\/v2\/product_brand?post=10723"},{"taxonomy":"product_cat","embeddable":true,"href":"https:\/\/www.lechemindetraverse.com\/en\/wp-json\/wp\/v2\/product_cat?post=10723"},{"taxonomy":"product_tag","embeddable":true,"href":"https:\/\/www.lechemindetraverse.com\/en\/wp-json\/wp\/v2\/product_tag?post=10723"}],"curies":[{"name":"wp","href":"https:\/\/api.w.org\/{rel}","templated":true}]}}