{"id":10768,"date":"2026-04-11T17:29:22","date_gmt":"2026-04-11T15:29:22","guid":{"rendered":"https:\/\/www.lechemindetraverse.com\/?post_type=product&#038;p=10768"},"modified":"2026-04-11T17:29:23","modified_gmt":"2026-04-11T15:29:23","slug":"jeu-de-cartes-seigneur-des-anneaux-theory11","status":"publish","type":"product","link":"https:\/\/www.lechemindetraverse.com\/en\/product\/pirouette-et-badin-farces-attrapes\/cartes-a-jouer-magie\/jeu-de-cartes-seigneur-des-anneaux-theory11\/","title":{"rendered":"Jeu de cartes Seigneur des Anneaux &#8211; Theory11"},"content":{"rendered":"<h2 class=\"wp-block-heading\">Un jeu de cartes pour les gouverner tous !<\/h2><p>Ce jeu de cartes de luxe met en sc\u00e8ne les personnages embl\u00e9matiques de la trilogie cin\u00e9matographique \u00ab Le Seigneur des Anneaux \u00bb : de Frodon et le reste de la Communaut\u00e9 de l&rsquo;Anneau \u00e0 Gollum, Saroumane et le Seigneur des T\u00e9n\u00e8bres Sauron. Ce jeu retrace leur p\u00e9riple de la Comt\u00e9 au Mordor, ainsi que leurs aventures tout au long du chemin. <\/p><p>Fabriqu\u00e9e \u00e0 partir de l&rsquo;or que Sauron a utilis\u00e9 pour forger l&rsquo;Anneau Unique, et agr\u00e9ment\u00e9e d&rsquo;une feuille vert \u00e9meraude qui refl\u00e8te les paysages luxuriants de la Comt\u00e9, la bo\u00eete est v\u00e9ritablement unique en son genre. Les cartes elles-m\u00eames sont fabriqu\u00e9es aux \u00c9tats-Unis, imprim\u00e9es sur du papier certifi\u00e9 FSC issu de for\u00eats g\u00e9r\u00e9es durablement, \u00e0 l&rsquo;aide d&rsquo;encres v\u00e9g\u00e9tales et de lamin\u00e9s \u00e0 base d&rsquo;amidon. Ce jeu de cartes regorge de d\u00e9tails qui raviront m\u00eame les fans les plus fervents du Seigneur des Anneaux.<\/p>","protected":false},"excerpt":{"rendered":"<p>Jeu de 52 cartes premium Lord of the Rings, paquet d\u00e9cor\u00e9 avec dorures<\/p>\n<p>Cartes imprim\u00e9es aux USA, carton et papier issus de for\u00eats FSC.<\/p>","protected":false},"featured_media":10771,"comment_status":"closed","ping_status":"closed","template":"","meta":{"_seopress_robots_primary_cat":"","_seopress_titles_title":"%%post_title%% %%sep%% %%sitetitle%%","_seopress_titles_desc":"Jeu de 52 cartes premium Lord of the Rings, paquet d\u00e9cor\u00e9 avec dorures. Cartes imprim\u00e9es aux USA, carton et papier issus de for\u00eats FSC.","_seopress_robots_index":""},"product_brand":[117],"product_cat":[100],"product_tag":[216],"class_list":{"0":"post-10768","1":"product","2":"type-product","3":"status-publish","4":"has-post-thumbnail","6":"product_brand-theory11","7":"product_cat-cartes-a-jouer-magie","8":"product_tag-le-seigneur-des-anneaux","10":"first","11":"instock","12":"shipping-taxable","13":"purchasable","14":"product-type-simple"},"_links":{"self":[{"href":"https:\/\/www.lechemindetraverse.com\/en\/wp-json\/wp\/v2\/product\/10768","targetHints":{"allow":["GET"]}}],"collection":[{"href":"https:\/\/www.lechemindetraverse.com\/en\/wp-json\/wp\/v2\/product"}],"about":[{"href":"https:\/\/www.lechemindetraverse.com\/en\/wp-json\/wp\/v2\/types\/product"}],"replies":[{"embeddable":true,"href":"https:\/\/www.lechemindetraverse.com\/en\/wp-json\/wp\/v2\/comments?post=10768"}],"wp:featuredmedia":[{"embeddable":true,"href":"https:\/\/www.lechemindetraverse.com\/en\/wp-json\/wp\/v2\/media\/10771"}],"wp:attachment":[{"href":"https:\/\/www.lechemindetraverse.com\/en\/wp-json\/wp\/v2\/media?parent=10768"}],"wp:term":[{"taxonomy":"product_brand","embeddable":true,"href":"https:\/\/www.lechemindetraverse.com\/en\/wp-json\/wp\/v2\/product_brand?post=10768"},{"taxonomy":"product_cat","embeddable":true,"href":"https:\/\/www.lechemindetraverse.com\/en\/wp-json\/wp\/v2\/product_cat?post=10768"},{"taxonomy":"product_tag","embeddable":true,"href":"https:\/\/www.lechemindetraverse.com\/en\/wp-json\/wp\/v2\/product_tag?post=10768"}],"curies":[{"name":"wp","href":"https:\/\/api.w.org\/{rel}","templated":true}]}}