{"id":10783,"date":"2026-04-11T17:39:43","date_gmt":"2026-04-11T15:39:43","guid":{"rendered":"https:\/\/www.lechemindetraverse.com\/?post_type=product&#038;p=10783"},"modified":"2026-04-11T17:49:49","modified_gmt":"2026-04-11T15:49:49","slug":"puzzle-1000-pieces-le-seigneur-des-anneaux-theory11","status":"publish","type":"product","link":"https:\/\/www.lechemindetraverse.com\/en\/product\/pirouette-et-badin-farces-attrapes\/jeux-jouets-harry-potter\/puzzle-1000-pieces-le-seigneur-des-anneaux-theory11\/","title":{"rendered":"Puzzle 1000 pi\u00e8ces Le Seigneur des Anneaux &#8211; Theory11"},"content":{"rendered":"<p>Reprenant des illustrations enti\u00e8rement personnalis\u00e9es issues du jeu de cartes \u00e0 succ\u00e8s \u00ab Le Seigneur des Anneaux \u00bb, ce puzzle de 1 000 pi\u00e8ces donne vie aux personnages embl\u00e9matiques et aux r\u00e9f\u00e9rences de la s\u00e9rie avec un niveau de d\u00e9tail saisissant. Les pi\u00e8ces du puzzle elles-m\u00eames sont orn\u00e9es d&rsquo;un m\u00e9lange \u00e9l\u00e9gant de dor\u00e9 et de vert m\u00e9tallis\u00e9.<\/p><p>Retrouvez Gandalf, Legolas, Frodon, Saruman, Aragorn et Gollum dans ce puzzle premium sous licence officielle.<\/p><p>Une fois le puzzle termin\u00e9, une porte s&rsquo;ouvre sur une exp\u00e9rience en ligne multidimensionnelle qui transporte les fans dans l&rsquo;univers du Seigneur des Anneaux comme jamais auparavant : une immersion innovante et captivante dans les paysages de la Terre du Milieu !<\/p><p>1000 pi\u00e8ces &#8211; 65 x 65 cm une fois mont\u00e9.<\/p>","protected":false},"excerpt":{"rendered":"<p>Plongez dans la Terre du Milieu avec ce puzzle Lord of the Rings haut de gamme, qui r\u00e9serve une surprise multidimensionnelle ! L&rsquo;exp\u00e9rience ne s&rsquo;arr\u00eate pas une fois la derni\u00e8re pi\u00e8ce mise en place&#8230; 1000 pi\u00e8ces &#8211; 65 x 65 cm une fois mont\u00e9.<\/p>","protected":false},"featured_media":10786,"comment_status":"closed","ping_status":"closed","template":"","meta":{"_seopress_robots_primary_cat":"none","_seopress_titles_title":"%%post_title%% %%sep%% %%sitetitle%%","_seopress_titles_desc":"Plongez dans la Terre du Milieu avec ce puzzle haut de gamme, qui r\u00e9serve une surprise multidimensionnelle ! L'exp\u00e9rience ne s'arr\u00eate pas une fois la derni\u00e8re pi\u00e8ce mise en place... 1000 pi\u00e8ces - 65 x 65 cm une fois mont\u00e9.","_seopress_robots_index":""},"product_brand":[117],"product_cat":[109],"product_tag":[216],"class_list":{"0":"post-10783","1":"product","2":"type-product","3":"status-publish","4":"has-post-thumbnail","6":"product_brand-theory11","7":"product_cat-jeux-jouets-harry-potter","8":"product_tag-le-seigneur-des-anneaux","10":"first","11":"instock","12":"shipping-taxable","13":"purchasable","14":"product-type-simple"},"_links":{"self":[{"href":"https:\/\/www.lechemindetraverse.com\/en\/wp-json\/wp\/v2\/product\/10783","targetHints":{"allow":["GET"]}}],"collection":[{"href":"https:\/\/www.lechemindetraverse.com\/en\/wp-json\/wp\/v2\/product"}],"about":[{"href":"https:\/\/www.lechemindetraverse.com\/en\/wp-json\/wp\/v2\/types\/product"}],"replies":[{"embeddable":true,"href":"https:\/\/www.lechemindetraverse.com\/en\/wp-json\/wp\/v2\/comments?post=10783"}],"wp:featuredmedia":[{"embeddable":true,"href":"https:\/\/www.lechemindetraverse.com\/en\/wp-json\/wp\/v2\/media\/10786"}],"wp:attachment":[{"href":"https:\/\/www.lechemindetraverse.com\/en\/wp-json\/wp\/v2\/media?parent=10783"}],"wp:term":[{"taxonomy":"product_brand","embeddable":true,"href":"https:\/\/www.lechemindetraverse.com\/en\/wp-json\/wp\/v2\/product_brand?post=10783"},{"taxonomy":"product_cat","embeddable":true,"href":"https:\/\/www.lechemindetraverse.com\/en\/wp-json\/wp\/v2\/product_cat?post=10783"},{"taxonomy":"product_tag","embeddable":true,"href":"https:\/\/www.lechemindetraverse.com\/en\/wp-json\/wp\/v2\/product_tag?post=10783"}],"curies":[{"name":"wp","href":"https:\/\/api.w.org\/{rel}","templated":true}]}}