{"id":10793,"date":"2026-04-11T17:40:21","date_gmt":"2026-04-11T15:40:21","guid":{"rendered":"https:\/\/www.lechemindetraverse.com\/?post_type=product&#038;p=10793"},"modified":"2026-04-11T17:50:08","modified_gmt":"2026-04-11T15:50:08","slug":"puzzle-interactif-1000-pieces-harry-potter-theory11","status":"publish","type":"product","link":"https:\/\/www.lechemindetraverse.com\/en\/product\/pirouette-et-badin-farces-attrapes\/jeux-jouets-harry-potter\/puzzle-interactif-1000-pieces-harry-potter-theory11\/","title":{"rendered":"Puzzle Interactif 1000 pi\u00e8ces Harry Potter &#8211; Theory11"},"content":{"rendered":"<h3 class=\"wp-block-heading\">PUZZLE INTERACTIF<\/h3><p>Votre voyage vers Poudlard commence avec ce puzzle haut de gamme, qui r\u00e9serve une surprise multidimensionnelle !<\/p><h3 class=\"wp-block-heading\">LE CH\u00c2TEAU DE POUDLARD, PI\u00c8CE PAR PI\u00c8CE<\/h3><p>D\u00e9couvrez les merveilles du monde des sorciers comme jamais auparavant gr\u00e2ce \u00e0 un puzzle enchanteur de 1000 pi\u00e8ces qui donne vie, dans les moindres d\u00e9tails, au voyage vers le ch\u00e2teau de Poudlard et aux r\u00e9f\u00e9rences de la s\u00e9rie. Les pi\u00e8ces du puzzle sont orn\u00e9es d&rsquo;\u00e9l\u00e9gants d\u00e9tails en feuille d&rsquo;or et sont livr\u00e9es dans une pochette de transport haut de gamme.<\/p><h3 class=\"wp-block-heading\">UNE EXP\u00c9RIENCE MULTIDIMENSIONNELLE<\/h3><p>La magie ne s&rsquo;arr\u00eate pas une fois la derni\u00e8re pi\u00e8ce mise en place. Une fois le puzzle termin\u00e9, une exp\u00e9rience multidimensionnelle se d\u00e9voile, enchantant les fans comme jamais auparavant : une plong\u00e9e innovante et immersive dans les myst\u00e8res cach\u00e9s de Poudlard et au-del\u00e0 !<\/p><p>1000 pi\u00e8ces &#8211; 65 x 65 cm une fois mont\u00e9.<\/p>","protected":false},"excerpt":{"rendered":"<p>Votre voyage vers Poudlard commence avec ce puzzle haut de gamme, qui r\u00e9serve une surprise en ligne une fois la derni\u00e8re pi\u00e8ce plac\u00e9e !<\/p>\n<p>1000 pi\u00e8ces &#8211; 65 x 65 cm une fois mont\u00e9.<\/p>","protected":false},"featured_media":10794,"comment_status":"closed","ping_status":"closed","template":"","meta":{"_seopress_robots_primary_cat":"none","_seopress_titles_title":"%%post_title%% %%sep%% %%sitetitle%%","_seopress_titles_desc":"Votre voyage vers Poudlard commence avec ce puzzle haut de gamme, qui r\u00e9serve une surprise en ligne une fois la derni\u00e8re pi\u00e8ce plac\u00e9e ! 1000 pi\u00e8ces - 65 x 65 cm une fois mont\u00e9.","_seopress_robots_index":""},"product_brand":[117],"product_cat":[109],"product_tag":[66],"class_list":{"0":"post-10793","1":"product","2":"type-product","3":"status-publish","4":"has-post-thumbnail","6":"product_brand-theory11","7":"product_cat-jeux-jouets-harry-potter","8":"product_tag-poudlard","10":"first","11":"instock","12":"shipping-taxable","13":"purchasable","14":"product-type-simple"},"_links":{"self":[{"href":"https:\/\/www.lechemindetraverse.com\/en\/wp-json\/wp\/v2\/product\/10793","targetHints":{"allow":["GET"]}}],"collection":[{"href":"https:\/\/www.lechemindetraverse.com\/en\/wp-json\/wp\/v2\/product"}],"about":[{"href":"https:\/\/www.lechemindetraverse.com\/en\/wp-json\/wp\/v2\/types\/product"}],"replies":[{"embeddable":true,"href":"https:\/\/www.lechemindetraverse.com\/en\/wp-json\/wp\/v2\/comments?post=10793"}],"wp:featuredmedia":[{"embeddable":true,"href":"https:\/\/www.lechemindetraverse.com\/en\/wp-json\/wp\/v2\/media\/10794"}],"wp:attachment":[{"href":"https:\/\/www.lechemindetraverse.com\/en\/wp-json\/wp\/v2\/media?parent=10793"}],"wp:term":[{"taxonomy":"product_brand","embeddable":true,"href":"https:\/\/www.lechemindetraverse.com\/en\/wp-json\/wp\/v2\/product_brand?post=10793"},{"taxonomy":"product_cat","embeddable":true,"href":"https:\/\/www.lechemindetraverse.com\/en\/wp-json\/wp\/v2\/product_cat?post=10793"},{"taxonomy":"product_tag","embeddable":true,"href":"https:\/\/www.lechemindetraverse.com\/en\/wp-json\/wp\/v2\/product_tag?post=10793"}],"curies":[{"name":"wp","href":"https:\/\/api.w.org\/{rel}","templated":true}]}}