{"id":10938,"date":"2026-04-12T22:24:05","date_gmt":"2026-04-12T20:24:05","guid":{"rendered":"https:\/\/www.lechemindetraverse.com\/?post_type=product&#038;p=10938"},"modified":"2026-04-24T13:01:17","modified_gmt":"2026-04-24T11:01:17","slug":"carnet-legendes-de-poudlard-paperblanks","status":"publish","type":"product","link":"https:\/\/www.lechemindetraverse.com\/en\/product\/papeterie\/carnets-et-journaux\/carnet-legendes-de-poudlard-paperblanks\/","title":{"rendered":"Carnet L\u00e9gendes de Poudlard &#8211; Paperblanks"},"content":{"rendered":"<h2 class=\"wp-block-heading\">\u2728 <strong>Carnet Harry Potter Paperblanks \u2013 Trois Formats<\/strong><\/h2><p>Plongez au c\u0153ur de la magie avec ce carnet \u201cL\u00e9gendes de Poudlard\u201d inspir\u00e9 de l\u2019univers de Harry Potter, sign\u00e9 Paperblanks. V\u00e9ritable objet de papeterie de luxe, il incarne tout le savoir-faire de la marque \u00e0 travers un design richement travaill\u00e9 et une qualit\u00e9 d\u2019\u00e9criture exceptionnelle.<\/p><p>Une cr\u00e9ation unique qui c\u00e9l\u00e8bre l\u2019ensemble des maisons de Poudlard dans un design riche et embl\u00e9matique. Un indispensable pour tous les passionn\u00e9s de magie et de belle \u00e9criture. Trois formats disponibles : choisissez celui qui vous convient le mieux !<\/p><hr class=\"wp-block-separator has-alpha-channel-opacity\"\/><h2 class=\"wp-block-heading\">\ud83e\ude84 <strong>Un carnet haut de gamme digne des biblioth\u00e8ques magiques<\/strong><\/h2><p>Ce carnet repr\u00e9sente l\u2019excellence Paperblanks. Sa reliure cousue Smyth garantit une ouverture parfaite et une grande durabilit\u00e9, id\u00e9ale pour une utilisation quotidienne.<\/p><p>Son papier verg\u00e9, con\u00e7u sur mesure et sans acide, offre une qualit\u00e9 archiviste remarquable. Chaque page est pens\u00e9e pour pr\u00e9server vos \u00e9crits dans le temps, avec un confort d\u2019\u00e9criture incomparable.<\/p><p>Les d\u00e9tails raffin\u00e9s \u2013 impression sur la tranche, couverture textur\u00e9e, dorures \u2013 rappellent les ouvrages anciens que l\u2019on pourrait trouver dans la biblioth\u00e8que de Poudlard.<\/p><hr class=\"wp-block-separator has-alpha-channel-opacity\"\/><h2 class=\"wp-block-heading\">\u2728 <strong>L\u2019esprit des L\u00e9gendes de Poudlard<\/strong> <strong>au c\u0153ur de votre \u00e9criture<\/strong><\/h2><p>R\u00e9unissant Harry, Ron, Hermione, Draco et tout un tas de symboles magiques issus de la saga Harry Potter, ce carnet incarne toute la richesse du monde des sorciers. Il accompagne toutes vos inspirations, sans choisir de camp \u2014 simplement guid\u00e9 par votre imagination.<\/p><p>D\u00e9tails saisissants : relief, dorures, fils iris\u00e9s&#8230;<\/p><hr class=\"wp-block-separator has-alpha-channel-opacity\"\/><h2 class=\"wp-block-heading\">\ud83d\udcd6 <strong>Trois formats pour \u00e9crire au quotidien<\/strong><\/h2><p>Ce carnet L\u00e9gendes de Poudlard est disponible en trois formats au choix :<\/p><ul class=\"wp-block-list\"><li>Mini : le plus petit.<\/li>\n\n<li>Midi : le format standard.<\/li>\n\n<li>Ultra : le grand carnet.<\/li><\/ul><p>Choisissez le format qui convient le mieux \u00e0 votre utilisation.<\/p><p>Chaque carnet comporte une fermeture \u00e9lastique qui prot\u00e8ge vos pages, tandis que sa pochette m\u00e9mo int\u00e9gr\u00e9e permet de conserver vos notes importantes.<\/p><p>Le signet en ruban vous aide \u00e0 retrouver facilement vos \u00e9crits, pour une utilisation fluide et agr\u00e9able.<\/p><hr class=\"wp-block-separator has-alpha-channel-opacity\"\/><h2 class=\"wp-block-heading\">\ud83d\udcdc <strong>Caract\u00e9ristiques du produit<\/strong><\/h2><p>Format Mini :<\/p><ul class=\"wp-block-list\"><li>Format midi : 90 mm x 140 mm x 16 mm<\/li>\n\n<li>176 pages lign\u00e9es personnalis\u00e9es<\/li>\n\n<li>Papier verg\u00e9 85 g de qualit\u00e9 archiviste (sans acide)<\/li><\/ul><p>Format Midi<\/p><ul class=\"wp-block-list\"><li>Format midi : 120 mm x 180 mm x 18 mm<\/li>\n\n<li>144 pages lign\u00e9es personnalis\u00e9es<\/li>\n\n<li>Papier verg\u00e9 120 g de qualit\u00e9 archiviste (sans acide)<\/li><\/ul><p>Format Ultra :<\/p><ul class=\"wp-block-list\"><li>Format midi : 175 mm x 230 mm x 18 mm<\/li>\n\n<li>144 pages lign\u00e9es personnalis\u00e9es<\/li>\n\n<li>Papier verg\u00e9 120 g de qualit\u00e9 archiviste (sans acide)<\/li><\/ul><p>Pour tous les trois :<\/p><ul class=\"wp-block-list\"><li>Couverture rigide textur\u00e9e avec finitions dor\u00e9es et iris\u00e9es<\/li>\n\n<li>Fermeture \u00e9lastique<\/li>\n\n<li>Reliure cousue Smyth (robustesse et ouverture \u00e0 plat)<\/li>\n\n<li>Impression d\u00e9corative sur la tranche<\/li>\n\n<li>1 signet en ruban<\/li>\n\n<li>Pochette m\u00e9mo int\u00e9rieure<\/li>\n\n<li>Coutures filet\u00e9es et renforts de colle si n\u00e9cessaire<\/li>\n\n<li>Mat\u00e9riaux durables (cartons recycl\u00e9s, papier issu de for\u00eats g\u00e9r\u00e9es durablement)<\/li>\n\n<li>Produit officiel sous licence Harry Potter<\/li><\/ul><hr class=\"wp-block-separator has-alpha-channel-opacity\"\/><h2 class=\"wp-block-heading\">\ud83c\udf81 <strong>Pourquoi vous allez l\u2019adorer<\/strong><\/h2><p>Ce carnet Paperblanks Harry Potter est bien plus qu\u2019un simple carnet : c\u2019est un objet d\u2019exception. Id\u00e9al pour \u00e9crire, dessiner ou collectionner, il s\u00e9duira les amateurs de papeterie haut de gamme comme les fans de l\u2019univers Harry Potter.<\/p>","protected":false},"excerpt":{"rendered":"<p>Carnet <span class=\"hover:entity-accent entity-underline inline cursor-pointer align-baseline\"><span class=\"whitespace-normal\">Paperblanks<\/span><\/span> premium inspir\u00e9 de <span class=\"hover:entity-accent entity-underline inline cursor-pointer align-baseline\"><span class=\"whitespace-normal\">Poudlard. Trois formats au choix : Mini, Midi ou Ultra.<\/span><\/span><\/p>\n<p>Papier archiviste, couverture textur\u00e9e et dor\u00e9e, reliure cousue Smyth.<\/p>\n<p>Pages lign\u00e9es, avec signet (marque-page) et fermeture \u00e9lastique.<\/p>\n<p>Un carnet de luxe pour \u00e9crire avec style et magie.<\/p>","protected":false},"featured_media":10943,"comment_status":"closed","ping_status":"closed","template":"","meta":{"_seopress_robots_primary_cat":"none","_seopress_titles_title":"Carnet Harry Potter Paperblanks L\u00e9gendes de Poudlard \u2013 Format Luxe %%sep%% %%sitetitle%%","_seopress_titles_desc":"Carnet Paperblanks en trois formats, papier qualit\u00e9 archiviste, couverture textur\u00e9e et finitions dor\u00e9es. Un carnet Harry Potter haut de gamme pour \u00e9crire avec \u00e9l\u00e9gance \u2728","_seopress_robots_index":""},"product_brand":[217],"product_cat":[176],"product_tag":[66],"class_list":{"0":"post-10938","1":"product","2":"type-product","3":"status-publish","4":"has-post-thumbnail","6":"product_brand-paperblanks","7":"product_cat-carnets-et-journaux","8":"product_tag-poudlard","10":"first","11":"instock","12":"shipping-taxable","13":"purchasable","14":"product-type-variable"},"_links":{"self":[{"href":"https:\/\/www.lechemindetraverse.com\/en\/wp-json\/wp\/v2\/product\/10938","targetHints":{"allow":["GET"]}}],"collection":[{"href":"https:\/\/www.lechemindetraverse.com\/en\/wp-json\/wp\/v2\/product"}],"about":[{"href":"https:\/\/www.lechemindetraverse.com\/en\/wp-json\/wp\/v2\/types\/product"}],"replies":[{"embeddable":true,"href":"https:\/\/www.lechemindetraverse.com\/en\/wp-json\/wp\/v2\/comments?post=10938"}],"wp:featuredmedia":[{"embeddable":true,"href":"https:\/\/www.lechemindetraverse.com\/en\/wp-json\/wp\/v2\/media\/10943"}],"wp:attachment":[{"href":"https:\/\/www.lechemindetraverse.com\/en\/wp-json\/wp\/v2\/media?parent=10938"}],"wp:term":[{"taxonomy":"product_brand","embeddable":true,"href":"https:\/\/www.lechemindetraverse.com\/en\/wp-json\/wp\/v2\/product_brand?post=10938"},{"taxonomy":"product_cat","embeddable":true,"href":"https:\/\/www.lechemindetraverse.com\/en\/wp-json\/wp\/v2\/product_cat?post=10938"},{"taxonomy":"product_tag","embeddable":true,"href":"https:\/\/www.lechemindetraverse.com\/en\/wp-json\/wp\/v2\/product_tag?post=10938"}],"curies":[{"name":"wp","href":"https:\/\/api.w.org\/{rel}","templated":true}]}}