{"id":1114,"date":"2022-08-18T23:29:27","date_gmt":"2022-08-18T21:29:27","guid":{"rendered":"https:\/\/www.lechemindetraverse.com\/produit\/non%20class\u00e9\/pins-retourneur-de-temps-immobile\/"},"modified":"2025-12-11T11:10:17","modified_gmt":"2025-12-11T10:10:17","slug":"pins-retourneur-de-temps-the-carat-shop","status":"publish","type":"product","link":"https:\/\/www.lechemindetraverse.com\/en\/product\/mrs-guipure\/pins-badges-harry-potter\/pins-retourneur-de-temps-the-carat-shop\/","title":{"rendered":"Pin\u2019s Retourneur de Temps Dor\u00e9 &#8211; The Carat Shop"},"content":{"rendered":"<p>Ajoutez une touche de magie \u00e0 votre tenue avec ce sublime pin\u2019s en forme de Retourneur de Temps, inspir\u00e9 de l\u2019iconique artefact d\u2019Hermione Granger dans la saga Harry Potter. Petit mais plein de caract\u00e8re, ce pin\u2019s dor\u00e9 est un v\u00e9ritable hommage \u00e0 l\u2019objet qui permet de voyager \u00e0 travers les m\u00e9andres du temps. Il reprend fid\u00e8lement le design du c\u00e9l\u00e8bre sablier, avec ses anneaux concentriques et son sablier myst\u00e9rieux. Id\u00e9al pour afficher votre passion du monde magique tout en subtilit\u00e9, ce pin\u2019s apportera une note originale et \u00e9l\u00e9gante \u00e0 vos v\u00eatements ou accessoires.<\/p><p>Fabriqu\u00e9 avec des mat\u00e9riaux de haute qualit\u00e9, ce pin\u2019s est \u00e0 la fois robuste et l\u00e9ger, garantissant qu&rsquo;il se fixe facilement sans ab\u00eemer vos tissus pr\u00e9f\u00e9r\u00e9s. Que vous souhaitiez l\u2019\u00e9pingler sur une veste, un sac \u00e0 dos, une \u00e9charpe ou m\u00eame un chapeau, il vous accompagnera partout, comme un talisman pr\u00e9cieux. Parfait pour les sorciers et les Moldus en qu\u00eate de raffinement, ce pin\u2019s ajoute une discr\u00e8te touche d\u2019authenticit\u00e9 \u00e0 votre style et ne manquera pas de susciter l\u2019admiration des autres fans de la saga.<\/p><p>Ce bijou miniature n\u2019est pas seulement un accessoire, mais un symbole puissant de la ma\u00eetrise du temps. Imaginez-le comme un rappel constant des aventures d\u2019Hermione Granger et de sa soif de connaissance, tout en apportant un brin de magie \u00e0 votre quotidien. Offrez-le en cadeau \u00e0 un proche passionn\u00e9 par l\u2019univers de Harry Potter, ou faites-vous plaisir en ajoutant ce pin\u2019s Retourneur de Temps \u00e0 votre propre collection.<\/p><p>Subtil, \u00e9l\u00e9gant et empreint de myst\u00e8re, ce pin\u2019s est bien plus qu\u2019un simple objet de d\u00e9coration : c\u2019est une invitation \u00e0 vous plonger, vous aussi, dans un monde o\u00f9 tout semble possible, m\u00eame l\u2019impossible !<\/p><p>Ce pins mesure environ 20 mm de haut et 20 mm de large. Le sablier est immobile, il ne tourne pas. The Carat Shop sont les fabricants sous licence de bijoux Harry Potter au nom de Warner Bros.<\/p>","protected":false},"excerpt":{"rendered":"<p>Apportez une touche de magie \u00e0 votre quotidien avec ce pin\u2019s en forme de Retourneur de Temps, inspir\u00e9 du monde de Harry Potter. \u00c9l\u00e9gant et myst\u00e9rieux, il capture l\u2019essence de l\u2019artefact d\u2019Hermione Granger, tout en ajoutant une note originale \u00e0 vos v\u00eatements ou accessoires. Pins en m\u00e9tal plaqu\u00e9 or avec cristaux. Le sablier est immobile. 20 mm de diam\u00e8tre environ.<\/p>","protected":false},"featured_media":6108,"comment_status":"open","ping_status":"closed","template":"","meta":{"_seopress_robots_primary_cat":"none","_seopress_titles_title":"%%post_title%% %%sep%% %%sitetitle%%","_seopress_titles_desc":"Apportez une touche de magie \u00e0 votre quotidien avec ce pin\u2019s en forme de Retourneur de Temps, inspir\u00e9 du monde de Harry Potter. Pins en m\u00e9tal plaqu\u00e9 or avec cristaux. Le sablier est immobile. 20 mm de diam\u00e8tre environ.","_seopress_robots_index":""},"product_brand":[121],"product_cat":[99],"product_tag":[64],"class_list":{"0":"post-1114","1":"product","2":"type-product","3":"status-publish","4":"has-post-thumbnail","6":"product_brand-the-carat-shop","7":"product_cat-pins-badges-harry-potter","8":"product_tag-retourneur-de-temps","10":"first","11":"instock","12":"purchasable","13":"product-type-simple"},"_links":{"self":[{"href":"https:\/\/www.lechemindetraverse.com\/en\/wp-json\/wp\/v2\/product\/1114","targetHints":{"allow":["GET"]}}],"collection":[{"href":"https:\/\/www.lechemindetraverse.com\/en\/wp-json\/wp\/v2\/product"}],"about":[{"href":"https:\/\/www.lechemindetraverse.com\/en\/wp-json\/wp\/v2\/types\/product"}],"replies":[{"embeddable":true,"href":"https:\/\/www.lechemindetraverse.com\/en\/wp-json\/wp\/v2\/comments?post=1114"}],"wp:featuredmedia":[{"embeddable":true,"href":"https:\/\/www.lechemindetraverse.com\/en\/wp-json\/wp\/v2\/media\/6108"}],"wp:attachment":[{"href":"https:\/\/www.lechemindetraverse.com\/en\/wp-json\/wp\/v2\/media?parent=1114"}],"wp:term":[{"taxonomy":"product_brand","embeddable":true,"href":"https:\/\/www.lechemindetraverse.com\/en\/wp-json\/wp\/v2\/product_brand?post=1114"},{"taxonomy":"product_cat","embeddable":true,"href":"https:\/\/www.lechemindetraverse.com\/en\/wp-json\/wp\/v2\/product_cat?post=1114"},{"taxonomy":"product_tag","embeddable":true,"href":"https:\/\/www.lechemindetraverse.com\/en\/wp-json\/wp\/v2\/product_tag?post=1114"}],"curies":[{"name":"wp","href":"https:\/\/api.w.org\/{rel}","templated":true}]}}