{"id":1377,"date":"2022-08-18T23:31:22","date_gmt":"2022-08-18T21:31:22","guid":{"rendered":"https:\/\/www.lechemindetraverse.com\/produit\/non%20class\u00e9\/baguette-magique-boite-ollivander-hermione-harry-potter\/"},"modified":"2026-03-29T20:17:13","modified_gmt":"2026-03-29T18:17:13","slug":"baguette-magique-boite-ollivander-hermione-harry-potter","status":"publish","type":"product","link":"https:\/\/www.lechemindetraverse.com\/en\/product\/baguettes-magiques-ollivander\/baguettes-personnages-harry-potter\/baguette-magique-boite-ollivander-hermione-harry-potter\/","title":{"rendered":"Baguette magique de Hermione Granger &#8211; bo\u00eete Ollivander &#8211; Noble Collection"},"content":{"rendered":"<p>Il s&rsquo;agit de la baguette de Hermione Granger, en coffret DeLuxe. Longue et fine, cette baguette est d\u00e9cor\u00e9e de vignes et de feuilles.<\/p><p>L&rsquo;\u00e9crin est gain\u00e9 de velours, deux voiles de chaque c\u00f4t\u00e9 du coffret viennent recouvrir la baguette pour lui offrir un aspect noble, comme tout droit sortie de la boutique du Chemin de traverse.<\/p><p>Caract\u00e9ristiques :<\/p><ul class=\"wp-block-list\"><li>Mati\u00e8re : R\u00e9sine<\/li><li>Dimensions : 37 cm<\/li><li>Poids : 52 g<\/li><\/ul><p>Cette baguette est \u00e9galement propos\u00e9e dans diff\u00e9rentes pr\u00e9sentations :<\/p><ul class=\"wp-block-list\"><li>Boite \u00ab\u00a0blister\u00a0\u00bb : pour une pr\u00e9sentation plus sobre, pour les petits budgets.<\/li><\/ul><p>R\u00e9alis\u00e9e par Noble Collection, cette baguette est produite sous licence officielle Harry Potter.<\/p>","protected":false},"excerpt":{"rendered":"<p dir=\"\">R\u00e9plique authentique et officielle de la baguette de Hermione Granger dans les films Harry Potter.<\/p>\n<p dir=\"\">Ecrin Deluxe Ollivander.<\/p>","protected":false},"featured_media":2055,"comment_status":"open","ping_status":"closed","template":"","meta":{"_seopress_robots_primary_cat":"none","_seopress_titles_title":"%%post_title%% %%sep%% %%sitetitle%%","_seopress_titles_desc":"R\u00e9plique authentique et officielle de la baguette de Hermione Granger dans les films Harry Potter.\r\n\r\nEcrin Deluxe Ollivander.","_seopress_robots_index":""},"product_brand":[83],"product_cat":[48,102],"product_tag":[63],"class_list":{"0":"post-1377","1":"product","2":"type-product","3":"status-publish","4":"has-post-thumbnail","6":"product_brand-noble-collection","7":"product_cat-baguettes-magiques-ollivander","8":"product_cat-baguettes-personnages-harry-potter","9":"product_tag-hermione-granger","11":"first","12":"instock","13":"purchasable","14":"product-type-simple"},"_links":{"self":[{"href":"https:\/\/www.lechemindetraverse.com\/en\/wp-json\/wp\/v2\/product\/1377","targetHints":{"allow":["GET"]}}],"collection":[{"href":"https:\/\/www.lechemindetraverse.com\/en\/wp-json\/wp\/v2\/product"}],"about":[{"href":"https:\/\/www.lechemindetraverse.com\/en\/wp-json\/wp\/v2\/types\/product"}],"replies":[{"embeddable":true,"href":"https:\/\/www.lechemindetraverse.com\/en\/wp-json\/wp\/v2\/comments?post=1377"}],"wp:featuredmedia":[{"embeddable":true,"href":"https:\/\/www.lechemindetraverse.com\/en\/wp-json\/wp\/v2\/media\/2055"}],"wp:attachment":[{"href":"https:\/\/www.lechemindetraverse.com\/en\/wp-json\/wp\/v2\/media?parent=1377"}],"wp:term":[{"taxonomy":"product_brand","embeddable":true,"href":"https:\/\/www.lechemindetraverse.com\/en\/wp-json\/wp\/v2\/product_brand?post=1377"},{"taxonomy":"product_cat","embeddable":true,"href":"https:\/\/www.lechemindetraverse.com\/en\/wp-json\/wp\/v2\/product_cat?post=1377"},{"taxonomy":"product_tag","embeddable":true,"href":"https:\/\/www.lechemindetraverse.com\/en\/wp-json\/wp\/v2\/product_tag?post=1377"}],"curies":[{"name":"wp","href":"https:\/\/api.w.org\/{rel}","templated":true}]}}