{"id":1407,"date":"2022-08-18T23:31:27","date_gmt":"2022-08-18T21:31:27","guid":{"rendered":"https:\/\/www.lechemindetraverse.com\/produit\/non%20class\u00e9\/porte-cles-chocogrenouille-harry-potter\/"},"modified":"2026-03-31T22:34:47","modified_gmt":"2026-03-31T20:34:47","slug":"porte-cles-chocogrenouille-harry-potter","status":"publish","type":"product","link":"https:\/\/www.lechemindetraverse.com\/en\/product\/mrs-guipure\/porte-cles\/porte-cles-chocogrenouille-harry-potter\/","title":{"rendered":"Porte-cl\u00e9s Chocogrenouille &#8211; Harry Potter &#8211; Noble Collection"},"content":{"rendered":"<p>Les Chocogrenouilles sont des confiseries chocolat\u00e9es en forme de grenouilles. Elles sont enferm\u00e9es dans une petite bo\u00eete qui contient en plus de la confiserie, une carte de sorciers et sorci\u00e8res c\u00e9l\u00e8bres \u00e0 collectionner !<\/p><p>Gr\u00e2ce ce porte-cl\u00e9, emportez votre Chocogrenouille de partout ! Attention, elles ne sont pas comestibles !<\/p><p>Caract\u00e9ristiques :<\/p><ul class=\"wp-block-list\"><li>Mati\u00e8re : M\u00e9tal, \u00e9mail<\/li>\n\n<li>Dimensions : 3,8 cm<\/li><\/ul>","protected":false},"excerpt":{"rendered":"<p>Emportez une chocogrenouille partout avec vous gr\u00e2ce \u00e0 ce porte-cl\u00e9s en forme bo\u00eete avec sa chocogrenouille \u00e0 l\u2019int\u00e9rieur !<\/p>","protected":false},"featured_media":5314,"comment_status":"open","ping_status":"closed","template":"","meta":{"_seopress_robots_primary_cat":"none","_seopress_titles_title":"%%post_title%% %%sep%% %%sitetitle%%","_seopress_titles_desc":"Emportez une chocogrenouille partout avec vous gr\u00e2ce \u00e0 ce porte-cl\u00e9s en forme bo\u00eete avec sa chocogrenouille \u00e0 l\u2019int\u00e9rieur !","_seopress_robots_index":""},"product_brand":[83],"product_cat":[162],"product_tag":[57],"class_list":{"0":"post-1407","1":"product","2":"type-product","3":"status-publish","4":"has-post-thumbnail","6":"product_brand-noble-collection","7":"product_cat-porte-cles","8":"product_tag-chocogrenouille","10":"first","11":"instock","12":"purchasable","13":"product-type-simple"},"_links":{"self":[{"href":"https:\/\/www.lechemindetraverse.com\/en\/wp-json\/wp\/v2\/product\/1407","targetHints":{"allow":["GET"]}}],"collection":[{"href":"https:\/\/www.lechemindetraverse.com\/en\/wp-json\/wp\/v2\/product"}],"about":[{"href":"https:\/\/www.lechemindetraverse.com\/en\/wp-json\/wp\/v2\/types\/product"}],"replies":[{"embeddable":true,"href":"https:\/\/www.lechemindetraverse.com\/en\/wp-json\/wp\/v2\/comments?post=1407"}],"wp:featuredmedia":[{"embeddable":true,"href":"https:\/\/www.lechemindetraverse.com\/en\/wp-json\/wp\/v2\/media\/5314"}],"wp:attachment":[{"href":"https:\/\/www.lechemindetraverse.com\/en\/wp-json\/wp\/v2\/media?parent=1407"}],"wp:term":[{"taxonomy":"product_brand","embeddable":true,"href":"https:\/\/www.lechemindetraverse.com\/en\/wp-json\/wp\/v2\/product_brand?post=1407"},{"taxonomy":"product_cat","embeddable":true,"href":"https:\/\/www.lechemindetraverse.com\/en\/wp-json\/wp\/v2\/product_cat?post=1407"},{"taxonomy":"product_tag","embeddable":true,"href":"https:\/\/www.lechemindetraverse.com\/en\/wp-json\/wp\/v2\/product_tag?post=1407"}],"curies":[{"name":"wp","href":"https:\/\/api.w.org\/{rel}","templated":true}]}}