{"id":1408,"date":"2022-08-18T23:31:27","date_gmt":"2022-08-18T21:31:27","guid":{"rendered":"https:\/\/www.lechemindetraverse.com\/produit\/non%20class\u00e9\/pieces-des-gobelins-de-gringotts\/"},"modified":"2026-03-29T20:17:11","modified_gmt":"2026-03-29T18:17:11","slug":"pieces-des-gobelins-de-gringotts","status":"publish","type":"product","link":"https:\/\/www.lechemindetraverse.com\/en\/product\/pirouette-et-badin-farces-attrapes\/figurines-repliques\/pieces-des-gobelins-de-gringotts\/","title":{"rendered":"Pi\u00e8ces de Gringotts &#8211; Monnaie des Sorciers &#8211; Noble Collection"},"content":{"rendered":"<p>D\u00e9couvrez cette collection de pi\u00e8ces provenant des coffres forts de Gringotts. Les Gobelins en ont bien pris soin jusqu&rsquo;\u00e0 ce que vous veniez les chercher&#8230; Cette collection comprend trois pi\u00e8ces :<\/p><ul class=\"wp-block-list\"><li>une petite (appel\u00e9e noise, elle est plaqu\u00e9e cuivre)<\/li><li>une moyenne (appel\u00e9e mornille, elle est plaqu\u00e9e argent)<\/li><li>une grande (un gallion, plaqu\u00e9 or 24 carats).<\/li><\/ul><p>Les d\u00e9penserez-vous ou les garderez-vous dans votre coffre sous le Chemin de Traverse ? Bien que cette monnaie n&rsquo;ait pas cours dans le monde des Moldus, vous pourrez toujours l&rsquo;exposer dans votre collection.<\/p><p>Dans les livres, 1 Gallion = 17 mornilles, et 1 Mornille = 29 Noises, donc 1 Gallion = 493 Noises.<\/p><p>En 2001, un vrai gallion \u00e9quivalait \u00e0 5 livres sterling, environ.<\/p><p>Caract\u00e9ristiques<\/p><ul class=\"wp-block-list\"><li>Mati\u00e8re : Laiton plaqu\u00e9 or, argent et cuivre avec bo\u00eete en bois<\/li><li>Dimensions de la bo\u00eete : 19 x 11 x 5 cm<\/li><li>\u00c2ge minimum conseill\u00e9 : 14 ans.<\/li><li>Article sous licence officielle Harry Potter<\/li><\/ul>","protected":false},"excerpt":{"rendered":"<p>R\u00e9pliques de collection d&rsquo;un gallion, d&rsquo;une mornille et d&rsquo;une noise.<\/p>\n<p>La monnaie des sorciers, contr\u00f4l\u00e9e par les Gobelins.<\/p>","protected":false},"featured_media":2063,"comment_status":"open","ping_status":"closed","template":"","meta":{"_seopress_robots_primary_cat":"none","_seopress_titles_title":"%%post_title%% %%sep%% %%sitetitle%%","_seopress_titles_desc":"R\u00e9pliques de collection d&#039;un gallion, d&#039;une mornille et d&#039;une noise, la monnaie des sorciers, contr\u00f4l\u00e9e par les Gobelins. En coffret de pr\u00e9sentation.","_seopress_robots_index":""},"product_brand":[83],"product_cat":[45,101],"product_tag":[67],"class_list":{"0":"post-1408","1":"product","2":"type-product","3":"status-publish","4":"has-post-thumbnail","6":"product_brand-noble-collection","7":"product_cat-pirouette-et-badin-farces-attrapes","8":"product_cat-figurines-repliques","9":"product_tag-gringotts","11":"first","12":"instock","13":"purchasable","14":"product-type-simple"},"_links":{"self":[{"href":"https:\/\/www.lechemindetraverse.com\/en\/wp-json\/wp\/v2\/product\/1408","targetHints":{"allow":["GET"]}}],"collection":[{"href":"https:\/\/www.lechemindetraverse.com\/en\/wp-json\/wp\/v2\/product"}],"about":[{"href":"https:\/\/www.lechemindetraverse.com\/en\/wp-json\/wp\/v2\/types\/product"}],"replies":[{"embeddable":true,"href":"https:\/\/www.lechemindetraverse.com\/en\/wp-json\/wp\/v2\/comments?post=1408"}],"wp:featuredmedia":[{"embeddable":true,"href":"https:\/\/www.lechemindetraverse.com\/en\/wp-json\/wp\/v2\/media\/2063"}],"wp:attachment":[{"href":"https:\/\/www.lechemindetraverse.com\/en\/wp-json\/wp\/v2\/media?parent=1408"}],"wp:term":[{"taxonomy":"product_brand","embeddable":true,"href":"https:\/\/www.lechemindetraverse.com\/en\/wp-json\/wp\/v2\/product_brand?post=1408"},{"taxonomy":"product_cat","embeddable":true,"href":"https:\/\/www.lechemindetraverse.com\/en\/wp-json\/wp\/v2\/product_cat?post=1408"},{"taxonomy":"product_tag","embeddable":true,"href":"https:\/\/www.lechemindetraverse.com\/en\/wp-json\/wp\/v2\/product_tag?post=1408"}],"curies":[{"name":"wp","href":"https:\/\/api.w.org\/{rel}","templated":true}]}}