{"id":1446,"date":"2022-08-18T23:31:33","date_gmt":"2022-08-18T21:31:33","guid":{"rendered":"https:\/\/www.lechemindetraverse.com\/produit\/non%20class\u00e9\/replique-chocogrenouille-prop-replica-harry-potter\/"},"modified":"2026-04-09T22:22:29","modified_gmt":"2026-04-09T20:22:29","slug":"replique-chocogrenouille-prop-replica-harry-potter","status":"publish","type":"product","link":"https:\/\/www.lechemindetraverse.com\/en\/product\/pirouette-et-badin-farces-attrapes\/figurines-repliques\/replique-chocogrenouille-prop-replica-harry-potter\/","title":{"rendered":"R\u00e9plique de Chocogrenouille &#8211; Noble Collection"},"content":{"rendered":"<p>Cette belle chocogrenouille est une r\u00e9plique officielle de la c\u00e9l\u00e8bre confiserie en chocolat pr\u00e9f\u00e9r\u00e9e des jeunes sorciers !<\/p><p>Caract\u00e9ristiques :<\/p><ul class=\"wp-block-list\"><li>Mati\u00e8re : Grenouille en Silicone, boite en plastique imitation m\u00e9tal<\/li><li>Dimensions de la bo\u00eete : 12 x 12 x 2,5 cm<\/li><li>Dimensions de la carte \u00e0 collectionner : 11 x 10 cm<\/li><li>Produit sous licence officielle Harry Potter<\/li><\/ul><p>Ne convient pas aux enfants de moins de 3 ans.<\/p>","protected":false},"excerpt":{"rendered":"<p>PROP REPLICA de chocogrenouille Noble Collection<\/p>\n<p>Avec carte Dumbledore<\/p>","protected":false},"featured_media":2081,"comment_status":"open","ping_status":"closed","template":"","meta":{"_seopress_robots_primary_cat":"none","_seopress_titles_title":"%%post_title%% %%sep%% %%sitetitle%% ","_seopress_titles_desc":"PROP REPLICA de chocogrenouille Noble Collection, avec carte Dumbledore.","_seopress_robots_index":""},"product_brand":[83],"product_cat":[45,101],"product_tag":[57],"class_list":{"0":"post-1446","1":"product","2":"type-product","3":"status-publish","4":"has-post-thumbnail","6":"product_brand-noble-collection","7":"product_cat-pirouette-et-badin-farces-attrapes","8":"product_cat-figurines-repliques","9":"product_tag-chocogrenouille","11":"first","12":"outofstock","13":"purchasable","14":"product-type-simple"},"_links":{"self":[{"href":"https:\/\/www.lechemindetraverse.com\/en\/wp-json\/wp\/v2\/product\/1446","targetHints":{"allow":["GET"]}}],"collection":[{"href":"https:\/\/www.lechemindetraverse.com\/en\/wp-json\/wp\/v2\/product"}],"about":[{"href":"https:\/\/www.lechemindetraverse.com\/en\/wp-json\/wp\/v2\/types\/product"}],"replies":[{"embeddable":true,"href":"https:\/\/www.lechemindetraverse.com\/en\/wp-json\/wp\/v2\/comments?post=1446"}],"wp:featuredmedia":[{"embeddable":true,"href":"https:\/\/www.lechemindetraverse.com\/en\/wp-json\/wp\/v2\/media\/2081"}],"wp:attachment":[{"href":"https:\/\/www.lechemindetraverse.com\/en\/wp-json\/wp\/v2\/media?parent=1446"}],"wp:term":[{"taxonomy":"product_brand","embeddable":true,"href":"https:\/\/www.lechemindetraverse.com\/en\/wp-json\/wp\/v2\/product_brand?post=1446"},{"taxonomy":"product_cat","embeddable":true,"href":"https:\/\/www.lechemindetraverse.com\/en\/wp-json\/wp\/v2\/product_cat?post=1446"},{"taxonomy":"product_tag","embeddable":true,"href":"https:\/\/www.lechemindetraverse.com\/en\/wp-json\/wp\/v2\/product_tag?post=1446"}],"curies":[{"name":"wp","href":"https:\/\/api.w.org\/{rel}","templated":true}]}}