{"id":1458,"date":"2022-08-18T23:31:33","date_gmt":"2022-08-18T21:31:33","guid":{"rendered":"https:\/\/www.lechemindetraverse.com\/produit\/non%20class\u00e9\/replique-collector-du-balai-nimbus-2001\/"},"modified":"2024-06-10T00:02:19","modified_gmt":"2024-06-09T22:02:19","slug":"replique-collector-du-balai-nimbus-2001","status":"publish","type":"product","link":"https:\/\/www.lechemindetraverse.com\/en\/product\/pirouette-et-badin-farces-attrapes\/figurines-repliques\/replique-collector-du-balai-nimbus-2001\/","title":{"rendered":"R\u00e9plique Collector du balai Nimbus 2001 &#8211; Noble Collection"},"content":{"rendered":"<p>Le balai de Drago Malefoy, qui joue au poste d&rsquo;attrapeur de l&rsquo;\u00e9quipe de Serpentard. Tout le reste de l&rsquo;\u00e9quipe a le m\u00eame balai, gr\u00e2ce au don de Lucius Malefoy !<\/p><p>Il s\u2019agit d\u2019une authentique r\u00e9plique grandeur nature mesurant 144 cm. Le balai est en r\u00e9sine, les cale-pieds sont en m\u00e9tal et plastique.<\/p><p>Poids avec emballage : 4400g<br>Poids produit : 2400g<\/p><p>Produit sous licence officielle Harry Potter\u2122.<\/p>","protected":false},"excerpt":{"rendered":"<p>R\u00e9plique officielle du balai Nimbus 2001 tel qu&rsquo;il apparait dans le film Harry Potter et la Chambre des Secrets.<\/p>\n<p>Le balai de Drago Malefoy et de l&rsquo;\u00e9quipe de Quidditch de Serpentard !<\/p>","protected":false},"featured_media":3370,"comment_status":"open","ping_status":"closed","template":"","meta":{"_seopress_robots_primary_cat":"none","_seopress_titles_title":"Balai Nimbus 2001 - R\u00e9plique officielle Noble Collection","_seopress_titles_desc":"R\u00e9plique officielle du balai Nimbus 2001 tel qu&#039;il apparait dans le film Harry Potter et la Chambre des Secrets. Le balai de Draco Malefoy !","_seopress_robots_index":""},"product_brand":[83],"product_cat":[101],"product_tag":[72,53],"class_list":{"0":"post-1458","1":"product","2":"type-product","3":"status-publish","4":"has-post-thumbnail","6":"product_brand-noble-collection","7":"product_cat-figurines-repliques","8":"product_tag-drago-malefoy","9":"product_tag-serpentard","11":"first","12":"instock","13":"purchasable","14":"product-type-simple"},"_links":{"self":[{"href":"https:\/\/www.lechemindetraverse.com\/en\/wp-json\/wp\/v2\/product\/1458","targetHints":{"allow":["GET"]}}],"collection":[{"href":"https:\/\/www.lechemindetraverse.com\/en\/wp-json\/wp\/v2\/product"}],"about":[{"href":"https:\/\/www.lechemindetraverse.com\/en\/wp-json\/wp\/v2\/types\/product"}],"replies":[{"embeddable":true,"href":"https:\/\/www.lechemindetraverse.com\/en\/wp-json\/wp\/v2\/comments?post=1458"}],"wp:featuredmedia":[{"embeddable":true,"href":"https:\/\/www.lechemindetraverse.com\/en\/wp-json\/wp\/v2\/media\/3370"}],"wp:attachment":[{"href":"https:\/\/www.lechemindetraverse.com\/en\/wp-json\/wp\/v2\/media?parent=1458"}],"wp:term":[{"taxonomy":"product_brand","embeddable":true,"href":"https:\/\/www.lechemindetraverse.com\/en\/wp-json\/wp\/v2\/product_brand?post=1458"},{"taxonomy":"product_cat","embeddable":true,"href":"https:\/\/www.lechemindetraverse.com\/en\/wp-json\/wp\/v2\/product_cat?post=1458"},{"taxonomy":"product_tag","embeddable":true,"href":"https:\/\/www.lechemindetraverse.com\/en\/wp-json\/wp\/v2\/product_tag?post=1458"}],"curies":[{"name":"wp","href":"https:\/\/api.w.org\/{rel}","templated":true}]}}