{"id":2187,"date":"2022-10-09T23:53:20","date_gmt":"2022-10-09T21:53:20","guid":{"rendered":"https:\/\/www.lechemindetraverse.com\/?post_type=product&#038;p=2187"},"modified":"2024-02-23T14:48:12","modified_gmt":"2024-02-23T13:48:12","slug":"beret-tricot-citrouille","status":"publish","type":"product","link":"https:\/\/www.lechemindetraverse.com\/en\/product\/mrs-guipure\/hats\/beret-tricot-citrouille\/","title":{"rendered":"B\u00e9ret tricot\u00e9 Citrouille &#8211; The Witch&rsquo;s Cabin"},"content":{"rendered":"<p>Ce beau b\u00e9ret en forme de citrouille a \u00e9t\u00e9 tricot\u00e9 avec de la laine acrylique 100 % v\u00e9g\u00e9talienne. Parfait pour Halloween, l&rsquo;automne, et m\u00eame pourquoi pas toute l&rsquo;ann\u00e9e !<\/p><p>R\u00e9alis\u00e9 en m\u00e9langeant les deux techniques, tricot et crochet. Fabriqu\u00e9 \u00e0 la main en Espagne, avec amour !<\/p><p>Taille unique. Les mailles \u00e9tant assez extensibles, il pourra aller \u00e0 toutes les t\u00eates sans probl\u00e8me.<\/p>","protected":false},"excerpt":{"rendered":"<p>100 %\u00a0 acrylique<\/p>\n<p>Tricot\u00e9 main en Espagne<\/p>","protected":false},"featured_media":2193,"comment_status":"open","ping_status":"closed","template":"","meta":{"_seopress_robots_primary_cat":"","_seopress_titles_title":"%%post_title%% %%sep%% %%sitetitle%%","_seopress_titles_desc":"Beau b\u00e9ret en forme de citrouille 100 %\u00a0 acrylique, tricot\u00e9 main en Espagne, taille unique. Fabriqu\u00e9 \u00e0 la main en Espagne, avec amour !","_seopress_robots_index":""},"product_brand":[91],"product_cat":[43,97],"product_tag":[95],"class_list":{"0":"post-2187","1":"product","2":"type-product","3":"status-publish","4":"has-post-thumbnail","6":"product_brand-the-witchs-cabin","7":"product_cat-madame-guipure","8":"product_cat-bonnets-chapeaux","9":"product_tag-citrouilles","11":"first","12":"instock","13":"shipping-taxable","14":"purchasable","15":"product-type-simple"},"_links":{"self":[{"href":"https:\/\/www.lechemindetraverse.com\/en\/wp-json\/wp\/v2\/product\/2187","targetHints":{"allow":["GET"]}}],"collection":[{"href":"https:\/\/www.lechemindetraverse.com\/en\/wp-json\/wp\/v2\/product"}],"about":[{"href":"https:\/\/www.lechemindetraverse.com\/en\/wp-json\/wp\/v2\/types\/product"}],"replies":[{"embeddable":true,"href":"https:\/\/www.lechemindetraverse.com\/en\/wp-json\/wp\/v2\/comments?post=2187"}],"wp:featuredmedia":[{"embeddable":true,"href":"https:\/\/www.lechemindetraverse.com\/en\/wp-json\/wp\/v2\/media\/2193"}],"wp:attachment":[{"href":"https:\/\/www.lechemindetraverse.com\/en\/wp-json\/wp\/v2\/media?parent=2187"}],"wp:term":[{"taxonomy":"product_brand","embeddable":true,"href":"https:\/\/www.lechemindetraverse.com\/en\/wp-json\/wp\/v2\/product_brand?post=2187"},{"taxonomy":"product_cat","embeddable":true,"href":"https:\/\/www.lechemindetraverse.com\/en\/wp-json\/wp\/v2\/product_cat?post=2187"},{"taxonomy":"product_tag","embeddable":true,"href":"https:\/\/www.lechemindetraverse.com\/en\/wp-json\/wp\/v2\/product_tag?post=2187"}],"curies":[{"name":"wp","href":"https:\/\/api.w.org\/{rel}","templated":true}]}}