{"id":2788,"date":"2023-01-27T23:48:39","date_gmt":"2023-01-27T22:48:39","guid":{"rendered":"https:\/\/www.lechemindetraverse.com\/?post_type=product&#038;p=2788"},"modified":"2026-01-16T16:07:04","modified_gmt":"2026-01-16T15:07:04","slug":"journal-ligne-defense-contre-les-forces-du-mal-minalima","status":"publish","type":"product","link":"https:\/\/www.lechemindetraverse.com\/en\/product\/papeterie\/carnets-et-journaux\/journal-ligne-defense-contre-les-forces-du-mal-minalima\/","title":{"rendered":"Journal Lign\u00e9 \u00ab\u00a0D\u00e9fense contre les Forces du Mal\u00a0\u00bb &#8211; Minalima"},"content":{"rendered":"<p>Carnet de collection \u00e0 couverture rigide reprenant les \u0153uvres d&rsquo;art originales de MinaLima, avec des d\u00e9tails de couverture en noir, des bords en rouge, 200 pages lign\u00e9es et un ruban.<\/p><p>Taille du journal &#8211; 18,4 x 13 cm<br><br>Pr\u00e9sent\u00e9 dans\u2026 Harry Potter et l&rsquo;Ordre du Ph\u00e9nix<br>Miraphora Mina et Eduardo Lima ont con\u00e7u un large \u00e9ventail de livres pour le monde des sorciers, les vieillissant, ajoutant du texte sur les pages int\u00e9rieures, et parfois m\u00eame des notes manuscrites pour les rendre plus r\u00e9alistes. Inspir\u00e9 des manuels scolaires du milieu du si\u00e8cle dernier, \u00a0\u00bb Dark Arts Defence &#8211; Basic for Beginners \u00a0\u00bb a \u00e9t\u00e9 d\u00e9lib\u00e9r\u00e9ment utilis\u00e9 par le professeur Ombrage pour enseigner un niveau de d\u00e9fense \u00e9l\u00e9mentaire, inf\u00e9rieur aux normes attendues des \u00e9l\u00e8ves de Poudlard.<\/p>","protected":false},"excerpt":{"rendered":"<p>Journal \u00e0 couverture cartonn\u00e9e avec d\u00e9tails de la couverture en brillance, bords rouge brillant, ruban et pages lign\u00e9es.<\/p>\n<p>200 pages<\/p>","protected":false},"featured_media":2792,"comment_status":"open","ping_status":"closed","template":"","meta":{"_seopress_robots_primary_cat":"none","_seopress_titles_title":"%%post_title%% %%sep%% %%sitetitle%%","_seopress_titles_desc":"Carnet \u00e0 couverture cartonn\u00e9e avec d\u00e9tails de la couverture en brillance, bords rouge brillant, ruban et pages lign\u00e9es. Parfait pour en faire un journal !","_seopress_robots_index":""},"product_brand":[124],"product_cat":[176],"product_tag":[93],"class_list":{"0":"post-2788","1":"product","2":"type-product","3":"status-publish","4":"has-post-thumbnail","6":"product_brand-minalima","7":"product_cat-carnets-et-journaux","8":"product_tag-dolores-ombrage","10":"first","11":"outofstock","12":"shipping-taxable","13":"purchasable","14":"product-type-simple"},"_links":{"self":[{"href":"https:\/\/www.lechemindetraverse.com\/en\/wp-json\/wp\/v2\/product\/2788","targetHints":{"allow":["GET"]}}],"collection":[{"href":"https:\/\/www.lechemindetraverse.com\/en\/wp-json\/wp\/v2\/product"}],"about":[{"href":"https:\/\/www.lechemindetraverse.com\/en\/wp-json\/wp\/v2\/types\/product"}],"replies":[{"embeddable":true,"href":"https:\/\/www.lechemindetraverse.com\/en\/wp-json\/wp\/v2\/comments?post=2788"}],"wp:featuredmedia":[{"embeddable":true,"href":"https:\/\/www.lechemindetraverse.com\/en\/wp-json\/wp\/v2\/media\/2792"}],"wp:attachment":[{"href":"https:\/\/www.lechemindetraverse.com\/en\/wp-json\/wp\/v2\/media?parent=2788"}],"wp:term":[{"taxonomy":"product_brand","embeddable":true,"href":"https:\/\/www.lechemindetraverse.com\/en\/wp-json\/wp\/v2\/product_brand?post=2788"},{"taxonomy":"product_cat","embeddable":true,"href":"https:\/\/www.lechemindetraverse.com\/en\/wp-json\/wp\/v2\/product_cat?post=2788"},{"taxonomy":"product_tag","embeddable":true,"href":"https:\/\/www.lechemindetraverse.com\/en\/wp-json\/wp\/v2\/product_tag?post=2788"}],"curies":[{"name":"wp","href":"https:\/\/api.w.org\/{rel}","templated":true}]}}