{"id":2925,"date":"2023-02-17T08:51:56","date_gmt":"2023-02-17T07:51:56","guid":{"rendered":"https:\/\/www.lechemindetraverse.com\/?post_type=product&#038;p=2925"},"modified":"2026-03-26T13:48:49","modified_gmt":"2026-03-26T12:48:49","slug":"baguette-magique-en-bois-sculpte-sb-handicraftviet","status":"publish","type":"product","link":"https:\/\/www.lechemindetraverse.com\/en\/product\/baguettes-magiques-ollivander\/baguettes-magiques-originales\/baguette-magique-en-bois-sculpte-sb-handicraftviet\/","title":{"rendered":"Baguette Magique en Bois Sculpt\u00e9 &#8211; SB &#8211; Handicraftviet"},"content":{"rendered":"<p>Cette belle baguette magique est r\u00e9alis\u00e9e en bois sculpt\u00e9. Son design s&rsquo;inspire de la baguette du premier sorcier \u00e0 s&rsquo;\u00eatre \u00e9chapp\u00e9 de la prison d&rsquo;Azkaban&#8230; C&rsquo;est une baguette l\u00e9g\u00e8re, joliment sculpt\u00e9e de runes tout au long de la poign\u00e9e.<\/p><p>Longueur : 38 cm environ<br>Origine : Viet Nam<br>Mat\u00e9riau : bois naturel, verni<br>D\u00e9cor : SB &#8211; autres d\u00e9cors disponibles.<br>Pr\u00e9sentation : livr\u00e9e sans bo\u00eete.<\/p><p>Bois : essence de Muong, aussi appel\u00e9 Cassia, originaire du Vietnam. C&rsquo;est un bois dont les veines sont noires en son coeur et plus claires en surface. Il repousse rapidement et facilement, son esp\u00e8ce ne souffre pas de d\u00e9forestation.<\/p><p>N.B. : Le bois \u00e9tant une mati\u00e8re naturelle, et cette baguette \u00e9tant finie \u00e0 la main, de l\u00e9g\u00e8res diff\u00e9rences peuvent appara\u00eetre entre deux unit\u00e9s (couleurs, design, \u00e9paisseur&#8230;).<\/p><figure class=\"wp-block-embed aligncenter is-type-video is-provider-youtube wp-block-embed-youtube wp-embed-aspect-16-9 wp-has-aspect-ratio\"><div class=\"wp-block-embed__wrapper\">\n<div class=\"video-container\"><iframe title=\"Baguette Magique en Bois Sculpt\u00e9 - Sirius Black - Handicraftviet\" width=\"1170\" height=\"658\" src=\"https:\/\/www.youtube.com\/embed\/yr9HebbKiO4?feature=oembed\" frameborder=\"0\" allow=\"accelerometer; autoplay; clipboard-write; encrypted-media; gyroscope; picture-in-picture; web-share\" allowfullscreen><\/iframe><\/div>\n<\/div><\/figure>","protected":false},"excerpt":{"rendered":"<p>Baguette en bois sculpt\u00e9, design de la baguette de notre parrain pr\u00e9f\u00e9r\u00e9 !<\/p>\n<p>Longueur : 38 cm environ<br \/>Origine : Viet Nam<br \/>Mat\u00e9riau : bois de cassia naturel<\/p>","protected":false},"featured_media":3031,"comment_status":"open","ping_status":"closed","template":"","meta":{"_seopress_robots_primary_cat":"none","_seopress_titles_title":"Baguette Magique en Bois Sculpt\u00e9 - Sirius Black - Handicraftviet - Le Chemin de Traverse","_seopress_titles_desc":"Cette belle baguette magique est r\u00e9alis\u00e9e en bois sculpt\u00e9. Son design s'inspire de la baguette de Sirius Black, le premier sorcier \u00e0 s'\u00eatre \u00e9chapp\u00e9 de la prison d'Azkaban... C'est une baguette l\u00e9g\u00e8re, joliment sculpt\u00e9e de runes tout au long de la poign\u00e9e.","_seopress_robots_index":""},"product_brand":[125],"product_cat":[103],"product_tag":[71],"class_list":{"0":"post-2925","1":"product","2":"type-product","3":"status-publish","4":"has-post-thumbnail","6":"product_brand-handicraftviet","7":"product_cat-baguettes-magiques-originales","8":"product_tag-sirius-black","10":"first","11":"instock","12":"shipping-taxable","13":"purchasable","14":"product-type-simple"},"_links":{"self":[{"href":"https:\/\/www.lechemindetraverse.com\/en\/wp-json\/wp\/v2\/product\/2925","targetHints":{"allow":["GET"]}}],"collection":[{"href":"https:\/\/www.lechemindetraverse.com\/en\/wp-json\/wp\/v2\/product"}],"about":[{"href":"https:\/\/www.lechemindetraverse.com\/en\/wp-json\/wp\/v2\/types\/product"}],"replies":[{"embeddable":true,"href":"https:\/\/www.lechemindetraverse.com\/en\/wp-json\/wp\/v2\/comments?post=2925"}],"wp:featuredmedia":[{"embeddable":true,"href":"https:\/\/www.lechemindetraverse.com\/en\/wp-json\/wp\/v2\/media\/3031"}],"wp:attachment":[{"href":"https:\/\/www.lechemindetraverse.com\/en\/wp-json\/wp\/v2\/media?parent=2925"}],"wp:term":[{"taxonomy":"product_brand","embeddable":true,"href":"https:\/\/www.lechemindetraverse.com\/en\/wp-json\/wp\/v2\/product_brand?post=2925"},{"taxonomy":"product_cat","embeddable":true,"href":"https:\/\/www.lechemindetraverse.com\/en\/wp-json\/wp\/v2\/product_cat?post=2925"},{"taxonomy":"product_tag","embeddable":true,"href":"https:\/\/www.lechemindetraverse.com\/en\/wp-json\/wp\/v2\/product_tag?post=2925"}],"curies":[{"name":"wp","href":"https:\/\/api.w.org\/{rel}","templated":true}]}}