{"id":2927,"date":"2023-02-19T18:25:47","date_gmt":"2023-02-19T17:25:47","guid":{"rendered":"https:\/\/www.lechemindetraverse.com\/?post_type=product&#038;p=2927"},"modified":"2026-03-26T13:48:48","modified_gmt":"2026-03-26T12:48:48","slug":"baguette-magique-en-bois-sculpte-queue-de-phenix-handicraftviet","status":"publish","type":"product","link":"https:\/\/www.lechemindetraverse.com\/en\/product\/baguettes-magiques-ollivander\/baguettes-magiques-originales\/baguette-magique-en-bois-sculpte-queue-de-phenix-handicraftviet\/","title":{"rendered":"Baguette Magique en Bois Sculpt\u00e9 &#8211; Queue de Ph\u00e9nix &#8211; Handicraftviet"},"content":{"rendered":"<p>Cette belle baguette magique est r\u00e9alis\u00e9e en bois sculpt\u00e9. Sa poign\u00e9e pr\u00e9sente une queue de ph\u00e9nix. La baguette est sculpt\u00e9e d&rsquo;une seule pi\u00e8ce de bois ! Parfaite pour les fans de Fumseck, le ph\u00e9nix d&rsquo;Albus Dumbledore.<\/p><p>Longueur : 38 cm environ<br>Origine : Viet Nam<br>Mat\u00e9riau : bois naturel verni<br>D\u00e9cor : Coeur &#8211; autres d\u00e9cors disponibles.<br>Pr\u00e9sentation : livr\u00e9e sans bo\u00eete.<\/p><p>Bois : essence de Muong, aussi appel\u00e9 Cassia, originaire du Vietnam. C&rsquo;est un bois dont les veines sont noires en son coeur et plus claires en surface. Il repousse rapidement et facilement, son esp\u00e8ce ne souffre pas de d\u00e9forestation.<\/p><p>N.B. : Le bois \u00e9tant une mati\u00e8re naturelle, et cette baguette \u00e9tant finie \u00e0 la main, de l\u00e9g\u00e8res diff\u00e9rences peuvent appara\u00eetre entre deux unit\u00e9s (couleurs, design, \u00e9paisseur\u2026).<\/p>","protected":false},"excerpt":{"rendered":"<p>Baguette magique de sorcier(e) en bois sculpt\u00e9.<\/p>\n<p>Parfaite pour les fans de Fumseck, le ph\u00e9nix d&rsquo;Albus Dumbledore !<\/p>\n<p>Longueur : 38 cm environ.<\/p>\n<p>Mat\u00e9riau : bois de cassia naturel.<\/p>","protected":false},"featured_media":3042,"comment_status":"open","ping_status":"closed","template":"","meta":{"_seopress_robots_primary_cat":"none","_seopress_titles_title":"%%post_title%% %%sep%% %%sitetitle%%","_seopress_titles_desc":"Baguette magique de sorcier(e) en bois sculpt\u00e9. Parfaite pour les fans de Fumseck, le ph\u00e9nix d'Albus Dumbledore. 38 cm environ, fabriqu\u00e9e au Viet Nam en bois de cassia naturel.","_seopress_robots_index":""},"product_brand":[125],"product_cat":[103],"product_tag":[122],"class_list":{"0":"post-2927","1":"product","2":"type-product","3":"status-publish","4":"has-post-thumbnail","6":"product_brand-handicraftviet","7":"product_cat-baguettes-magiques-originales","8":"product_tag-fumseck","10":"first","11":"instock","12":"shipping-taxable","13":"purchasable","14":"product-type-simple"},"_links":{"self":[{"href":"https:\/\/www.lechemindetraverse.com\/en\/wp-json\/wp\/v2\/product\/2927","targetHints":{"allow":["GET"]}}],"collection":[{"href":"https:\/\/www.lechemindetraverse.com\/en\/wp-json\/wp\/v2\/product"}],"about":[{"href":"https:\/\/www.lechemindetraverse.com\/en\/wp-json\/wp\/v2\/types\/product"}],"replies":[{"embeddable":true,"href":"https:\/\/www.lechemindetraverse.com\/en\/wp-json\/wp\/v2\/comments?post=2927"}],"wp:featuredmedia":[{"embeddable":true,"href":"https:\/\/www.lechemindetraverse.com\/en\/wp-json\/wp\/v2\/media\/3042"}],"wp:attachment":[{"href":"https:\/\/www.lechemindetraverse.com\/en\/wp-json\/wp\/v2\/media?parent=2927"}],"wp:term":[{"taxonomy":"product_brand","embeddable":true,"href":"https:\/\/www.lechemindetraverse.com\/en\/wp-json\/wp\/v2\/product_brand?post=2927"},{"taxonomy":"product_cat","embeddable":true,"href":"https:\/\/www.lechemindetraverse.com\/en\/wp-json\/wp\/v2\/product_cat?post=2927"},{"taxonomy":"product_tag","embeddable":true,"href":"https:\/\/www.lechemindetraverse.com\/en\/wp-json\/wp\/v2\/product_tag?post=2927"}],"curies":[{"name":"wp","href":"https:\/\/api.w.org\/{rel}","templated":true}]}}