{"id":2933,"date":"2023-02-19T17:25:53","date_gmt":"2023-02-19T16:25:53","guid":{"rendered":"https:\/\/www.lechemindetraverse.com\/?post_type=product&#038;p=2933"},"modified":"2025-12-07T22:06:08","modified_gmt":"2025-12-07T21:06:08","slug":"baguette-magique-en-bois-sculpte-kelpy-handicraftviet","status":"publish","type":"product","link":"https:\/\/www.lechemindetraverse.com\/en\/product\/baguettes-magiques-ollivander\/baguettes-magiques-originales\/baguette-magique-en-bois-sculpte-kelpy-handicraftviet\/","title":{"rendered":"Baguette Magique en Bois Sculpt\u00e9 &#8211; Kelpy &#8211; Handicraftviet"},"content":{"rendered":"<p>Cette belle baguette magique est r\u00e9alis\u00e9e en bois sculpt\u00e9. Sa poign\u00e9e pr\u00e9sente une t\u00eate de cheval sculpt\u00e9e, le kelpy est une cr\u00e9ature magique \u00e0 t\u00eate de cheval que l&rsquo;on a pu voir dans les Animaux Fantastiques. La baguette est sculpt\u00e9e d&rsquo;une seule pi\u00e8ce de bois !<\/p><p>Longueur : 38 cm environ<br>Origine : Viet Nam<br>Mat\u00e9riau : bois naturel verni<br>D\u00e9cor : Kelpy &#8211; autres d\u00e9cors disponibles.<br>Pr\u00e9sentation : livr\u00e9e sans bo\u00eete.<\/p><p>Bois : essence de Muong, aussi appel\u00e9 Cassia, originaire du Vietnam. C&rsquo;est un bois dont les veines sont noires en son coeur et plus claires en surface. Il repousse rapidement et facilement, son esp\u00e8ce ne souffre pas de d\u00e9forestation.<\/p><p>N.B. : Le bois \u00e9tant une mati\u00e8re naturelle, et cette baguette \u00e9tant finie \u00e0 la main, de l\u00e9g\u00e8res diff\u00e9rences peuvent appara\u00eetre entre deux unit\u00e9s (couleurs, design, \u00e9paisseur\u2026).<\/p>","protected":false},"excerpt":{"rendered":"<p>Baguette magique de sorcier(e) en bois sculpt\u00e9.<\/p>\n<p>Longueur : 38 cm environ<br \/>\nOrigine : Viet Nam<br \/>\nMat\u00e9riau : bois de cassia naturel<\/p>","protected":false},"featured_media":3079,"comment_status":"open","ping_status":"closed","template":"","meta":{"_seopress_robots_primary_cat":"none","_seopress_titles_title":"%%post_title%% %%sep%% %%sitetitle%%","_seopress_titles_desc":"Cette belle baguette magique est r\u00e9alis\u00e9e en bois sculpt\u00e9. Sa poign\u00e9e pr\u00e9sente une t\u00eate de cheval sculpt\u00e9e, le kelpy est une cr\u00e9ature magique \u00e0 t\u00eate de cheval que l&#039;on a pu voir dans les Animaux Fantastiques. La baguette est sculpt\u00e9e d&#039;une seule pi\u00e8ce de bois !","_seopress_robots_index":""},"product_brand":[125],"product_cat":[103],"product_tag":[75],"class_list":{"0":"post-2933","1":"product","2":"type-product","3":"status-publish","4":"has-post-thumbnail","6":"product_brand-handicraftviet","7":"product_cat-baguettes-magiques-originales","8":"product_tag-animaux-fantastiques","10":"first","11":"instock","12":"shipping-taxable","13":"purchasable","14":"product-type-simple"},"_links":{"self":[{"href":"https:\/\/www.lechemindetraverse.com\/en\/wp-json\/wp\/v2\/product\/2933","targetHints":{"allow":["GET"]}}],"collection":[{"href":"https:\/\/www.lechemindetraverse.com\/en\/wp-json\/wp\/v2\/product"}],"about":[{"href":"https:\/\/www.lechemindetraverse.com\/en\/wp-json\/wp\/v2\/types\/product"}],"replies":[{"embeddable":true,"href":"https:\/\/www.lechemindetraverse.com\/en\/wp-json\/wp\/v2\/comments?post=2933"}],"wp:featuredmedia":[{"embeddable":true,"href":"https:\/\/www.lechemindetraverse.com\/en\/wp-json\/wp\/v2\/media\/3079"}],"wp:attachment":[{"href":"https:\/\/www.lechemindetraverse.com\/en\/wp-json\/wp\/v2\/media?parent=2933"}],"wp:term":[{"taxonomy":"product_brand","embeddable":true,"href":"https:\/\/www.lechemindetraverse.com\/en\/wp-json\/wp\/v2\/product_brand?post=2933"},{"taxonomy":"product_cat","embeddable":true,"href":"https:\/\/www.lechemindetraverse.com\/en\/wp-json\/wp\/v2\/product_cat?post=2933"},{"taxonomy":"product_tag","embeddable":true,"href":"https:\/\/www.lechemindetraverse.com\/en\/wp-json\/wp\/v2\/product_tag?post=2933"}],"curies":[{"name":"wp","href":"https:\/\/api.w.org\/{rel}","templated":true}]}}