{"id":3179,"date":"2023-05-06T10:03:29","date_gmt":"2023-05-06T08:03:29","guid":{"rendered":"https:\/\/www.lechemindetraverse.com\/?post_type=product&#038;p=3179"},"modified":"2025-02-20T13:45:03","modified_gmt":"2025-02-20T12:45:03","slug":"boule-de-cristal-8cm-et-support","status":"publish","type":"product","link":"https:\/\/www.lechemindetraverse.com\/en\/product\/wiseacres\/boule-de-cristal-8cm-et-support\/","title":{"rendered":"Boule de cristal 8cm et support"},"content":{"rendered":"<p>Pr\u00eat(e) pour le cours de divination ? Le professeur Trelawney nous attend dans la tour Nord de Poudlard ! Afin de bien pr\u00e9parer ce cours, \u00e9quipez-vous d&rsquo;une boule de cristal et entra\u00eenez-vous aux pr\u00e9dictions.<\/p><p>Cette boule de cristal de petite taille mesure 8 cm de diam\u00e8tre et est livr\u00e9e avec un petit support en bois et une bo\u00eete de pr\u00e9sentation.<\/p><p>Mat\u00e9riaux : cristal, bois verni<br>Diam\u00e8tre de la boule : 8 cm, autres tailles disponibles.<br>Le coffret peut \u00eatre noir et non rouge comme pr\u00e9sent\u00e9.<\/p><p>NB : compte tenu du poids important du cristal, il est possible qu&rsquo;il faille deux ou trois hiboux pour porter le paquet contenant ce produit. Ceci explique que les frais de port peuvent vous para\u00eetre \u00e9lev\u00e9s.<\/p>","protected":false},"excerpt":{"rendered":"<p>Cette petite boule de cristal mesure 8 cm de diam\u00e8tre et est livr\u00e9e avec un petit support en bois et une bo\u00eete de pr\u00e9sentation.<\/p>","protected":false},"featured_media":3276,"comment_status":"open","ping_status":"closed","template":"","meta":{"_seopress_robots_primary_cat":"none","_seopress_titles_title":"%%post_title%% %%sep%% %%sitetitle%%","_seopress_titles_desc":"Cette petite boule de cristal mesure 8 cm de diam\u00e8tre et est livr\u00e9e avec un petit support en bois et une bo\u00eete de pr\u00e9sentation.","_seopress_robots_index":""},"product_brand":[126],"product_cat":[129],"product_tag":[],"class_list":{"0":"post-3179","1":"product","2":"type-product","3":"status-publish","4":"has-post-thumbnail","6":"product_brand-something-different","7":"product_cat-wiseacres","9":"first","10":"instock","11":"shipping-taxable","12":"purchasable","13":"product-type-simple"},"_links":{"self":[{"href":"https:\/\/www.lechemindetraverse.com\/en\/wp-json\/wp\/v2\/product\/3179","targetHints":{"allow":["GET"]}}],"collection":[{"href":"https:\/\/www.lechemindetraverse.com\/en\/wp-json\/wp\/v2\/product"}],"about":[{"href":"https:\/\/www.lechemindetraverse.com\/en\/wp-json\/wp\/v2\/types\/product"}],"replies":[{"embeddable":true,"href":"https:\/\/www.lechemindetraverse.com\/en\/wp-json\/wp\/v2\/comments?post=3179"}],"wp:featuredmedia":[{"embeddable":true,"href":"https:\/\/www.lechemindetraverse.com\/en\/wp-json\/wp\/v2\/media\/3276"}],"wp:attachment":[{"href":"https:\/\/www.lechemindetraverse.com\/en\/wp-json\/wp\/v2\/media?parent=3179"}],"wp:term":[{"taxonomy":"product_brand","embeddable":true,"href":"https:\/\/www.lechemindetraverse.com\/en\/wp-json\/wp\/v2\/product_brand?post=3179"},{"taxonomy":"product_cat","embeddable":true,"href":"https:\/\/www.lechemindetraverse.com\/en\/wp-json\/wp\/v2\/product_cat?post=3179"},{"taxonomy":"product_tag","embeddable":true,"href":"https:\/\/www.lechemindetraverse.com\/en\/wp-json\/wp\/v2\/product_tag?post=3179"}],"curies":[{"name":"wp","href":"https:\/\/api.w.org\/{rel}","templated":true}]}}