{"id":3183,"date":"2023-06-20T12:41:40","date_gmt":"2023-06-20T10:41:40","guid":{"rendered":"https:\/\/www.lechemindetraverse.com\/?post_type=product&#038;p=3183"},"modified":"2025-07-23T00:02:50","modified_gmt":"2025-07-22T22:02:50","slug":"planche-de-ouija-en-coton","status":"publish","type":"product","link":"https:\/\/www.lechemindetraverse.com\/en\/product\/wiseacres\/planche-de-ouija-en-coton\/","title":{"rendered":"Planche de Ouija en Coton"},"content":{"rendered":"<p>Connectez-vous avec l&rsquo;au-del\u00e0 avec cette planche de ouija en coton imprim\u00e9e d&rsquo;un motif contemporain. Ce style amusant inspir\u00e9 du tableau des esprits est parfait pour canaliser des entit\u00e9s puissantes et d\u00e9corer un espace d&rsquo;autel sacr\u00e9.<\/p><p>Mati\u00e8re : Coton<br>Dimensions : 70 x 70 cm<br>N.B. : Cette planche est con\u00e7ue pour un divertissement l\u00e9ger et n&rsquo;est pas un outil professionnel pour \u00e9tablir des liens spirituels.<\/p>","protected":false},"excerpt":{"rendered":"<p>Tissu repr\u00e9sentant une planche de ouija 70 x 70 cm<\/p>","protected":false},"featured_media":3322,"comment_status":"open","ping_status":"closed","template":"","meta":{"_seopress_robots_primary_cat":"none","_seopress_titles_title":"%%post_title%% %%sep%% %%sitetitle%%","_seopress_titles_desc":"Tissu repr\u00e9sentant une planche de ouija, 70 x 70 cm.","_seopress_robots_index":""},"product_brand":[126],"product_cat":[129],"product_tag":[],"class_list":{"0":"post-3183","1":"product","2":"type-product","3":"status-publish","4":"has-post-thumbnail","6":"product_brand-something-different","7":"product_cat-wiseacres","9":"first","10":"instock","11":"shipping-taxable","12":"purchasable","13":"product-type-simple"},"_links":{"self":[{"href":"https:\/\/www.lechemindetraverse.com\/en\/wp-json\/wp\/v2\/product\/3183","targetHints":{"allow":["GET"]}}],"collection":[{"href":"https:\/\/www.lechemindetraverse.com\/en\/wp-json\/wp\/v2\/product"}],"about":[{"href":"https:\/\/www.lechemindetraverse.com\/en\/wp-json\/wp\/v2\/types\/product"}],"replies":[{"embeddable":true,"href":"https:\/\/www.lechemindetraverse.com\/en\/wp-json\/wp\/v2\/comments?post=3183"}],"wp:featuredmedia":[{"embeddable":true,"href":"https:\/\/www.lechemindetraverse.com\/en\/wp-json\/wp\/v2\/media\/3322"}],"wp:attachment":[{"href":"https:\/\/www.lechemindetraverse.com\/en\/wp-json\/wp\/v2\/media?parent=3183"}],"wp:term":[{"taxonomy":"product_brand","embeddable":true,"href":"https:\/\/www.lechemindetraverse.com\/en\/wp-json\/wp\/v2\/product_brand?post=3183"},{"taxonomy":"product_cat","embeddable":true,"href":"https:\/\/www.lechemindetraverse.com\/en\/wp-json\/wp\/v2\/product_cat?post=3183"},{"taxonomy":"product_tag","embeddable":true,"href":"https:\/\/www.lechemindetraverse.com\/en\/wp-json\/wp\/v2\/product_tag?post=3183"}],"curies":[{"name":"wp","href":"https:\/\/api.w.org\/{rel}","templated":true}]}}