{"id":3187,"date":"2023-07-10T10:28:30","date_gmt":"2023-07-10T08:28:30","guid":{"rendered":"https:\/\/www.lechemindetraverse.com\/?post_type=product&#038;p=3187"},"modified":"2025-06-10T23:24:08","modified_gmt":"2025-06-10T21:24:08","slug":"theiere-witches-brew","status":"publish","type":"product","link":"https:\/\/www.lechemindetraverse.com\/en\/product\/boiling-cauldron\/teapots-of-all-kinds\/theiere-witches-brew\/","title":{"rendered":"Th\u00e9i\u00e8re \u00ab\u00a0Witches Brew\u00a0\u00bb"},"content":{"rendered":"<p>Cette th\u00e9i\u00e8re chaudron en c\u00e9ramique &lsquo;Witches Brew&rsquo; ravira \u00e0 coup s\u00fbr les invit\u00e9s \u00e0 l&rsquo;heure du th\u00e9. Contient environ 550 ml, ce qui \u00e9quivaut \u00e0 environ 2 tasses de th\u00e9.<\/p><p>Dimensions<br>H : 19 cm x L : 26 cm x P : 16,5 cm<br>Passe au micro-ondes et au lave-vaisselle.<\/p><p>\u00ab\u00a0Witches Brew\u00a0\u00bb = Breuvage de sorci\u00e8res en anglais. Une gamme incontournable de produits pour sorci\u00e8res et sorciers aimant les chaudrons qui fument !<\/p>","protected":false},"excerpt":{"rendered":"<p>La th\u00e9i\u00e8re chaudron la plus populaire ! Un cadeau id\u00e9al pour les sorci\u00e8res aimant le th\u00e9.<\/p>","protected":false},"featured_media":3338,"comment_status":"open","ping_status":"closed","template":"","meta":{"_seopress_robots_primary_cat":"none","_seopress_titles_title":"%%post_title%% %%sep%% %%sitetitle%%","_seopress_titles_desc":"La th\u00e9i\u00e8re chaudron la plus populaire ! Un cadeau id\u00e9al pour les sorci\u00e8res aimant le th\u00e9.","_seopress_robots_index":""},"product_brand":[126],"product_cat":[201],"product_tag":[128],"class_list":{"0":"post-3187","1":"product","2":"type-product","3":"status-publish","4":"has-post-thumbnail","6":"product_brand-something-different","7":"product_cat-theieres-en-tous-genres","8":"product_tag-witches-brew","10":"first","11":"instock","12":"shipping-taxable","13":"purchasable","14":"product-type-simple"},"_links":{"self":[{"href":"https:\/\/www.lechemindetraverse.com\/en\/wp-json\/wp\/v2\/product\/3187","targetHints":{"allow":["GET"]}}],"collection":[{"href":"https:\/\/www.lechemindetraverse.com\/en\/wp-json\/wp\/v2\/product"}],"about":[{"href":"https:\/\/www.lechemindetraverse.com\/en\/wp-json\/wp\/v2\/types\/product"}],"replies":[{"embeddable":true,"href":"https:\/\/www.lechemindetraverse.com\/en\/wp-json\/wp\/v2\/comments?post=3187"}],"wp:featuredmedia":[{"embeddable":true,"href":"https:\/\/www.lechemindetraverse.com\/en\/wp-json\/wp\/v2\/media\/3338"}],"wp:attachment":[{"href":"https:\/\/www.lechemindetraverse.com\/en\/wp-json\/wp\/v2\/media?parent=3187"}],"wp:term":[{"taxonomy":"product_brand","embeddable":true,"href":"https:\/\/www.lechemindetraverse.com\/en\/wp-json\/wp\/v2\/product_brand?post=3187"},{"taxonomy":"product_cat","embeddable":true,"href":"https:\/\/www.lechemindetraverse.com\/en\/wp-json\/wp\/v2\/product_cat?post=3187"},{"taxonomy":"product_tag","embeddable":true,"href":"https:\/\/www.lechemindetraverse.com\/en\/wp-json\/wp\/v2\/product_tag?post=3187"}],"curies":[{"name":"wp","href":"https:\/\/api.w.org\/{rel}","templated":true}]}}