{"id":3399,"date":"2023-10-26T12:14:40","date_gmt":"2023-10-26T10:14:40","guid":{"rendered":"https:\/\/www.lechemindetraverse.com\/?post_type=product&#038;p=3399"},"modified":"2025-11-28T17:51:28","modified_gmt":"2025-11-28T16:51:28","slug":"assiette-plate-king-skull-21cm-homelab-by-royal-stafford","status":"publish","type":"product","link":"https:\/\/www.lechemindetraverse.com\/en\/product\/boiling-cauldron\/assiettes-de-sorcier\/assiette-plate-king-skull-21cm-homelab-by-royal-stafford\/","title":{"rendered":"Assiette Plate \u00ab\u00a0King Skull\u00a0\u00bb 21cm &#8211; Homelab by Royal Stafford"},"content":{"rendered":"<h2 class=\"wp-block-heading\">L&rsquo;assiette plate \u00ab\u00a0King Skull\u00a0\u00bb<\/h2><p>Que ce soit pour dresser une table gothique \u00e0 la Tim Burton, l&rsquo;anniversaire de mort de Nick-quasi-sans-t\u00eate ou pour peaufiner votre d\u00e9coration de f\u00eate d&rsquo;Halloween, les assiettes \u00ab\u00a0Skull\u00a0\u00bb sauront remplir leur t\u00e2che \u00e0 la perfection.<\/p><p>Cette assiette plate en c\u00e9ramique pr\u00e9sente une gravure noire et or d&rsquo;un cr\u00e2ne coiff\u00e9 d&rsquo;une couronne dor\u00e9e. Un ajout fantastique \u00e0 la vaisselle gothique, cette pi\u00e8ce ravira tous les amateurs de macabre.<\/p><h3 class=\"wp-block-heading\">Des assiettes fabriqu\u00e9es pour durer<\/h3><p>Fabriqu\u00e9e en Angleterre par Royal Stafford, cette assiette au motif gothique est en c\u00e9ramique solide, de qualit\u00e9 r\u00e9put\u00e9e. La c\u00e9ramique est cuite une premi\u00e8re fois pour assurer sa solidit\u00e9. Le dessin est ensuite encr\u00e9 sur la surface, puis l&rsquo;assiette est recouverte d&rsquo;un vernis sp\u00e9cial et remise au four pour la seconde cuisson. Celle-ci permet une durabilit\u00e9 accrue de votre assiette King Skull ! Elle peut en effet r\u00e9sister durablement au lave-vaisselle et four \u00e0 micro-ondes.<\/p><p>La surface de l&rsquo;assiette est douce, tr\u00e8s agr\u00e9able au toucher, et respire bon le travail bien fait. On les prend pour Halloween, mais on les utilise toute l&rsquo;ann\u00e9e !<\/p><h3 class=\"wp-block-heading\">Caract\u00e9ristiques des assiettes \u00ab\u00a0Skull\u00a0\u00bb<\/h3><ul class=\"wp-block-list\"><li>Dimensions : 21 x 2 cm<\/li>\n\n<li>C\u00e9ramique, fabriqu\u00e9e en Angleterre<\/li>\n\n<li>Passe au micro-ondes et au lave-vaisselle sans probl\u00e8me.<\/li><\/ul><h3 class=\"wp-block-heading\">A propos de la gamme \u00ab\u00a0Skull\u00a0\u00bb<\/h3><p>D\u00e9velopp\u00e9e par un studio de design hollandais, et fabriqu\u00e9e en Angleterre dans un atelier plus que centenaire, la gamme Skulls se compose de trois cr\u00e2nes diff\u00e9rents, d\u00e9clin\u00e9s sur des assiettes creuses, assiettes plates, bols, mugs\u2026 Compl\u00e9tez votre m\u00e9nag\u00e8re de cimeti\u00e8re avec les autres mod\u00e8les Skulls disponibles !<\/p>","protected":false},"excerpt":{"rendered":"<p>Une tr\u00e8s belle assiette plate pour votre vaisselle gothique !<\/p>\n<p>Ajoutez un peu de glamour \u00e0 votre service de table effrayant avec cette assiette King Skull. Un cr\u00e2ne couronn\u00e9, comment pourriez-vous refuser cette pi\u00e8ce merveilleuse et terrifiante ?<\/p>\n<p>21 cm de diam\u00e8tre<\/p>","protected":false},"featured_media":6066,"comment_status":"open","ping_status":"closed","template":"","meta":{"_seopress_robots_primary_cat":"none","_seopress_titles_title":"Assiette Plate \"King Skull\" 21cm - Homelab by Royal Stafford","_seopress_titles_desc":"Une tr\u00e8s belle assiette plate pour votre vaisselle d'Halloween ! D\u00e9cor d'un cr\u00e2ne portant une couronne. Parfait pour une d\u00e9co d'Halloween qui en jette !","_seopress_robots_index":""},"product_brand":[137],"product_cat":[200],"product_tag":[138],"class_list":{"0":"post-3399","1":"product","2":"type-product","3":"status-publish","4":"has-post-thumbnail","6":"product_brand-homelab-royal-stafford","7":"product_cat-assiettes-de-sorcier","8":"product_tag-halloween","10":"first","11":"instock","12":"shipping-taxable","13":"purchasable","14":"product-type-simple"},"_links":{"self":[{"href":"https:\/\/www.lechemindetraverse.com\/en\/wp-json\/wp\/v2\/product\/3399","targetHints":{"allow":["GET"]}}],"collection":[{"href":"https:\/\/www.lechemindetraverse.com\/en\/wp-json\/wp\/v2\/product"}],"about":[{"href":"https:\/\/www.lechemindetraverse.com\/en\/wp-json\/wp\/v2\/types\/product"}],"replies":[{"embeddable":true,"href":"https:\/\/www.lechemindetraverse.com\/en\/wp-json\/wp\/v2\/comments?post=3399"}],"wp:featuredmedia":[{"embeddable":true,"href":"https:\/\/www.lechemindetraverse.com\/en\/wp-json\/wp\/v2\/media\/6066"}],"wp:attachment":[{"href":"https:\/\/www.lechemindetraverse.com\/en\/wp-json\/wp\/v2\/media?parent=3399"}],"wp:term":[{"taxonomy":"product_brand","embeddable":true,"href":"https:\/\/www.lechemindetraverse.com\/en\/wp-json\/wp\/v2\/product_brand?post=3399"},{"taxonomy":"product_cat","embeddable":true,"href":"https:\/\/www.lechemindetraverse.com\/en\/wp-json\/wp\/v2\/product_cat?post=3399"},{"taxonomy":"product_tag","embeddable":true,"href":"https:\/\/www.lechemindetraverse.com\/en\/wp-json\/wp\/v2\/product_tag?post=3399"}],"curies":[{"name":"wp","href":"https:\/\/api.w.org\/{rel}","templated":true}]}}