{"id":3538,"date":"2023-11-10T13:43:42","date_gmt":"2023-11-10T12:43:42","guid":{"rendered":"https:\/\/www.lechemindetraverse.com\/?post_type=product&#038;p=3538"},"modified":"2026-03-29T20:16:57","modified_gmt":"2026-03-29T18:16:57","slug":"peluche-serpent-mascotte-de-la-maison-serpentard-noble-collection","status":"publish","type":"product","link":"https:\/\/www.lechemindetraverse.com\/en\/product\/menagerie-magique\/peluche-serpent-mascotte-de-la-maison-serpentard-noble-collection\/","title":{"rendered":"Peluche Serpent, Mascotte de la Maison Serpentard &#8211; Noble Collection"},"content":{"rendered":"<p>La peluche de serpent, mascotte de la Maison Serpentard, vous sera utile pour d\u00e9corer votre salle commune ! Dans la chambre, sur le canap\u00e9&#8230;&nbsp;<\/p><p>Beaucoup trop mignonne ! Tellement craquant qu&rsquo;on sait bien que ce n&rsquo;est pas que pour les petits&#8230;<\/p><p>Caract\u00e9ristiques :<\/p><ul class=\"wp-block-list\"><li>Mati\u00e8re : Polyester<\/li>\n\n<li>Dimensions : 22,5 x 16 x 14,5 cm<\/li>\n\n<li>Poids : 124 g<\/li><\/ul><p>Conseils de lavage :<\/p><ul class=\"wp-block-list\"><li>Nettoyage en surface \u00e0 la main uniquement : nettoyez la peluche avec un gant de toilette humidifi\u00e9&nbsp;d&rsquo;eau ti\u00e8de savonneuse, passez un gant humide pour rincer, puis un gant sec pour s\u00e9cher.<\/li>\n\n<li><strong>Ne pas laver en machine<\/strong><\/li><\/ul><p><strong>Ne convient pas \u00e0 un enfant de moins de 36 mois.<\/strong><\/p><p>R\u00e9alis\u00e9 par Noble Collection, ce produit est sous licence officielle Harry Potter.<\/p>","protected":false},"excerpt":{"rendered":"<p>Peluche de serpent, mascotte de la Maison Serpentard !<\/p>\n<p>Recr\u00e9ez chez vous le d\u00e9cor de la salle commune de Serpentard.<\/p>\n<p>Pour tous les \u00e2ges ! Mascotte officielle de la maison de Drago Malfoy.<\/p>","protected":false},"featured_media":3539,"comment_status":"open","ping_status":"closed","template":"","meta":{"_seopress_robots_primary_cat":"none","_seopress_titles_title":"%%post_title%% %%sep%% %%sitetitle%%","_seopress_titles_desc":"Peluche de serpent Noble Collection. Recr\u00e9ez chez vous le d\u00e9cor de la salle commune de Serpentard ! Mascotte officielle de la maison de Drago Malfoy.","_seopress_robots_index":""},"product_brand":[83],"product_cat":[118],"product_tag":[53],"class_list":{"0":"post-3538","1":"product","2":"type-product","3":"status-publish","4":"has-post-thumbnail","6":"product_brand-noble-collection","7":"product_cat-menagerie-magique","8":"product_tag-serpentard","10":"first","11":"instock","12":"purchasable","13":"product-type-simple"},"_links":{"self":[{"href":"https:\/\/www.lechemindetraverse.com\/en\/wp-json\/wp\/v2\/product\/3538","targetHints":{"allow":["GET"]}}],"collection":[{"href":"https:\/\/www.lechemindetraverse.com\/en\/wp-json\/wp\/v2\/product"}],"about":[{"href":"https:\/\/www.lechemindetraverse.com\/en\/wp-json\/wp\/v2\/types\/product"}],"replies":[{"embeddable":true,"href":"https:\/\/www.lechemindetraverse.com\/en\/wp-json\/wp\/v2\/comments?post=3538"}],"wp:featuredmedia":[{"embeddable":true,"href":"https:\/\/www.lechemindetraverse.com\/en\/wp-json\/wp\/v2\/media\/3539"}],"wp:attachment":[{"href":"https:\/\/www.lechemindetraverse.com\/en\/wp-json\/wp\/v2\/media?parent=3538"}],"wp:term":[{"taxonomy":"product_brand","embeddable":true,"href":"https:\/\/www.lechemindetraverse.com\/en\/wp-json\/wp\/v2\/product_brand?post=3538"},{"taxonomy":"product_cat","embeddable":true,"href":"https:\/\/www.lechemindetraverse.com\/en\/wp-json\/wp\/v2\/product_cat?post=3538"},{"taxonomy":"product_tag","embeddable":true,"href":"https:\/\/www.lechemindetraverse.com\/en\/wp-json\/wp\/v2\/product_tag?post=3538"}],"curies":[{"name":"wp","href":"https:\/\/api.w.org\/{rel}","templated":true}]}}