{"id":3808,"date":"2024-01-04T11:27:34","date_gmt":"2024-01-04T10:27:34","guid":{"rendered":"https:\/\/www.lechemindetraverse.com\/?post_type=product&#038;p=3808"},"modified":"2024-08-27T00:05:31","modified_gmt":"2024-08-26T22:05:31","slug":"pins-portrait-du-professeur-bellatre-the-wizarding-trunk","status":"publish","type":"product","link":"https:\/\/www.lechemindetraverse.com\/en\/product\/mrs-guipure\/pins-badges-harry-potter\/pins-portrait-du-professeur-bellatre-the-wizarding-trunk\/","title":{"rendered":"Pin&rsquo;s Portrait du Professeur Bellatre &#8211; The Wizarding Trunk"},"content":{"rendered":"<p>Gilderoy Lockhart, professeur de D\u00e9fense contre les Forces du Mal, a combien de portraits, d\u00e9j\u00e0 ? En voici un de plus, avec ce pins r\u00e9alis\u00e9 par The Wizarding Trunk !<\/p><ul class=\"wp-block-list\"><li>Dimensions : 4,9 x 3,9 cm.<\/li>\n\n<li>Deux accroches au dos.<\/li><\/ul>","protected":false},"excerpt":{"rendered":"<p>Portrait de Gilderoy Lockhart en pin&rsquo;s<\/p>\n<p>M\u00e9tal vieilli<\/p>\n<p>R\u00e9plique non officielle<\/p>","protected":false},"featured_media":4145,"comment_status":"open","ping_status":"closed","template":"","meta":{"_seopress_robots_primary_cat":"none","_seopress_titles_title":"%%post_title%% %%sep%% %%sitetitle%%","_seopress_titles_desc":"Portrait de Gilderoy Lockhart en pin&#039;s, m\u00e9tal vieilli, deux accroches. Edition non officielle par The Wizarding Trunk.","_seopress_robots_index":""},"product_brand":[139],"product_cat":[99],"product_tag":[145],"class_list":{"0":"post-3808","1":"product","2":"type-product","3":"status-publish","4":"has-post-thumbnail","6":"product_brand-the-wizarding-trunk","7":"product_cat-pins-badges-harry-potter","8":"product_tag-gilderoy-lockhart","10":"first","11":"instock","12":"shipping-taxable","13":"purchasable","14":"product-type-simple"},"_links":{"self":[{"href":"https:\/\/www.lechemindetraverse.com\/en\/wp-json\/wp\/v2\/product\/3808","targetHints":{"allow":["GET"]}}],"collection":[{"href":"https:\/\/www.lechemindetraverse.com\/en\/wp-json\/wp\/v2\/product"}],"about":[{"href":"https:\/\/www.lechemindetraverse.com\/en\/wp-json\/wp\/v2\/types\/product"}],"replies":[{"embeddable":true,"href":"https:\/\/www.lechemindetraverse.com\/en\/wp-json\/wp\/v2\/comments?post=3808"}],"wp:featuredmedia":[{"embeddable":true,"href":"https:\/\/www.lechemindetraverse.com\/en\/wp-json\/wp\/v2\/media\/4145"}],"wp:attachment":[{"href":"https:\/\/www.lechemindetraverse.com\/en\/wp-json\/wp\/v2\/media?parent=3808"}],"wp:term":[{"taxonomy":"product_brand","embeddable":true,"href":"https:\/\/www.lechemindetraverse.com\/en\/wp-json\/wp\/v2\/product_brand?post=3808"},{"taxonomy":"product_cat","embeddable":true,"href":"https:\/\/www.lechemindetraverse.com\/en\/wp-json\/wp\/v2\/product_cat?post=3808"},{"taxonomy":"product_tag","embeddable":true,"href":"https:\/\/www.lechemindetraverse.com\/en\/wp-json\/wp\/v2\/product_tag?post=3808"}],"curies":[{"name":"wp","href":"https:\/\/api.w.org\/{rel}","templated":true}]}}