{"id":3849,"date":"2024-01-04T12:48:15","date_gmt":"2024-01-04T11:48:15","guid":{"rendered":"https:\/\/www.lechemindetraverse.com\/?post_type=product&#038;p=3849"},"modified":"2024-01-31T10:35:56","modified_gmt":"2024-01-31T09:35:56","slug":"planchette-de-ouija-vial-incantum-the-wizarding-trunk","status":"publish","type":"product","link":"https:\/\/www.lechemindetraverse.com\/en\/product\/wiseacres\/planchette-de-ouija-vial-incantum-the-wizarding-trunk\/","title":{"rendered":"Planchette de Ouija \u00ab\u00a0Vial Incantum\u00a0\u00bb &#8211; The Wizarding Trunk"},"content":{"rendered":"<p>Vivez la magie du monde des sorciers avec la planchette enchant\u00e9e de \u00ab\u00a0Vial Incantum\u00a0\u00bb de la collection Harry Potter de The Wizarding Trunk.<\/p><p>Cette magnifique planchette est impr\u00e9gn\u00e9e d&rsquo;enchantements qui vous transporteront dans un monde d&rsquo;\u00e9merveillement et de magie. Avec son design complexe et ses d\u00e9tails envo\u00fbtants, elle est le compl\u00e9ment parfait de toute collection Harry Potter.<\/p><p>La Planchette Enchant\u00e9e mesure 15 cm, ce qui lui permet de trouver sa place sur n&rsquo;importe quelle table ou surface. Fabriqu\u00e9e par Vial Incantum, vous pouvez \u00eatre s\u00fbr que cette planchette est de la plus haute qualit\u00e9.<\/p><p>Apportez chez vous un morceau de Poudlard avec la collection Harry Potter de The Wizarding Trunk &#8211; l\u00e0 o\u00f9 la magie prend vie !<\/p>","protected":false},"excerpt":{"rendered":"<p>Fabriqu\u00e9e par Vial Incantum pour The Wizarding Trunk<\/p>\n<p>15 cm<\/p>","protected":false},"featured_media":4146,"comment_status":"open","ping_status":"closed","template":"","meta":{"_seopress_robots_primary_cat":"none","_seopress_titles_title":"%%post_title%% %%sep%% %%sitetitle%%","_seopress_titles_desc":"Fabriqu\u00e9e par Vial Incantum pour The Wizarding Trunk. Planchette ou goutte de ouija inspir\u00e9e du monde de Harry Potter.","_seopress_robots_index":""},"product_brand":[139],"product_cat":[129],"product_tag":[],"class_list":{"0":"post-3849","1":"product","2":"type-product","3":"status-publish","4":"has-post-thumbnail","6":"product_brand-the-wizarding-trunk","7":"product_cat-wiseacres","9":"first","10":"instock","11":"shipping-taxable","12":"purchasable","13":"product-type-simple"},"_links":{"self":[{"href":"https:\/\/www.lechemindetraverse.com\/en\/wp-json\/wp\/v2\/product\/3849","targetHints":{"allow":["GET"]}}],"collection":[{"href":"https:\/\/www.lechemindetraverse.com\/en\/wp-json\/wp\/v2\/product"}],"about":[{"href":"https:\/\/www.lechemindetraverse.com\/en\/wp-json\/wp\/v2\/types\/product"}],"replies":[{"embeddable":true,"href":"https:\/\/www.lechemindetraverse.com\/en\/wp-json\/wp\/v2\/comments?post=3849"}],"wp:featuredmedia":[{"embeddable":true,"href":"https:\/\/www.lechemindetraverse.com\/en\/wp-json\/wp\/v2\/media\/4146"}],"wp:attachment":[{"href":"https:\/\/www.lechemindetraverse.com\/en\/wp-json\/wp\/v2\/media?parent=3849"}],"wp:term":[{"taxonomy":"product_brand","embeddable":true,"href":"https:\/\/www.lechemindetraverse.com\/en\/wp-json\/wp\/v2\/product_brand?post=3849"},{"taxonomy":"product_cat","embeddable":true,"href":"https:\/\/www.lechemindetraverse.com\/en\/wp-json\/wp\/v2\/product_cat?post=3849"},{"taxonomy":"product_tag","embeddable":true,"href":"https:\/\/www.lechemindetraverse.com\/en\/wp-json\/wp\/v2\/product_tag?post=3849"}],"curies":[{"name":"wp","href":"https:\/\/api.w.org\/{rel}","templated":true}]}}