{"id":4138,"date":"2024-01-30T15:11:45","date_gmt":"2024-01-30T14:11:45","guid":{"rendered":"https:\/\/www.lechemindetraverse.com\/?post_type=product&#038;p=4138"},"modified":"2025-07-24T18:14:49","modified_gmt":"2025-07-24T16:14:49","slug":"pins-chaussette-dobby-is-free-half-moon-bay","status":"publish","type":"product","link":"https:\/\/www.lechemindetraverse.com\/en\/product\/mrs-guipure\/pins-badges-harry-potter\/pins-chaussette-dobby-is-free-half-moon-bay\/","title":{"rendered":"Pin&rsquo;s Chaussette &#8211; Dobby is FREE &#8211; Half Moon Bay"},"content":{"rendered":"<p>Montrez votre amour pour l&rsquo;adorable personnage de Dobby avec ce pins magique de Harry Potter. En forme de chaussette, dont les fans les plus fervents se souviendront qu&rsquo;il s&rsquo;agit du v\u00eatement utilis\u00e9 par Harry Potter pour lib\u00e9rer Dobby, ce badge est recouvert d&rsquo;\u00e9mail blanc et de m\u00e9tal dor\u00e9 sur le pourtour, ainsi que dans les d\u00e9tails les plus fins tels que les plis de la chaussette et les mots \u00ab\u00a0Dobby est libre\u00a0\u00bb (\u00ab\u00a0Dobby is Free\u00a0\u00bb en anglais). C&rsquo;est l&rsquo;objet parfait pour une collection Harry Potter et un badge que les fans du monde des sorciers ne manqueront pas de ch\u00e9rir.<\/p><ul class=\"wp-block-list\"><li>Dimensions : 4 x 1 cm environ.<\/li>\n\n<li>Mati\u00e8re : alliage de zinc \u00e9maill\u00e9.<\/li><\/ul>","protected":false},"excerpt":{"rendered":"<p>Pin&rsquo;s en m\u00e9tal \u00e9maill\u00e9 repr\u00e9sentant une chaussette, avec la mention \u00ab\u00a0Dobby est libre !\u00a0\u00bb en anglais<\/p>","protected":false},"featured_media":4139,"comment_status":"open","ping_status":"closed","template":"","meta":{"_seopress_robots_primary_cat":"none","_seopress_titles_title":"%%post_title%% %%sep%% %%sitetitle%%","_seopress_titles_desc":"Pin&#039;s en m\u00e9tal \u00e9maill\u00e9 repr\u00e9sentant une chaussette, avec la mention &quot;Dobby est libre !&quot; en anglais. Dobby a \u00e9t\u00e9 lib\u00e9r\u00e9 par Harry Potter gr\u00e2ce \u00e0 cette chaussette !","_seopress_robots_index":""},"product_brand":[153],"product_cat":[99],"product_tag":[116],"class_list":{"0":"post-4138","1":"product","2":"type-product","3":"status-publish","4":"has-post-thumbnail","6":"product_brand-half-moon-bay","7":"product_cat-pins-badges-harry-potter","8":"product_tag-dobby","10":"first","11":"instock","12":"shipping-taxable","13":"purchasable","14":"product-type-simple"},"_links":{"self":[{"href":"https:\/\/www.lechemindetraverse.com\/en\/wp-json\/wp\/v2\/product\/4138","targetHints":{"allow":["GET"]}}],"collection":[{"href":"https:\/\/www.lechemindetraverse.com\/en\/wp-json\/wp\/v2\/product"}],"about":[{"href":"https:\/\/www.lechemindetraverse.com\/en\/wp-json\/wp\/v2\/types\/product"}],"replies":[{"embeddable":true,"href":"https:\/\/www.lechemindetraverse.com\/en\/wp-json\/wp\/v2\/comments?post=4138"}],"wp:featuredmedia":[{"embeddable":true,"href":"https:\/\/www.lechemindetraverse.com\/en\/wp-json\/wp\/v2\/media\/4139"}],"wp:attachment":[{"href":"https:\/\/www.lechemindetraverse.com\/en\/wp-json\/wp\/v2\/media?parent=4138"}],"wp:term":[{"taxonomy":"product_brand","embeddable":true,"href":"https:\/\/www.lechemindetraverse.com\/en\/wp-json\/wp\/v2\/product_brand?post=4138"},{"taxonomy":"product_cat","embeddable":true,"href":"https:\/\/www.lechemindetraverse.com\/en\/wp-json\/wp\/v2\/product_cat?post=4138"},{"taxonomy":"product_tag","embeddable":true,"href":"https:\/\/www.lechemindetraverse.com\/en\/wp-json\/wp\/v2\/product_tag?post=4138"}],"curies":[{"name":"wp","href":"https:\/\/api.w.org\/{rel}","templated":true}]}}