{"id":4258,"date":"2024-02-23T12:58:20","date_gmt":"2024-02-23T11:58:20","guid":{"rendered":"https:\/\/www.lechemindetraverse.com\/?post_type=product&#038;p=4258"},"modified":"2024-08-07T12:29:35","modified_gmt":"2024-08-07T10:29:35","slug":"tapisserie-a-suspendre-a-mon-seul-desir-signare","status":"publish","type":"product","link":"https:\/\/www.lechemindetraverse.com\/en\/product\/boiling-cauldron\/decoration-harry-potter\/tapisserie-a-suspendre-a-mon-seul-desir-signare\/","title":{"rendered":"Tapisserie \u00e0 Suspendre \u00ab\u00a0A mon Seul D\u00e9sir\u00a0\u00bb &#8211; Signare"},"content":{"rendered":"<p>Cette tapisserie Signare est une suspensions murale, qui ajoute une touche originale et unique \u00e0 votre int\u00e9rieur. Leur gamme phare s\u2019inspire de La Dame \u00e0 la Licorne, une tapisserie que l\u2019on retrouve dans la salle commune des Gryffondor \u00e0 Poudlard notamment. Pas besoin d\u2019\u00eatre un Gryffondor ni d\u2019aimer Harry Potter pour appr\u00e9cier le c\u00f4t\u00e9 chaleureux que peuvent apporter les tapisseries et coussins Signare dans votre int\u00e9rieur !<\/p><h2 class=\"wp-block-heading\">Design : A mon Seul D\u00e9sir<\/h2><p>\u00ab\u00a0A Mon Seul D\u00e9sir\u00a0\u00bb fait partie de la collection de tapisseries de la Dame et la Licorne du Moyen-\u00c2ge. La Dame place un collier dans un coffre tenu ouvert par une servante. \u00c0 Mon Seul D\u00e9sir \u00e9tait \u00e0 l&rsquo;origine la plus grande des six tapisseries. Elle pr\u00e9sente un fond rouge brillant sur lequel le pavillon bleu et la verdure se d\u00e9tachent de fa\u00e7on spectaculaire gr\u00e2ce \u00e0 des d\u00e9corations suspendues.<\/p><p>Cette tapisserie sera la pi\u00e8ce ma\u00eetresse d&rsquo;une ambiance Harry Potter dans n&rsquo;importe quelle pi\u00e8ce. Utilisez-la pour compl\u00e9ter le th\u00e8me d&rsquo;une chambre \u00e0 coucher Harry Potter, ou m\u00eame sur le th\u00e8me licorne. Sa touche rouge luxueuse ajoutera une note m\u00e9di\u00e9vale chic \u00e0 n&rsquo;importe quel int\u00e9rieur.<\/p><h2 class=\"wp-block-heading\">LA DAME \u00c0 LA LICORNE<\/h2><p>Souvent surnomm\u00e9e la \u00ab\u00a0Joconde du Moyen \u00c2ge\u00a0\u00bb, La Dame \u00e0 la licorne est une s\u00e9rie de six tapisseries repr\u00e9sentant les cinq sens : l&rsquo;odorat, le go\u00fbt, l&rsquo;ou\u00efe, le toucher et la vue. Expos\u00e9es au mus\u00e9e de Cluny \u00e0 Paris et consid\u00e9r\u00e9es comme l&rsquo;une des plus grandes \u0153uvres d&rsquo;art du Moyen \u00c2ge, les tapisseries sont un merveilleux exemple de d\u00e9cor m\u00e9di\u00e9val.<\/p><h3 class=\"wp-block-heading\">Caract\u00e9ristiques<\/h3><ul class=\"wp-block-list\"><li>Reproduction de tapisserie, avec couture pour faire passer une barre de suspension.<\/li>\n\n<li>Tringle et pampilles non incluses.<\/li>\n\n<li>Dimensions : 120 x 85 cm.<\/li>\n\n<li>Fabriqu\u00e9 \u00e0 partir d&rsquo;un fil teint \u00e9cologique et d&rsquo;un tissu de tapisserie Signare.<\/li>\n\n<li>Tissu : 100 % coton.<\/li>\n\n<li>Entretien facile : nettoyer avec un chiffon humide. Ne pas tremper dans l&rsquo;eau.<\/li>\n\n<li>Autres designs disponibles, existe \u00e9galement en housse de coussin pour un d\u00e9cor assorti. <\/li><\/ul><p>Vous souhaiteriez la taille au dessus (140 x 117 cm) ? C&rsquo;est possible, contactez-nous pour une commande sp\u00e9ciale !<\/p>","protected":false},"excerpt":{"rendered":"<p>Egayez votre int\u00e9rieur avec une tapisserie ! Faites entrer le chef-d&rsquo;\u0153uvre dans votre propre espace.<\/p>\n<p>Pas forc\u00e9ment besoin d\u2019\u00eatre un Gryffondor pour appr\u00e9cier ces tapisseries historiques.<\/p>\n<p>La Dame \u00e0 la Licorne est un classique de l&rsquo;art m\u00e9di\u00e9val.<\/p>\n<p>120 x 85 cm &#8211; barre non incluse.<\/p>","protected":false},"featured_media":4260,"comment_status":"open","ping_status":"closed","template":"","meta":{"_seopress_robots_primary_cat":"none","_seopress_titles_title":"%%post_title%% %%sep%% %%sitetitle%%","_seopress_titles_desc":"Cette reproduction de tapisserie A Mon Seul D\u00e9sir par Signare ajoute une touche originale et unique \u00e0 votre int\u00e9rieur. Pas besoin d\u2019\u00eatre un Gryffondor ni d\u2019aimer Harry Potter pour appr\u00e9cier le c\u00f4t\u00e9 chaleureux que peuvent apporter les tapisseries et coussins Signare.","_seopress_robots_index":""},"product_brand":[154],"product_cat":[105],"product_tag":[54],"class_list":{"0":"post-4258","1":"product","2":"type-product","3":"status-publish","4":"has-post-thumbnail","6":"product_brand-signare","7":"product_cat-decoration-harry-potter","8":"product_tag-gryffondor","10":"first","11":"instock","12":"shipping-taxable","13":"purchasable","14":"product-type-simple"},"_links":{"self":[{"href":"https:\/\/www.lechemindetraverse.com\/en\/wp-json\/wp\/v2\/product\/4258","targetHints":{"allow":["GET"]}}],"collection":[{"href":"https:\/\/www.lechemindetraverse.com\/en\/wp-json\/wp\/v2\/product"}],"about":[{"href":"https:\/\/www.lechemindetraverse.com\/en\/wp-json\/wp\/v2\/types\/product"}],"replies":[{"embeddable":true,"href":"https:\/\/www.lechemindetraverse.com\/en\/wp-json\/wp\/v2\/comments?post=4258"}],"wp:featuredmedia":[{"embeddable":true,"href":"https:\/\/www.lechemindetraverse.com\/en\/wp-json\/wp\/v2\/media\/4260"}],"wp:attachment":[{"href":"https:\/\/www.lechemindetraverse.com\/en\/wp-json\/wp\/v2\/media?parent=4258"}],"wp:term":[{"taxonomy":"product_brand","embeddable":true,"href":"https:\/\/www.lechemindetraverse.com\/en\/wp-json\/wp\/v2\/product_brand?post=4258"},{"taxonomy":"product_cat","embeddable":true,"href":"https:\/\/www.lechemindetraverse.com\/en\/wp-json\/wp\/v2\/product_cat?post=4258"},{"taxonomy":"product_tag","embeddable":true,"href":"https:\/\/www.lechemindetraverse.com\/en\/wp-json\/wp\/v2\/product_tag?post=4258"}],"curies":[{"name":"wp","href":"https:\/\/api.w.org\/{rel}","templated":true}]}}