{"id":4337,"date":"2024-02-27T12:23:29","date_gmt":"2024-02-27T11:23:29","guid":{"rendered":"https:\/\/www.lechemindetraverse.com\/?post_type=product&#038;p=4337"},"modified":"2024-12-11T21:45:48","modified_gmt":"2024-12-11T20:45:48","slug":"tirelire-niffleur-en-porcelaine-animaux-fantastiques-by-sunart","status":"publish","type":"product","link":"https:\/\/www.lechemindetraverse.com\/en\/product\/boiling-cauldron\/decoration-harry-potter\/tirelire-niffleur-en-porcelaine-animaux-fantastiques-by-sunart\/","title":{"rendered":"Tirelire Niffleur en Porcelaine &#8211; Animaux Fantastiques by SunArt"},"content":{"rendered":"<p>Le niffleur, ce petit animal fantastique mignon et incorrigible, est ici d\u00e9clin\u00e9 en belle tirelire. Comme dans l&rsquo;univers Harry Potter, l&rsquo;argent se glisse dans la poche ventrale de l&rsquo;animal !<\/p><ul class=\"wp-block-list\"><li>Dimensions : 13,6 x 13 x 10,5 cm.<\/li>\n\n<li>Material: porcelain.<\/li>\n\n<li>Fabriqu\u00e9 au Japon<\/li>\n\n<li>Le mug Niffleur est vendue s\u00e9par\u00e9ment, les pi\u00e8ces ne sont pas incluses.<\/li><\/ul>","protected":false},"excerpt":{"rendered":"<p>Le plus mignon et le plus farceur des animaux fantastiques est une tirelire !<\/p>\n<p>Fabriqu\u00e9e au Japon<\/p>","protected":false},"featured_media":4390,"comment_status":"open","ping_status":"closed","template":"","meta":{"_seopress_robots_primary_cat":"none","_seopress_titles_title":"","_seopress_titles_desc":"Le niffleur, le plus mignon et le plus farceur des animaux fantastiques est une tirelire ! Tirelire Harry Potter fabriqu\u00e9e au Japon.","_seopress_robots_index":""},"product_brand":[158],"product_cat":[105],"product_tag":[75],"class_list":{"0":"post-4337","1":"product","2":"type-product","3":"status-publish","4":"has-post-thumbnail","6":"product_brand-sunart","7":"product_cat-decoration-harry-potter","8":"product_tag-animaux-fantastiques","10":"first","11":"instock","12":"shipping-taxable","13":"purchasable","14":"product-type-simple"},"_links":{"self":[{"href":"https:\/\/www.lechemindetraverse.com\/en\/wp-json\/wp\/v2\/product\/4337","targetHints":{"allow":["GET"]}}],"collection":[{"href":"https:\/\/www.lechemindetraverse.com\/en\/wp-json\/wp\/v2\/product"}],"about":[{"href":"https:\/\/www.lechemindetraverse.com\/en\/wp-json\/wp\/v2\/types\/product"}],"replies":[{"embeddable":true,"href":"https:\/\/www.lechemindetraverse.com\/en\/wp-json\/wp\/v2\/comments?post=4337"}],"wp:featuredmedia":[{"embeddable":true,"href":"https:\/\/www.lechemindetraverse.com\/en\/wp-json\/wp\/v2\/media\/4390"}],"wp:attachment":[{"href":"https:\/\/www.lechemindetraverse.com\/en\/wp-json\/wp\/v2\/media?parent=4337"}],"wp:term":[{"taxonomy":"product_brand","embeddable":true,"href":"https:\/\/www.lechemindetraverse.com\/en\/wp-json\/wp\/v2\/product_brand?post=4337"},{"taxonomy":"product_cat","embeddable":true,"href":"https:\/\/www.lechemindetraverse.com\/en\/wp-json\/wp\/v2\/product_cat?post=4337"},{"taxonomy":"product_tag","embeddable":true,"href":"https:\/\/www.lechemindetraverse.com\/en\/wp-json\/wp\/v2\/product_tag?post=4337"}],"curies":[{"name":"wp","href":"https:\/\/api.w.org\/{rel}","templated":true}]}}