{"id":4478,"date":"2024-04-04T12:58:01","date_gmt":"2024-04-04T10:58:01","guid":{"rendered":"https:\/\/www.lechemindetraverse.com\/?post_type=product&#038;p=4478"},"modified":"2024-05-28T18:42:50","modified_gmt":"2024-05-28T16:42:50","slug":"pins-portrait-du-seigneur-des-tenebres-jeune-the-wizarding-trunk","status":"publish","type":"product","link":"https:\/\/www.lechemindetraverse.com\/en\/product\/mrs-guipure\/pins-badges-harry-potter\/pins-portrait-du-seigneur-des-tenebres-jeune-the-wizarding-trunk\/","title":{"rendered":"Pin&rsquo;s Portrait du Seigneur des T\u00e9n\u00e8bres Jeune &#8211; The Wizarding Trunk"},"content":{"rendered":"<p>Le Seigneur des T\u00e9n\u00e8bres, celui-dont-on-ne-doit-pas-prononcer-le-nom, a \u00e9t\u00e9 jeune et fringant, en son temps. Le voici en tenue d&rsquo;\u00e9l\u00e8ve de Serpentard lorsqu&rsquo;il \u00e9tait \u00e0 Poudlard.<\/p><p>Pins r\u00e9alis\u00e9 par The Wizarding Trunk.<\/p><ul class=\"wp-block-list\"><li>Dimensions : 5 x 3,8 cm.<\/li>\n\n<li>Deux accroches au dos.<\/li><\/ul>","protected":false},"excerpt":{"rendered":"<p>Portrait de Tom Riddle en pin&rsquo;s<\/p>\n<p>M\u00e9tal vieilli<\/p>\n<p>R\u00e9plique non officielle<\/p>","protected":false},"featured_media":4935,"comment_status":"open","ping_status":"closed","template":"","meta":{"_seopress_robots_primary_cat":"none","_seopress_titles_title":"%%post_title%% %%sep%% %%sitetitle%%","_seopress_titles_desc":"Portrait de Tom Riddle en pin&#039;s, m\u00e9tal vieilli, deux accroches. Edition non officielle par The Wizarding Trunk.","_seopress_robots_index":""},"product_brand":[139],"product_cat":[99],"product_tag":[74],"class_list":{"0":"post-4478","1":"product","2":"type-product","3":"status-publish","4":"has-post-thumbnail","6":"product_brand-the-wizarding-trunk","7":"product_cat-pins-badges-harry-potter","8":"product_tag-lord-voldemort","10":"first","11":"instock","12":"shipping-taxable","13":"purchasable","14":"product-type-simple"},"_links":{"self":[{"href":"https:\/\/www.lechemindetraverse.com\/en\/wp-json\/wp\/v2\/product\/4478","targetHints":{"allow":["GET"]}}],"collection":[{"href":"https:\/\/www.lechemindetraverse.com\/en\/wp-json\/wp\/v2\/product"}],"about":[{"href":"https:\/\/www.lechemindetraverse.com\/en\/wp-json\/wp\/v2\/types\/product"}],"replies":[{"embeddable":true,"href":"https:\/\/www.lechemindetraverse.com\/en\/wp-json\/wp\/v2\/comments?post=4478"}],"wp:featuredmedia":[{"embeddable":true,"href":"https:\/\/www.lechemindetraverse.com\/en\/wp-json\/wp\/v2\/media\/4935"}],"wp:attachment":[{"href":"https:\/\/www.lechemindetraverse.com\/en\/wp-json\/wp\/v2\/media?parent=4478"}],"wp:term":[{"taxonomy":"product_brand","embeddable":true,"href":"https:\/\/www.lechemindetraverse.com\/en\/wp-json\/wp\/v2\/product_brand?post=4478"},{"taxonomy":"product_cat","embeddable":true,"href":"https:\/\/www.lechemindetraverse.com\/en\/wp-json\/wp\/v2\/product_cat?post=4478"},{"taxonomy":"product_tag","embeddable":true,"href":"https:\/\/www.lechemindetraverse.com\/en\/wp-json\/wp\/v2\/product_tag?post=4478"}],"curies":[{"name":"wp","href":"https:\/\/api.w.org\/{rel}","templated":true}]}}