{"id":4488,"date":"2024-04-04T16:24:15","date_gmt":"2024-04-04T14:24:15","guid":{"rendered":"https:\/\/www.lechemindetraverse.com\/?post_type=product&#038;p=4488"},"modified":"2024-07-08T13:02:39","modified_gmt":"2024-07-08T11:02:39","slug":"puzzle-de-la-caverne-de-lhorcruxe-the-wizarding-trunk","status":"publish","type":"product","link":"https:\/\/www.lechemindetraverse.com\/en\/product\/pirouette-et-badin-farces-attrapes\/jeux-jouets-harry-potter\/puzzle-de-la-caverne-de-lhorcruxe-the-wizarding-trunk\/","title":{"rendered":"Puzzle de la Caverne de l&rsquo;Horcruxe sans boite &#8211; The Wizarding Trunk"},"content":{"rendered":"<p>The Wizarding Trunk vous propose ce puzzle unique et \u00e9l\u00e9gant, parfait pour les fans de Harry Potter, les collectionneurs et les amateurs de casse-t\u00eate.<\/p><p>Le puzzle de 500 pi\u00e8ces pr\u00e9sente une sc\u00e8ne enchanteresse d&rsquo;une grotte de l&rsquo;univers de Harry Potter. Pas n&rsquo;importe quelle grotte ceci dit, il s&rsquo;agit de la caverne ou Voldemort avait cach\u00e9 un Horcruxe : le pendentif de Serpentard&#8230;<\/p><p>Ce puzzle vous procurera \u00e0 coup s\u00fbr des heures de divertissement tout en ajoutant de la f\u00e9erie \u00e0 n&rsquo;importe quelle pi\u00e8ce ou espace. Pr\u00e9parez-vous \u00e0 embarquer pour un voyage magique dans cette grotte captivante !<\/p><p>Cr\u00e9ation : The Wizarding Trunk <\/p><ul class=\"wp-block-list\"><li>500 pi\u00e8ces<\/li>\n\n<li>Produit neuf, livr\u00e9 sans boite.<\/li><\/ul>","protected":false},"excerpt":{"rendered":"<p>Puzzle de 500 pi\u00e8ces, repr\u00e9sentant la caverne o\u00f9 se cachait un Horcruxe&#8230;<\/p>","protected":false},"featured_media":4489,"comment_status":"open","ping_status":"closed","template":"","meta":{"_seopress_robots_primary_cat":"none","_seopress_titles_title":"%%post_title%% %%sep%% %%sitetitle%%","_seopress_titles_desc":"Ce puzzle de 500 pi\u00e8ces pr\u00e9sente une sc\u00e8ne enchanteresse d&#039;une grotte de l&#039;univers de Harry Potter, o\u00f9 se cachait un Horcruxe.","_seopress_robots_index":""},"product_brand":[139],"product_cat":[109],"product_tag":[74],"class_list":{"0":"post-4488","1":"product","2":"type-product","3":"status-publish","4":"has-post-thumbnail","6":"product_brand-the-wizarding-trunk","7":"product_cat-jeux-jouets-harry-potter","8":"product_tag-lord-voldemort","10":"first","11":"instock","12":"shipping-taxable","13":"purchasable","14":"product-type-simple"},"_links":{"self":[{"href":"https:\/\/www.lechemindetraverse.com\/en\/wp-json\/wp\/v2\/product\/4488","targetHints":{"allow":["GET"]}}],"collection":[{"href":"https:\/\/www.lechemindetraverse.com\/en\/wp-json\/wp\/v2\/product"}],"about":[{"href":"https:\/\/www.lechemindetraverse.com\/en\/wp-json\/wp\/v2\/types\/product"}],"replies":[{"embeddable":true,"href":"https:\/\/www.lechemindetraverse.com\/en\/wp-json\/wp\/v2\/comments?post=4488"}],"wp:featuredmedia":[{"embeddable":true,"href":"https:\/\/www.lechemindetraverse.com\/en\/wp-json\/wp\/v2\/media\/4489"}],"wp:attachment":[{"href":"https:\/\/www.lechemindetraverse.com\/en\/wp-json\/wp\/v2\/media?parent=4488"}],"wp:term":[{"taxonomy":"product_brand","embeddable":true,"href":"https:\/\/www.lechemindetraverse.com\/en\/wp-json\/wp\/v2\/product_brand?post=4488"},{"taxonomy":"product_cat","embeddable":true,"href":"https:\/\/www.lechemindetraverse.com\/en\/wp-json\/wp\/v2\/product_cat?post=4488"},{"taxonomy":"product_tag","embeddable":true,"href":"https:\/\/www.lechemindetraverse.com\/en\/wp-json\/wp\/v2\/product_tag?post=4488"}],"curies":[{"name":"wp","href":"https:\/\/api.w.org\/{rel}","templated":true}]}}