{"id":4651,"date":"2024-04-11T16:54:32","date_gmt":"2024-04-11T14:54:32","guid":{"rendered":"https:\/\/www.lechemindetraverse.com\/?post_type=product&#038;p=4651"},"modified":"2026-03-24T09:18:14","modified_gmt":"2026-03-24T08:18:14","slug":"ensemble-de-cuilleres-balai-volant-something-different","status":"publish","type":"product","link":"https:\/\/www.lechemindetraverse.com\/en\/product\/boiling-cauldron\/cuisine-magique\/ensemble-de-cuilleres-balai-volant-something-different\/","title":{"rendered":"Ensemble de Cuill\u00e8res Balai Volant &#8211; Something Different"},"content":{"rendered":"<p>Cet ensemble de 2 adorables cuill\u00e8res \u00e0 caf\u00e9 a la forme de balais de sorci\u00e8re, qui apportent une touche unique \u00e0 la table du petit-d\u00e9jeuner. Ajoutez de la magie \u00e0 votre pause caf\u00e9 ou th\u00e9 !<\/p><ul class=\"wp-block-list\"><li>Ces cuill\u00e8res sont en c\u00e9ramique.<\/li>\n\n<li>Ne passent pas au micro-ondes.<\/li>\n\n<li>Passent au lave vaisselle.<\/li><\/ul>","protected":false},"excerpt":{"rendered":"<p>Set de deux cuill\u00e8res amusantes, en forme de balais de sorci\u00e8re.<\/p>\n<p>Parfaites pour la pause caf\u00e9 entre deux matchs de Quidditch !<\/p>","protected":false},"featured_media":4652,"comment_status":"open","ping_status":"closed","template":"","meta":{"_seopress_robots_primary_cat":"none","_seopress_titles_title":"%%post_title%% %%sep%% %%sitetitle%%","_seopress_titles_desc":"Set de deux cuill\u00e8res \u00e0 caf\u00e9 amusantes, en forme de balais de sorci\u00e8re. Parfaites pour la pause caf\u00e9 entre deux matchs de Quidditch !","_seopress_robots_index":""},"product_brand":[126],"product_cat":[104],"product_tag":[151],"class_list":{"0":"post-4651","1":"product","2":"type-product","3":"status-publish","4":"has-post-thumbnail","6":"product_brand-something-different","7":"product_cat-cuisine-magique","8":"product_tag-broomsticks","10":"first","11":"instock","12":"shipping-taxable","13":"purchasable","14":"product-type-simple"},"_links":{"self":[{"href":"https:\/\/www.lechemindetraverse.com\/en\/wp-json\/wp\/v2\/product\/4651","targetHints":{"allow":["GET"]}}],"collection":[{"href":"https:\/\/www.lechemindetraverse.com\/en\/wp-json\/wp\/v2\/product"}],"about":[{"href":"https:\/\/www.lechemindetraverse.com\/en\/wp-json\/wp\/v2\/types\/product"}],"replies":[{"embeddable":true,"href":"https:\/\/www.lechemindetraverse.com\/en\/wp-json\/wp\/v2\/comments?post=4651"}],"wp:featuredmedia":[{"embeddable":true,"href":"https:\/\/www.lechemindetraverse.com\/en\/wp-json\/wp\/v2\/media\/4652"}],"wp:attachment":[{"href":"https:\/\/www.lechemindetraverse.com\/en\/wp-json\/wp\/v2\/media?parent=4651"}],"wp:term":[{"taxonomy":"product_brand","embeddable":true,"href":"https:\/\/www.lechemindetraverse.com\/en\/wp-json\/wp\/v2\/product_brand?post=4651"},{"taxonomy":"product_cat","embeddable":true,"href":"https:\/\/www.lechemindetraverse.com\/en\/wp-json\/wp\/v2\/product_cat?post=4651"},{"taxonomy":"product_tag","embeddable":true,"href":"https:\/\/www.lechemindetraverse.com\/en\/wp-json\/wp\/v2\/product_tag?post=4651"}],"curies":[{"name":"wp","href":"https:\/\/api.w.org\/{rel}","templated":true}]}}