{"id":4729,"date":"2024-04-17T17:59:05","date_gmt":"2024-04-17T15:59:05","guid":{"rendered":"https:\/\/www.lechemindetraverse.com\/?post_type=product&#038;p=4729"},"modified":"2026-03-29T20:16:56","modified_gmt":"2026-03-29T18:16:56","slug":"baguette-magique-de-gilderoy-lockhart-boite-ollivander-noble-collection","status":"publish","type":"product","link":"https:\/\/www.lechemindetraverse.com\/en\/product\/baguettes-magiques-ollivander\/baguettes-personnages-harry-potter\/baguette-magique-de-gilderoy-lockhart-boite-ollivander-noble-collection\/","title":{"rendered":"Baguette magique de Gilderoy Lockhart &#8211; Bo\u00eete Ollivander &#8211; Noble Collection"},"content":{"rendered":"<p>R\u00e9plique officielle de la baguette de Gilderoy Lockhart, en coffret DeLuxe. Elle est r\u00e9alis\u00e9e en r\u00e9sine solide, aux nombreux d\u00e9tails. La baguette imite l\u2019aspect du bois.<\/p><p>Gilderoy Lockhart est le professeur de D\u00e9fense contre les Forces du Mal dans <em>Harry Potter et la Chambre des Secrets<\/em>.<\/p><p>L&rsquo;\u00e9crin est gain\u00e9 de velours, deux voiles de chaque c\u00f4t\u00e9 du coffret viennent recouvrir la baguette pour lui offrir un aspect noble, comme tout droit sortie de la boutique du Chemin de traverse.<\/p><p>Caract\u00e9ristiques :<\/p><ul class=\"wp-block-list\"><li>Mati\u00e8re : R\u00e9sine<\/li>\n\n<li>Dimensions : 44 cm<\/li>\n\n<li>Poids : 66 g<\/li>\n\n<li>A noter : cette baguette est plus longue que les autres, (44 cm) elle ne sera pas adapt\u00e9e pour les pr\u00e9sentoirs 4 et 10 baguettes de chez Noble Collection.<\/li><\/ul><p>R\u00e9alis\u00e9e par Noble Collection, cette baguette est produite sous licence officielle Harry Potter.<\/p>","protected":false},"excerpt":{"rendered":"<p>R\u00e9plique officielle de la baguette de Gilderoy Lockhart, en coffret DeLuxe.<\/p>","protected":false},"featured_media":4730,"comment_status":"open","ping_status":"closed","template":"","meta":{"_seopress_robots_primary_cat":"none","_seopress_titles_title":"%%post_title%% %%sep%% %%sitetitle%%","_seopress_titles_desc":"R\u00e9plique officielle de la baguette de Gilderoy Lockhart, en coffret DeLuxe. Les coffrets Ollivander ont un aspect noble et sont tr\u00e8s travaill\u00e9s. Le Chemin de Traverse est un revendeur agr\u00e9\u00e9 de Noble Collection.","_seopress_robots_index":""},"product_brand":[83],"product_cat":[102],"product_tag":[145],"class_list":{"0":"post-4729","1":"product","2":"type-product","3":"status-publish","4":"has-post-thumbnail","6":"product_brand-noble-collection","7":"product_cat-baguettes-personnages-harry-potter","8":"product_tag-gilderoy-lockhart","10":"first","11":"instock","12":"purchasable","13":"product-type-simple"},"_links":{"self":[{"href":"https:\/\/www.lechemindetraverse.com\/en\/wp-json\/wp\/v2\/product\/4729","targetHints":{"allow":["GET"]}}],"collection":[{"href":"https:\/\/www.lechemindetraverse.com\/en\/wp-json\/wp\/v2\/product"}],"about":[{"href":"https:\/\/www.lechemindetraverse.com\/en\/wp-json\/wp\/v2\/types\/product"}],"replies":[{"embeddable":true,"href":"https:\/\/www.lechemindetraverse.com\/en\/wp-json\/wp\/v2\/comments?post=4729"}],"wp:featuredmedia":[{"embeddable":true,"href":"https:\/\/www.lechemindetraverse.com\/en\/wp-json\/wp\/v2\/media\/4730"}],"wp:attachment":[{"href":"https:\/\/www.lechemindetraverse.com\/en\/wp-json\/wp\/v2\/media?parent=4729"}],"wp:term":[{"taxonomy":"product_brand","embeddable":true,"href":"https:\/\/www.lechemindetraverse.com\/en\/wp-json\/wp\/v2\/product_brand?post=4729"},{"taxonomy":"product_cat","embeddable":true,"href":"https:\/\/www.lechemindetraverse.com\/en\/wp-json\/wp\/v2\/product_cat?post=4729"},{"taxonomy":"product_tag","embeddable":true,"href":"https:\/\/www.lechemindetraverse.com\/en\/wp-json\/wp\/v2\/product_tag?post=4729"}],"curies":[{"name":"wp","href":"https:\/\/api.w.org\/{rel}","templated":true}]}}