{"id":4773,"date":"2024-04-18T14:47:04","date_gmt":"2024-04-18T12:47:04","guid":{"rendered":"https:\/\/www.lechemindetraverse.com\/?post_type=product&#038;p=4773"},"modified":"2026-03-29T23:51:42","modified_gmt":"2026-03-29T21:51:42","slug":"carnet-rigide-et-marque-page-poudlard-express","status":"publish","type":"product","link":"https:\/\/www.lechemindetraverse.com\/en\/product\/papeterie\/carnets-et-journaux\/carnet-rigide-et-marque-page-poudlard-express\/","title":{"rendered":"Carnet Rigide et Marque-Page Poudlard Express"},"content":{"rendered":"<p>Ce beau carnet aux couleurs du Poudlard Express est accompagn\u00e9 d&rsquo;un super ticket de train, qui vous servira de marque-page ! Le carnet est joliment d\u00e9cor\u00e9 dedans comme dehors.<\/p><p>Prenez des notes, \u00e9crivez vos histoires, dessinez o\u00f9 vous voulez, m\u00eame sur la voie 9 3\/4 ! Ce journal ne demande qu&rsquo;\u00e0 servir.<\/p><p>Le carnet Poudlard Express mesure 21 x 15 cm et comprend 160 pages, ainsi qu&rsquo;un ruban marque-page.<\/p>","protected":false},"excerpt":{"rendered":"<p>Carnet rigide avec \u00e9lastique, aux couleurs du Poudlard Express et du Quai 9 3\/4.<\/p>\n<p>Pages lign\u00e9es et non lign\u00e9es.<\/p>\n<p>Avec marque-page ticket de train et ruban.<\/p>\n<p>21 x 15 cm &#8211; 160 pages<\/p>","protected":false},"featured_media":4774,"comment_status":"open","ping_status":"closed","template":"","meta":{"_seopress_robots_primary_cat":"none","_seopress_titles_title":"%%post_title%% %%sep%% %%sitetitle%%","_seopress_titles_desc":"Carnet lign\u00e9 ou journal intime, d\u00e9cor\u00e9 aux couleurs du Poudlard Express et du Quai 9 3\/4. 21 x 15 cm, 160 pages, avec billet de train marque-pages.","_seopress_robots_index":""},"product_brand":[84],"product_cat":[176],"product_tag":[119],"class_list":{"0":"post-4773","1":"product","2":"type-product","3":"status-publish","4":"has-post-thumbnail","6":"product_brand-moriarty-art-project","7":"product_cat-carnets-et-journaux","8":"product_tag-poudlard-express","10":"first","11":"instock","12":"purchasable","13":"product-type-simple"},"_links":{"self":[{"href":"https:\/\/www.lechemindetraverse.com\/en\/wp-json\/wp\/v2\/product\/4773","targetHints":{"allow":["GET"]}}],"collection":[{"href":"https:\/\/www.lechemindetraverse.com\/en\/wp-json\/wp\/v2\/product"}],"about":[{"href":"https:\/\/www.lechemindetraverse.com\/en\/wp-json\/wp\/v2\/types\/product"}],"replies":[{"embeddable":true,"href":"https:\/\/www.lechemindetraverse.com\/en\/wp-json\/wp\/v2\/comments?post=4773"}],"wp:featuredmedia":[{"embeddable":true,"href":"https:\/\/www.lechemindetraverse.com\/en\/wp-json\/wp\/v2\/media\/4774"}],"wp:attachment":[{"href":"https:\/\/www.lechemindetraverse.com\/en\/wp-json\/wp\/v2\/media?parent=4773"}],"wp:term":[{"taxonomy":"product_brand","embeddable":true,"href":"https:\/\/www.lechemindetraverse.com\/en\/wp-json\/wp\/v2\/product_brand?post=4773"},{"taxonomy":"product_cat","embeddable":true,"href":"https:\/\/www.lechemindetraverse.com\/en\/wp-json\/wp\/v2\/product_cat?post=4773"},{"taxonomy":"product_tag","embeddable":true,"href":"https:\/\/www.lechemindetraverse.com\/en\/wp-json\/wp\/v2\/product_tag?post=4773"}],"curies":[{"name":"wp","href":"https:\/\/api.w.org\/{rel}","templated":true}]}}