{"id":4790,"date":"2024-04-18T23:25:03","date_gmt":"2024-04-18T21:25:03","guid":{"rendered":"https:\/\/www.lechemindetraverse.com\/?post_type=product&#038;p=4790"},"modified":"2025-06-27T09:50:53","modified_gmt":"2025-06-27T07:50:53","slug":"carnet-souple-carte-du-maraudeur-version-or","status":"publish","type":"product","link":"https:\/\/www.lechemindetraverse.com\/en\/product\/papeterie\/carnets-et-journaux\/carnet-souple-carte-du-maraudeur-version-or\/","title":{"rendered":"Carnet Souple Carte du Maraudeur Version Or"},"content":{"rendered":"<p>Ce beau carnet aux couleurs de la carte du Maraudeur est joliment d\u00e9cor\u00e9 dedans comme dehors.<\/p><p>Prenez des notes, \u00e9crivez vos histoires, dessinez o\u00f9 vous voulez ! Ce journal ne demande qu&rsquo;\u00e0 servir.<\/p><p>Ce carnet Carte du Maraudeur mesure 21 x 15 cm et comprend 120 pages.<\/p>","protected":false},"excerpt":{"rendered":"<p>Carnet souple, aux couleurs de la Carte du Maraudeur.<\/p>\n<p>Pages lign\u00e9es.<\/p>\n<p>21 x 15 cm &#8211; 120 pages.<\/p>","protected":false},"featured_media":4791,"comment_status":"open","ping_status":"closed","template":"","meta":{"_seopress_robots_primary_cat":"none","_seopress_titles_title":"%%post_title%% %%sep%% %%sitetitle%%","_seopress_titles_desc":"Carnet lign\u00e9 ou journal intime, d\u00e9cor\u00e9 aux couleurs de la Carte du Maraudeur, version or. 21 x 15 cm, 120 pages.","_seopress_robots_index":""},"product_brand":[84],"product_cat":[176],"product_tag":[70],"class_list":{"0":"post-4790","1":"product","2":"type-product","3":"status-publish","4":"has-post-thumbnail","6":"product_brand-moriarty-art-project","7":"product_cat-carnets-et-journaux","8":"product_tag-maraudeurs","10":"first","11":"instock","12":"purchasable","13":"product-type-simple"},"_links":{"self":[{"href":"https:\/\/www.lechemindetraverse.com\/en\/wp-json\/wp\/v2\/product\/4790","targetHints":{"allow":["GET"]}}],"collection":[{"href":"https:\/\/www.lechemindetraverse.com\/en\/wp-json\/wp\/v2\/product"}],"about":[{"href":"https:\/\/www.lechemindetraverse.com\/en\/wp-json\/wp\/v2\/types\/product"}],"replies":[{"embeddable":true,"href":"https:\/\/www.lechemindetraverse.com\/en\/wp-json\/wp\/v2\/comments?post=4790"}],"wp:featuredmedia":[{"embeddable":true,"href":"https:\/\/www.lechemindetraverse.com\/en\/wp-json\/wp\/v2\/media\/4791"}],"wp:attachment":[{"href":"https:\/\/www.lechemindetraverse.com\/en\/wp-json\/wp\/v2\/media?parent=4790"}],"wp:term":[{"taxonomy":"product_brand","embeddable":true,"href":"https:\/\/www.lechemindetraverse.com\/en\/wp-json\/wp\/v2\/product_brand?post=4790"},{"taxonomy":"product_cat","embeddable":true,"href":"https:\/\/www.lechemindetraverse.com\/en\/wp-json\/wp\/v2\/product_cat?post=4790"},{"taxonomy":"product_tag","embeddable":true,"href":"https:\/\/www.lechemindetraverse.com\/en\/wp-json\/wp\/v2\/product_tag?post=4790"}],"curies":[{"name":"wp","href":"https:\/\/api.w.org\/{rel}","templated":true}]}}