{"id":4987,"date":"2024-06-13T23:19:02","date_gmt":"2024-06-13T21:19:02","guid":{"rendered":"https:\/\/www.lechemindetraverse.com\/?post_type=product&#038;p=4987"},"modified":"2026-03-31T22:31:41","modified_gmt":"2026-03-31T20:31:41","slug":"crayons-de-couleur-pixies-the-wizarding-trunk","status":"publish","type":"product","link":"https:\/\/www.lechemindetraverse.com\/en\/product\/papeterie\/crayons-et-stylos\/crayons-de-couleur-pixies-the-wizarding-trunk\/","title":{"rendered":"Crayons de couleurs des Animaux Fantastiques &#8211; The Wizarding Trunk"},"content":{"rendered":"<p>Retrouvez les couleurs de vos animaux fantastiques favoris gr\u00e2ce \u00e0 cette bo\u00eete de 12 crayons de couleurs ! On y trouve :<\/p><ul class=\"wp-block-list\"><li>Rouge feu de ph\u00e9nix<\/li>\n\n<li>Bleu lutin de Cornouaille<\/li>\n\n<li>Rose pigm\u00e9e<\/li>\n\n<li>Orange crini\u00e8re de Zouwu<\/li>\n\n<li>Vert Grindilow<\/li>\n\n<li>Bleu lumi\u00e8re de f\u00e9e<\/li>\n\n<li>Violet sir\u00e8ne<\/li>\n\n<li>Vert galois<\/li>\n\n<li>Marron Touffu<\/li>\n\n<li>Noir for\u00eat interdite<\/li>\n\n<li>Marron de Troll de Montagne<\/li>\n\n<li>Jaune Oiseau-Tonnerre<\/li><\/ul>","protected":false},"excerpt":{"rendered":"<p>Bo\u00eete de 12 crayons de couleur, pour dessiner vos animaux fantastiques favoris<\/p>","protected":false},"featured_media":6031,"comment_status":"open","ping_status":"closed","template":"","meta":{"_seopress_robots_primary_cat":"none","_seopress_titles_title":"%%post_title%% %%sep%% %%sitetitle%%","_seopress_titles_desc":"Bo\u00eete de 12 crayons de couleur, pour dessiner vos animaux fantastiques favoris","_seopress_robots_index":""},"product_brand":[139],"product_cat":[190],"product_tag":[],"class_list":{"0":"post-4987","1":"product","2":"type-product","3":"status-publish","4":"has-post-thumbnail","6":"product_brand-the-wizarding-trunk","7":"product_cat-crayons-et-stylos","9":"first","10":"instock","11":"shipping-taxable","12":"purchasable","13":"product-type-simple"},"_links":{"self":[{"href":"https:\/\/www.lechemindetraverse.com\/en\/wp-json\/wp\/v2\/product\/4987","targetHints":{"allow":["GET"]}}],"collection":[{"href":"https:\/\/www.lechemindetraverse.com\/en\/wp-json\/wp\/v2\/product"}],"about":[{"href":"https:\/\/www.lechemindetraverse.com\/en\/wp-json\/wp\/v2\/types\/product"}],"replies":[{"embeddable":true,"href":"https:\/\/www.lechemindetraverse.com\/en\/wp-json\/wp\/v2\/comments?post=4987"}],"wp:featuredmedia":[{"embeddable":true,"href":"https:\/\/www.lechemindetraverse.com\/en\/wp-json\/wp\/v2\/media\/6031"}],"wp:attachment":[{"href":"https:\/\/www.lechemindetraverse.com\/en\/wp-json\/wp\/v2\/media?parent=4987"}],"wp:term":[{"taxonomy":"product_brand","embeddable":true,"href":"https:\/\/www.lechemindetraverse.com\/en\/wp-json\/wp\/v2\/product_brand?post=4987"},{"taxonomy":"product_cat","embeddable":true,"href":"https:\/\/www.lechemindetraverse.com\/en\/wp-json\/wp\/v2\/product_cat?post=4987"},{"taxonomy":"product_tag","embeddable":true,"href":"https:\/\/www.lechemindetraverse.com\/en\/wp-json\/wp\/v2\/product_tag?post=4987"}],"curies":[{"name":"wp","href":"https:\/\/api.w.org\/{rel}","templated":true}]}}