{"id":5002,"date":"2024-06-18T15:46:59","date_gmt":"2024-06-18T13:46:59","guid":{"rendered":"https:\/\/www.lechemindetraverse.com\/?post_type=product&#038;p=5002"},"modified":"2025-05-27T22:21:53","modified_gmt":"2025-05-27T20:21:53","slug":"bougie-parfumee-dans-son-oeuf-doccamy-the-wizarding-trunk","status":"publish","type":"product","link":"https:\/\/www.lechemindetraverse.com\/en\/product\/apothecary\/bougies-parfumees\/bougie-parfumee-dans-son-oeuf-doccamy-the-wizarding-trunk\/","title":{"rendered":"Bougie Parfum\u00e9e dans son Oeuf d&rsquo;Occamy &#8211; The Wizarding Trunk"},"content":{"rendered":"<p>Cette belle petite bougie parfum\u00e9e est pr\u00e9sent\u00e9e dans un contenant tr\u00e8s original : un oeuf argent\u00e9 d&rsquo;occamy ! L&rsquo;oeuf est r\u00e9alis\u00e9 en c\u00e9ramique.<\/p><ul class=\"wp-block-list\"><li>Parfum : tutti frutti \/ bubble gum.<\/li>\n\n<li>Les yeux n&rsquo;apparaissent que sur la bo\u00eete, pas dans la bougie.<\/li><\/ul><p>Design par The Wizarding Trunk<\/p>","protected":false},"excerpt":{"rendered":"<p>Bougie parfum\u00e9e dans son oeuf d&rsquo;occamy en c\u00e9ramique argent\u00e9e.<\/p>","protected":false},"featured_media":6035,"comment_status":"open","ping_status":"closed","template":"","meta":{"_seopress_robots_primary_cat":"none","_seopress_titles_title":"%%post_title%% %%sep%% %%sitetitle%%","_seopress_titles_desc":"Bougie parfum\u00e9e dans son oeuf d'occamy en c\u00e9ramique argent\u00e9e. Design par The Wizarding Trunk aux USA.","_seopress_robots_index":""},"product_brand":[139],"product_cat":[167],"product_tag":[75],"class_list":{"0":"post-5002","1":"product","2":"type-product","3":"status-publish","4":"has-post-thumbnail","6":"product_brand-the-wizarding-trunk","7":"product_cat-bougies-parfumees","8":"product_tag-animaux-fantastiques","10":"first","11":"instock","12":"shipping-taxable","13":"purchasable","14":"product-type-simple"},"_links":{"self":[{"href":"https:\/\/www.lechemindetraverse.com\/en\/wp-json\/wp\/v2\/product\/5002","targetHints":{"allow":["GET"]}}],"collection":[{"href":"https:\/\/www.lechemindetraverse.com\/en\/wp-json\/wp\/v2\/product"}],"about":[{"href":"https:\/\/www.lechemindetraverse.com\/en\/wp-json\/wp\/v2\/types\/product"}],"replies":[{"embeddable":true,"href":"https:\/\/www.lechemindetraverse.com\/en\/wp-json\/wp\/v2\/comments?post=5002"}],"wp:featuredmedia":[{"embeddable":true,"href":"https:\/\/www.lechemindetraverse.com\/en\/wp-json\/wp\/v2\/media\/6035"}],"wp:attachment":[{"href":"https:\/\/www.lechemindetraverse.com\/en\/wp-json\/wp\/v2\/media?parent=5002"}],"wp:term":[{"taxonomy":"product_brand","embeddable":true,"href":"https:\/\/www.lechemindetraverse.com\/en\/wp-json\/wp\/v2\/product_brand?post=5002"},{"taxonomy":"product_cat","embeddable":true,"href":"https:\/\/www.lechemindetraverse.com\/en\/wp-json\/wp\/v2\/product_cat?post=5002"},{"taxonomy":"product_tag","embeddable":true,"href":"https:\/\/www.lechemindetraverse.com\/en\/wp-json\/wp\/v2\/product_tag?post=5002"}],"curies":[{"name":"wp","href":"https:\/\/api.w.org\/{rel}","templated":true}]}}