{"id":5297,"date":"2024-07-12T22:39:34","date_gmt":"2024-07-12T20:39:34","guid":{"rendered":"https:\/\/www.lechemindetraverse.com\/?post_type=product&#038;p=5297"},"modified":"2026-03-29T23:51:41","modified_gmt":"2026-03-29T21:51:41","slug":"carnet-rigide-et-marque-page-norbert-dragonneau","status":"publish","type":"product","link":"https:\/\/www.lechemindetraverse.com\/en\/product\/papeterie\/carnets-et-journaux\/carnet-rigide-et-marque-page-norbert-dragonneau\/","title":{"rendered":"Carnet Rigide et Marque-Page Norbert Dragonneau"},"content":{"rendered":"<p>Ce beau carnet pr\u00e9sente les initiales de Norbert Dragonneau. Il est accompagn\u00e9 de Picket le botruc, qui vous servira de marque-page ! Le carnet est joliment d\u00e9cor\u00e9 dedans comme dehors, avec quelques illustrations des Animaux Fantastiques comme le Niffleur, l&rsquo;Occamy&#8230;<\/p><p>Prenez des notes, \u00e9crivez vos histoires, dessinez o\u00f9 vous voulez ! Ce journal ne demande qu&rsquo;\u00e0 servir. Id\u00e9al pour un cosplay de Norbert Dragonneau.<\/p><p>Le carnet Norbert Dragonneau mesure 21 x 15 cm et comprend 160 pages, ainsi qu&rsquo;un ruban marque-page.<\/p>","protected":false},"excerpt":{"rendered":"<p>Carnet rigide avec \u00e9lastique, laminage dor\u00e9, avec dessins imprim\u00e9s.<\/p>\n<p>Pages lign\u00e9es et non lign\u00e9es.<\/p>\n<p>Avec marque-page Picket le Botruc !<\/p>\n<p>21 x 15 cm &#8211; 160 pages<\/p>","protected":false},"featured_media":5304,"comment_status":"open","ping_status":"closed","template":"","meta":{"_seopress_robots_primary_cat":"none","_seopress_titles_title":"%%post_title%% %%sep%% %%sitetitle%%","_seopress_titles_desc":"Carnet lign\u00e9 ou journal intime, d\u00e9cor\u00e9 aux couleurs de Norbert Dragonneau et des Animaux Fantastiques. 21 x 15 cm, 160 pages, avec botruc marque-pages.","_seopress_robots_index":""},"product_brand":[84],"product_cat":[176],"product_tag":[75,77],"class_list":{"0":"post-5297","1":"product","2":"type-product","3":"status-publish","4":"has-post-thumbnail","6":"product_brand-moriarty-art-project","7":"product_cat-carnets-et-journaux","8":"product_tag-animaux-fantastiques","9":"product_tag-norbert-dragonneau","11":"first","12":"instock","13":"purchasable","14":"product-type-simple"},"_links":{"self":[{"href":"https:\/\/www.lechemindetraverse.com\/en\/wp-json\/wp\/v2\/product\/5297","targetHints":{"allow":["GET"]}}],"collection":[{"href":"https:\/\/www.lechemindetraverse.com\/en\/wp-json\/wp\/v2\/product"}],"about":[{"href":"https:\/\/www.lechemindetraverse.com\/en\/wp-json\/wp\/v2\/types\/product"}],"replies":[{"embeddable":true,"href":"https:\/\/www.lechemindetraverse.com\/en\/wp-json\/wp\/v2\/comments?post=5297"}],"wp:featuredmedia":[{"embeddable":true,"href":"https:\/\/www.lechemindetraverse.com\/en\/wp-json\/wp\/v2\/media\/5304"}],"wp:attachment":[{"href":"https:\/\/www.lechemindetraverse.com\/en\/wp-json\/wp\/v2\/media?parent=5297"}],"wp:term":[{"taxonomy":"product_brand","embeddable":true,"href":"https:\/\/www.lechemindetraverse.com\/en\/wp-json\/wp\/v2\/product_brand?post=5297"},{"taxonomy":"product_cat","embeddable":true,"href":"https:\/\/www.lechemindetraverse.com\/en\/wp-json\/wp\/v2\/product_cat?post=5297"},{"taxonomy":"product_tag","embeddable":true,"href":"https:\/\/www.lechemindetraverse.com\/en\/wp-json\/wp\/v2\/product_tag?post=5297"}],"curies":[{"name":"wp","href":"https:\/\/api.w.org\/{rel}","templated":true}]}}