{"id":5381,"date":"2024-07-24T18:06:47","date_gmt":"2024-07-24T16:06:47","guid":{"rendered":"https:\/\/www.lechemindetraverse.com\/?post_type=product&#038;p=5381"},"modified":"2025-10-18T23:15:29","modified_gmt":"2025-10-18T21:15:29","slug":"pins-larmes-de-phoenix-mist-magic","status":"publish","type":"product","link":"https:\/\/www.lechemindetraverse.com\/en\/product\/mrs-guipure\/pins-badges-harry-potter\/pins-larmes-de-phoenix-mist-magic\/","title":{"rendered":"Pin&rsquo;s Larmes de Phoenix &#8211; Mist &amp; Magic"},"content":{"rendered":"<p>Joli pins en m\u00e9tal \u00e9maill\u00e9 repr\u00e9sentant un flacon de larmes de ph\u00e9nix. Les Larmes de Phoenix sont un ingr\u00e9dient de potion ancien et particuli\u00e8rement puissant, cependant elles sont extr\u00eamement difficiles \u00e0 obtenir et r\u00e9serv\u00e9es aux potions les plus complexes.<\/p><p>Ce pin\u2019s en \u00e9mail dur et m\u00e9tal est d\u2019une taille approximative de 40mm et vient avec une double attache papillon dans le dos.<\/p><p>Design Mist &amp; Magic, Angleterre.<\/p>","protected":false},"excerpt":{"rendered":"<p>Pin en m\u00e9tal \u00e9maill\u00e9 repr\u00e9sentant un flacon de larmes de ph\u00e9nix&#8230;<\/p>","protected":false},"featured_media":5384,"comment_status":"open","ping_status":"closed","template":"","meta":{"_seopress_robots_primary_cat":"none","_seopress_titles_title":"%%post_title%% %%sep%% %%sitetitle%%","_seopress_titles_desc":"Pin en m\u00e9tal \u00e9maill\u00e9 repr\u00e9sentant un flacon de larmes de ph\u00e9nix...","_seopress_robots_index":""},"product_brand":[171],"product_cat":[99],"product_tag":[122,59],"class_list":{"0":"post-5381","1":"product","2":"type-product","3":"status-publish","4":"has-post-thumbnail","6":"product_brand-mist-and-magic","7":"product_cat-pins-badges-harry-potter","8":"product_tag-fumseck","9":"product_tag-potions","11":"first","12":"instock","13":"shipping-taxable","14":"purchasable","15":"product-type-simple"},"_links":{"self":[{"href":"https:\/\/www.lechemindetraverse.com\/en\/wp-json\/wp\/v2\/product\/5381","targetHints":{"allow":["GET"]}}],"collection":[{"href":"https:\/\/www.lechemindetraverse.com\/en\/wp-json\/wp\/v2\/product"}],"about":[{"href":"https:\/\/www.lechemindetraverse.com\/en\/wp-json\/wp\/v2\/types\/product"}],"replies":[{"embeddable":true,"href":"https:\/\/www.lechemindetraverse.com\/en\/wp-json\/wp\/v2\/comments?post=5381"}],"wp:featuredmedia":[{"embeddable":true,"href":"https:\/\/www.lechemindetraverse.com\/en\/wp-json\/wp\/v2\/media\/5384"}],"wp:attachment":[{"href":"https:\/\/www.lechemindetraverse.com\/en\/wp-json\/wp\/v2\/media?parent=5381"}],"wp:term":[{"taxonomy":"product_brand","embeddable":true,"href":"https:\/\/www.lechemindetraverse.com\/en\/wp-json\/wp\/v2\/product_brand?post=5381"},{"taxonomy":"product_cat","embeddable":true,"href":"https:\/\/www.lechemindetraverse.com\/en\/wp-json\/wp\/v2\/product_cat?post=5381"},{"taxonomy":"product_tag","embeddable":true,"href":"https:\/\/www.lechemindetraverse.com\/en\/wp-json\/wp\/v2\/product_tag?post=5381"}],"curies":[{"name":"wp","href":"https:\/\/api.w.org\/{rel}","templated":true}]}}