{"id":5400,"date":"2024-07-24T19:14:23","date_gmt":"2024-07-24T17:14:23","guid":{"rendered":"https:\/\/www.lechemindetraverse.com\/?post_type=product&#038;p=5400"},"modified":"2025-08-18T08:19:12","modified_gmt":"2025-08-18T06:19:12","slug":"broche-magnetique-pour-pins","status":"publish","type":"product","link":"https:\/\/www.lechemindetraverse.com\/en\/product\/mrs-guipure\/pins-badges-harry-potter\/broche-magnetique-pour-pins\/","title":{"rendered":"Broche Magn\u00e9tique pour Pins"},"content":{"rendered":"<p>Ce petit accessoire r\u00e9volutionne l&rsquo;utilisation et surtout la pr\u00e9sentation de votre collection de pins ! Cette petite broche magn\u00e9tique se compose d&rsquo;une pince qui vient prendre le pic de votre pin et d&rsquo;un aimant pour accrocher votre pin n&rsquo;importe quelle surface en m\u00e9tal. Un r\u00e9frig\u00e9rateur, un tableau magn\u00e9tique, une plaque&#8230; Il n&rsquo;y a pas de limite !<\/p><p>Ces broches peuvent \u00e9galement \u00eatre utilis\u00e9es pour remplacer les pattes d&rsquo;origine de vos pin&rsquo;s. L&rsquo;arri\u00e8re est en effet lisse, contrairement aux ailettes des pins habituels, qui peuvent ab\u00eemer l&rsquo;envers de vos v\u00eatements, de vos sacs&#8230; Gr\u00e2ce \u00e0 nos broches magn\u00e9tiques, les revers sont moins ab\u00eem\u00e9s.<\/p><p>Broche en m\u00e9tal, vendue \u00e0 l&rsquo;unit\u00e9. Certains pin&rsquo;s sont \u00e9quip\u00e9s de deux attaches, il vous faudra donc commander des broches en fonction du nombre d&rsquo;attaches.<\/p>","protected":false},"excerpt":{"rendered":"<p>Attache aimant\u00e9e pour pin&rsquo;s<\/p>\n<p>Accrochez vos pin&rsquo;s sur n&rsquo;importe quelle surface m\u00e9tallique !<\/p>\n<p>Vendue \u00e0 l&rsquo;unit\u00e9.<\/p>","protected":false},"featured_media":5403,"comment_status":"open","ping_status":"closed","template":"","meta":{"_seopress_robots_primary_cat":"","_seopress_titles_title":"","_seopress_titles_desc":"Attache aimant\u00e9e pour pin's. Accrochez vos pin's sur n'importe quelle surface m\u00e9tallique ! Broche vendue \u00e0 l'unit\u00e9.","_seopress_robots_index":""},"product_brand":[134],"product_cat":[99],"product_tag":[],"class_list":{"0":"post-5400","1":"product","2":"type-product","3":"status-publish","4":"has-post-thumbnail","6":"product_brand-aurors-associes","7":"product_cat-pins-badges-harry-potter","9":"first","10":"instock","11":"shipping-taxable","12":"purchasable","13":"product-type-simple"},"_links":{"self":[{"href":"https:\/\/www.lechemindetraverse.com\/en\/wp-json\/wp\/v2\/product\/5400","targetHints":{"allow":["GET"]}}],"collection":[{"href":"https:\/\/www.lechemindetraverse.com\/en\/wp-json\/wp\/v2\/product"}],"about":[{"href":"https:\/\/www.lechemindetraverse.com\/en\/wp-json\/wp\/v2\/types\/product"}],"replies":[{"embeddable":true,"href":"https:\/\/www.lechemindetraverse.com\/en\/wp-json\/wp\/v2\/comments?post=5400"}],"wp:featuredmedia":[{"embeddable":true,"href":"https:\/\/www.lechemindetraverse.com\/en\/wp-json\/wp\/v2\/media\/5403"}],"wp:attachment":[{"href":"https:\/\/www.lechemindetraverse.com\/en\/wp-json\/wp\/v2\/media?parent=5400"}],"wp:term":[{"taxonomy":"product_brand","embeddable":true,"href":"https:\/\/www.lechemindetraverse.com\/en\/wp-json\/wp\/v2\/product_brand?post=5400"},{"taxonomy":"product_cat","embeddable":true,"href":"https:\/\/www.lechemindetraverse.com\/en\/wp-json\/wp\/v2\/product_cat?post=5400"},{"taxonomy":"product_tag","embeddable":true,"href":"https:\/\/www.lechemindetraverse.com\/en\/wp-json\/wp\/v2\/product_tag?post=5400"}],"curies":[{"name":"wp","href":"https:\/\/api.w.org\/{rel}","templated":true}]}}